{"id":5730,"date":"2015-11-10T12:50:27","date_gmt":"2015-11-10T14:50:27","guid":{"rendered":"http:\/\/singep.org.br\/12\/?page_id=5730"},"modified":"2024-09-15T15:11:33","modified_gmt":"2024-09-15T18:11:33","slug":"premiacao","status":"publish","type":"page","link":"https:\/\/singep.org.br\/12\/es\/premiacao\/","title":{"rendered":"Premiaci\u00f3n"},"content":{"rendered":"\n<p>Para concurrir a la premiaci\u00f3n, el(los) autor(es) del trabajo aprobado deben optar, en el acto de la presentaci\u00f3n, por la publicaci\u00f3n completa en los anales del SINGEP.<\/p>\n\n\n\n<p>Criterios adoptados para la selecci\u00f3n de los mejores trabajos del evento:<\/p>\n\n\n\n<p>\u2013 calidad, claridad y redacci\u00f3n del texto;<\/p>\n\n\n\n<p>\u2013 actualidad del tema del trabajo;<\/p>\n\n\n\n<p>\u2013 claridad en los objetivos;<\/p>\n\n\n\n<p>\u2013 adecuaci\u00f3n metodol\u00f3gica;<\/p>\n\n\n\n<p>F<span lang=\"es-ES\">orma de presentaci\u00f3n de los datos cuantitativos o cualitativos;<\/span><\/p>\n\n\n\n<p>\u2013 <span lang=\"es-ES\">basamento, amplitud y correcci\u00f3n en vista de los resultados obtenidos y;<\/span><\/p>\n\n\n\n<p>\u2013 <span lang=\"es-ES\">coherencia y exhaustividad de las referencias.<\/span><\/p>\n\n\n\n<p><span lang=\"es-ES\">*Criterios adoptados para la selecci\u00f3n de las mejores Tesis y Disertaciones:<\/span><\/p>\n\n\n\n<p>\u2013 <span lang=\"es-ES\">originalidad del trabajo;<\/span><\/p>\n\n\n\n<p>\u2013 <span lang=\"es-ES\">relevancia para el desarrollo cient\u00edfico, tecnol\u00f3gico, cultural, social y de innovaci\u00f3n.<\/span><\/p>\n\n\n\n<p><span lang=\"es-ES\">(*Modalidad restringida para los alumnos de los Programas de Posgrado que organizan el evento. Se considerar\u00e1n las Tesis y Disertaciones defendidas en el a\u00f1o anterior a la realizaci\u00f3n del evento. La evaluaci\u00f3n de esos trabajos estar\u00e1 a cargo de una comisi\u00f3n interna de cada programa).<\/span><\/p>\n\n\n\n<p><span lang=\"es-ES\"><b>Categor\u00edas de premiaci\u00f3n:<\/b><\/span><\/p>\n\n\n\n<p><span lang=\"es-ES\">(1) Categor\u00eda \u201cMejor Art\u00edculo Cient\u00edfico\u201d, que involucra la selecci\u00f3n del mejor trabajo de cada tema (gesti\u00f3n de proyectos, innovaci\u00f3n y emprendimiento, sostenibilidad, estrategia y marketing)<\/span><span lang=\"es-ES\">;<\/span><\/p>\n\n\n\n<p><span lang=\"es-ES\">(2) categor\u00eda \u201cMejor Relato T\u00e9cnico\u201d, que contempla la selecci\u00f3n del mejor Relato T\u00e9cnico del evento;<\/span><\/p>\n\n\n\n<p><span lang=\"es-ES\">(3) categor\u00eda \u201cMejor P\u00f3ster\u201d, que involucra la selecci\u00f3n del mejor P\u00f3ster del evento;<\/span><\/p>\n\n\n\n<p>(4) Categor\u00eda &#8220;Mejor Informe de Producto T\u00e9cnico\/Tecnol\u00f3gico &#8211; PTT&#8221;, que contempla la selecci\u00f3n del mejor PTT del evento.<\/p>\n\n\n\n<p><span lang=\"es-ES\">(5) Categor\u00eda \u201cMejor Trabajo del SINGEP\u201d, considerando la selecci\u00f3n del mejor trabajo del evento;<\/span><\/p>\n\n\n\n<p><span lang=\"es-ES\">(6) Categor\u00eda \u201cDistinci\u00f3n al M\u00e9rito\u201d para los tres mejores evaluadores del evento.<\/span><\/p>\n\n\n\n<p><span lang=\"es-ES\">(7) Categor\u00eda \u201cMejor Disertaci\u00f3n\u201d, considerando la selecci\u00f3n de las tres mejores disertaciones de los programas organizadores del evento (PPGA y PPGP UNINOVE);<\/span><\/p>\n\n\n\n<p><span lang=\"es-ES\">(8) Categor\u00eda \u201cMejor Tesis\u201d, contemplando la selecci\u00f3n de las tres mejores tesis de los programas organizadores del evento (PPGA y PPGP UNINOVE).<\/span><\/p>\n","protected":false},"excerpt":{"rendered":"<p>Para concurrir a la premiaci\u00f3n, el(los) autor(es) del trabajo aprobado deben optar, en el acto de la presentaci\u00f3n, por la publicaci\u00f3n completa en los anales del SINGEP. Criterios adoptados para la selecci\u00f3n de los mejores trabajos del evento: \u2013 calidad, claridad y redacci\u00f3n del texto; \u2013 actualidad del tema del trabajo; \u2013 claridad en los [&hellip;]<\/p>\n","protected":false},"author":1,"featured_media":0,"parent":0,"menu_order":0,"comment_status":"closed","ping_status":"open","template":"","meta":{"footnotes":""},"class_list":["post-5730","page","type-page","status-publish","hentry"],"_links":{"self":[{"href":"https:\/\/singep.org.br\/12\/es\/wp-json\/wp\/v2\/pages\/5730","targetHints":{"allow":["GET"]}}],"collection":[{"href":"https:\/\/singep.org.br\/12\/es\/wp-json\/wp\/v2\/pages"}],"about":[{"href":"https:\/\/singep.org.br\/12\/es\/wp-json\/wp\/v2\/types\/page"}],"author":[{"embeddable":true,"href":"https:\/\/singep.org.br\/12\/es\/wp-json\/wp\/v2\/users\/1"}],"replies":[{"embeddable":true,"href":"https:\/\/singep.org.br\/12\/es\/wp-json\/wp\/v2\/comments?post=5730"}],"version-history":[{"count":6,"href":"https:\/\/singep.org.br\/12\/es\/wp-json\/wp\/v2\/pages\/5730\/revisions"}],"predecessor-version":[{"id":9186,"href":"https:\/\/singep.org.br\/12\/es\/wp-json\/wp\/v2\/pages\/5730\/revisions\/9186"}],"wp:attachment":[{"href":"https:\/\/singep.org.br\/12\/es\/wp-json\/wp\/v2\/media?parent=5730"}],"curies":[{"name":"wp","href":"https:\/\/api.w.org\/{rel}","templated":true}]}}