{"id":5726,"date":"2014-05-23T14:45:15","date_gmt":"2014-05-23T17:45:15","guid":{"rendered":"http:\/\/singep.org.br\/12\/?page_id=5726"},"modified":"2024-07-19T16:01:23","modified_gmt":"2024-07-19T19:01:23","slug":"registro","status":"publish","type":"page","link":"https:\/\/singep.org.br\/12\/es\/registro\/","title":{"rendered":"Inscripciones 2024"},"content":{"rendered":"\n<p>La inscripci\u00f3n en el XII Simposio Internacional de Gesti\u00f3n, Proyectos, Innovaci\u00f3n y Sostenibilidad (XII SINGEP-CIK) permite la participaci\u00f3n en todas las actividades del evento (sesiones de presentaci\u00f3n de trabajos, conferencias, paneles, talleres, etc.). El evento ser\u00e1 en l\u00ednea.<\/p>\n\n\n\n<p>Se otorgar\u00e1n dos tipos de certificados a los participantes del evento:<\/p>\n\n\n\n<ul class=\"wp-block-list\">\n<li>Certificado de Participaci\u00f3n: otorgado a aquellos que completen la inscripci\u00f3n y realicen el pago.<\/li>\n\n\n\n<li>Certificado de Presentaci\u00f3n: para los trabajos que sean presentados por uno (o m\u00e1s) de los autores debidamente inscritos en el evento.<\/li>\n<\/ul>\n\n\n\n<figure class=\"wp-block-table\"><table><tbody><tr><td><strong>Perfil del Participante<\/strong><\/td><td><strong>Cuota de Inscripci\u00f3n<\/strong><\/td><\/tr><tr><td>Estudiantes de pregrado de UNINOVE (*)<\/td><td>Gratis<\/td><\/tr><tr><td>Estudiantes de pregrado de otras instituciones (*)<\/td><td>R$ 70,00<\/td><\/tr><tr><td>Estudiantes de posgrado (Lato Sensu o Stricto Sensu) (*)<\/td><td>R$ 190,00<\/td><\/tr><tr><td>Egresados de UNINOVE (*)<\/td><td>R$ 190,00<\/td><\/tr><tr><td>Profesores y dem\u00e1s profesionales<\/td><td>R$ 235,00<\/td><\/tr><tr><td>L\u00edderes de \u00c1rea<\/td><td>R$ 70,00<\/td><\/tr><tr><td>Asociados y voluntarios de PMI-SP (*)<\/td><td>R$ 211,00<\/td><\/tr><\/tbody><\/table><\/figure>\n\n\n\n<p><strong>(*) Prueba de estado requerida<\/strong><\/p>\n\n\n\n<p><strong>Importante<\/strong>: Para verificar su afiliaci\u00f3n con su instituci\u00f3n educativa, debe cargar un documento de prueba.<\/p>\n\n\n\n<p>Para pagar la cuota de inscripci\u00f3n mediante una factura, haga <a href=\"https:\/\/singep.org.br\/12\/inscricoes-por-empenho\/\">clic aqu\u00ed<\/a>.<\/p>\n\n\n\n<p class=\"has-white-color has-vivid-cyan-blue-background-color has-text-color has-background\">Para los autores con trabajos aceptados, al menos uno de los autores del trabajo seleccionado debe completar la inscripci\u00f3n antes del <strong>24 de septiembre de 2024<\/strong>, para que el trabajo sea incluido en el programa y en las actas del evento.<\/p>\n\n\n\n<div class=\"wp-block-buttons is-layout-flex wp-block-buttons-is-layout-flex\">\n<div class=\"wp-block-button has-custom-width wp-block-button__width-100\"><a class=\"wp-block-button__link has-vivid-cyan-blue-background-color has-background wp-element-button\" href=\"http:\/\/submissao.singep.org.br\/12singep\/login.php?pagina=inscricao.php\">\u00a1Reg\u00edstrese ahora!<\/a><\/div>\n<\/div>\n","protected":false},"excerpt":{"rendered":"<p>La inscripci\u00f3n en el XII Simposio Internacional de Gesti\u00f3n, Proyectos, Innovaci\u00f3n y Sostenibilidad (XII SINGEP-CIK) permite la participaci\u00f3n en todas las actividades del evento (sesiones de presentaci\u00f3n de trabajos, conferencias, paneles, talleres, etc.). El evento ser\u00e1 en l\u00ednea. Se otorgar\u00e1n dos tipos de certificados a los participantes del evento: Perfil del Participante Cuota de Inscripci\u00f3n [&hellip;]<\/p>\n","protected":false},"author":1,"featured_media":0,"parent":0,"menu_order":0,"comment_status":"closed","ping_status":"closed","template":"","meta":{"footnotes":""},"class_list":["post-5726","page","type-page","status-publish","hentry"],"_links":{"self":[{"href":"https:\/\/singep.org.br\/12\/es\/wp-json\/wp\/v2\/pages\/5726","targetHints":{"allow":["GET"]}}],"collection":[{"href":"https:\/\/singep.org.br\/12\/es\/wp-json\/wp\/v2\/pages"}],"about":[{"href":"https:\/\/singep.org.br\/12\/es\/wp-json\/wp\/v2\/types\/page"}],"author":[{"embeddable":true,"href":"https:\/\/singep.org.br\/12\/es\/wp-json\/wp\/v2\/users\/1"}],"replies":[{"embeddable":true,"href":"https:\/\/singep.org.br\/12\/es\/wp-json\/wp\/v2\/comments?post=5726"}],"version-history":[{"count":6,"href":"https:\/\/singep.org.br\/12\/es\/wp-json\/wp\/v2\/pages\/5726\/revisions"}],"predecessor-version":[{"id":9168,"href":"https:\/\/singep.org.br\/12\/es\/wp-json\/wp\/v2\/pages\/5726\/revisions\/9168"}],"wp:attachment":[{"href":"https:\/\/singep.org.br\/12\/es\/wp-json\/wp\/v2\/media?parent=5726"}],"curies":[{"name":"wp","href":"https:\/\/api.w.org\/{rel}","templated":true}]}}