{"id":5719,"date":"2015-06-18T16:40:30","date_gmt":"2015-06-18T19:40:30","guid":{"rendered":"http:\/\/singep.org.br\/12\/?page_id=5719"},"modified":"2024-10-14T20:54:16","modified_gmt":"2024-10-14T23:54:16","slug":"programacion","status":"publish","type":"page","link":"https:\/\/singep.org.br\/12\/es\/programacion\/","title":{"rendered":"PROGRAMACI\u00d3N &#8211; XII SINGEP-CIK"},"content":{"rendered":"\n<p><strong>*Hora de Bras\u00edlia (Brasil)<\/strong><\/p>\n\n\n\n<p><strong>1er D\u00cdA DEL EVENTO<\/strong><\/p>\n\n\n\n<figure class=\"wp-block-table is-style-stripes\"><table><thead><tr><th><strong>Horario*<\/strong><\/th><th><strong>23 de octubre de 2024 (Mi\u00e9rcoles)<\/strong><\/th><\/tr><\/thead><tbody><tr><td><strong>9h30<\/strong><strong><\/strong><\/td><td><strong>Acreditaci\u00f3n online \u2013 XII SINGEP-CIK<\/strong><strong><\/strong><\/td><\/tr><tr><td><strong>10h00 \u2013 10h30<\/strong><\/td><td><strong>Solemnidad de Apertura SINGEP-CIK-CCLF<\/strong><\/td><\/tr><tr><td><strong>10h30 \u2013 12h30<\/strong><\/td><td><strong>Conferencia de Apertura SINGEP-CIK-CCLF: V\u00edas colaborativas para la acci\u00f3n clim\u00e1tica (transmisi\u00f3n de ESCA Marruecos)<\/strong> <br><br><strong>Coordinaci\u00f3n y debate:<\/strong> <br>Dina Abdel Fattah (Profesora Asistente de Econom\u00eda, Escuela de Negocios, Universidad Americana de El Cairo, Egipto) <br><br><strong>Panelistas:<\/strong> <br>Majid K. El Ghaib (Profesor de Gesti\u00f3n, Director del Grupo de Investigaci\u00f3n en Innovaci\u00f3n Social y Sostenibilidad, ESCA Ecole de Management, Marruecos) <br>Sherwat Elwan Ibrahim (Profesora de Gesti\u00f3n de Operaciones, Escuela de Negocios, Universidad Americana de El Cairo, Egipto) Alex Kolker (Cient\u00edfico Clim\u00e1tico, Ocean\u00f3grafo y Ge\u00f3logo, EE. UU.) <br>Reza F. Saidi (MD, FICS, FACS, Profesor Asociado de Cirug\u00eda, Upstate Medical University de Nueva York, EE. UU.)<\/td><\/tr><tr><td><strong>12h30 \u2013 13h30<\/strong><\/td><td><strong>Receso libre<\/strong><\/td><\/tr><tr><td><strong>13h30 \u2013 15h00<\/strong><strong><\/strong><\/td><td><strong>Foro de Editores y Autores: Impacto, Ciencia Abierta e Internacionalizaci\u00f3n<\/strong> <br><br><strong>Coordinaci\u00f3n y debate:<\/strong> <br>Priscila Rezende da Costa (Directora del Programa de Posgrado en Administraci\u00f3n, PPGA-UNINOVE, y Profesora del Programa de Posgrado en Gesti\u00f3n de Proyectos, PPGP-UNINOVE). <br><br><strong>Panelistas:<\/strong> <br>Leonardo Augusto de Vasconcelos Gomes (Editor Asociado de TECHNOVATION, Editor en Jefe de IMR, y Profesor de USP)<br>Edmundo In\u00e1cio Junior (Editor en Jefe de REGEPE y Profesor de UNICAMP<strong>)<\/strong><\/td><\/tr><tr><td><strong>15h00 \u2013 15h15<\/strong><\/td><td><strong>Receso \/ Networking en salas online<\/strong><\/td><\/tr><tr><td><strong>15h15 \u2013 17h15<\/strong><\/td><td><strong>Sesiones paralelas de presentaci\u00f3n de art\u00edculos<\/strong><strong><\/strong><\/td><\/tr><tr><td><strong>17h15 \u2013 18h45<\/strong><\/td><td><strong>Sesiones paralelas de presentaci\u00f3n de PTTs (Productos T\u00e9cnico-Tecnol\u00f3gicos)<\/strong><\/td><\/tr><tr><td><strong>17h15 \u2013 18h45<\/strong><strong><\/strong><\/td><td><strong>Sesiones paralelas de presentaci\u00f3n de P\u00f3sters.<\/strong><strong><\/strong><\/td><\/tr><\/tbody><\/table><\/figure>\n\n\n\n<p><strong>2do D\u00cdA DEL EVENTO<\/strong><\/p>\n\n\n\n<figure class=\"wp-block-table is-style-stripes\"><table><thead><tr><th><strong>Horario*<\/strong><\/th><th><strong>24 de octubre de 2024 (Quinta-feira)<\/strong><\/th><\/tr><\/thead><tbody><tr><td><strong>8h45 \u2013 10h15<\/strong><strong><\/strong><\/td><td><strong>Conferencia: Investigaci\u00f3n cient\u00edfica e impacto en la sociedad: contribuciones para el logro de los Objetivos de Desarrollo Sostenible<\/strong> <br><br><strong>Coordinaci\u00f3n y debate:<\/strong> <br>Fernando Antonio Ribeiro Serra (Profesor del Programa de Posgrado en Administraci\u00f3n &#8211; PPGA-UNINOVE, y Profesor del Programa de Posgrado en Gesti\u00f3n de Proyectos &#8211; PPGP-UNINOVE). <br><br><strong>Panelistas:<\/strong> Edna Frasson de Souza Montero (Presidenta de ABEC &#8211; Asociaci\u00f3n Brasile\u00f1a de Editores Cient\u00edficos) <br>Andr\u00e9 Jun (Emerald Publishing) <br>Thais Vick y Fernanda Gusm\u00e3o (Elsevier)<br><\/td><\/tr><tr><td><strong>10h15 \u2013 10h30<\/strong><\/td><td><strong>Receso \/ Networking en salas online<\/strong><\/td><\/tr><tr><td><strong>10h30 \u2013 12h30<\/strong><\/td><td><strong>Conferencia SINGEP-CIK-CCLF: Cambio clim\u00e1tico: una perspectiva global <\/strong>(transmisi\u00f3n de ESCA Marruecos) <br><br><strong>Coordinaci\u00f3n y debate:<\/strong> <br>Nader Asgary (Profesor de Gesti\u00f3n en la Universidad de Bentley, Presidente de CIK) <br><br><strong>Panelistas:<\/strong> <br>Petros Koutrakis (Profesor de Ciencias Ambientales, Departamento de Salud Ambiental, Harvard T.H. Chan, Universidad de Harvard, EE. UU.) <br>Barrak Alahmad (Investigador &#8211; Programa de Exposici\u00f3n, Epidemiolog\u00eda y Riesgo (EER), Departamento de Salud Ambiental, Escuela de Salud P\u00fablica T.H. Chan, Universidad de Harvard, EE. UU.) <br>Carlos Ruf\u00edn (Profesor de Estrategia y Negocios Internacionales, Profesor Afiliado de Servicio P\u00fablico, Presidente de Servicio P\u00fablico y Administraci\u00f3n de Salud, Director del Programa de Maestr\u00eda en Administraci\u00f3n P\u00fablica y Maestr\u00eda en Administraci\u00f3n de Salud, Universidad de Suffolk, EE. UU.) <br>Luis Felipe Nascimento (Profesor de Gesti\u00f3n y Sostenibilidad, Universidad Federal de Rio Grande do Sul, Brasil)<\/td><\/tr><tr><td><strong>12h30 \u2013 13h30<\/strong><\/td><td><strong>Receso libre<\/strong><\/td><\/tr><tr><td><strong>13h30 \u2013 15h30<\/strong><strong><\/strong><\/td><td><strong>Sesiones paralelas de presentaci\u00f3n de art\u00edculos<\/strong><strong><\/strong><\/td><\/tr><tr><td><strong>13h30 \u2013 15h30<\/strong><\/td><td><strong>Consorcio Doctoral Internacional<\/strong> <strong>Coordinaci\u00f3n nacional:<\/strong> <br>Emerson Antonio Maccari (Profesor del Programa de Posgrado en Administraci\u00f3n &#8211; PPGA-UNINOVE, y Profesor del Programa de Posgrado en Gesti\u00f3n de Proyectos &#8211; PPGP-UNINOVE). <br><br><strong>Coordinaci\u00f3n internacional:<\/strong> Nader Asgary (Profesor de la Universidad de Bentley \u2013 EE. UU., Director del CIK \u2013 Cyrus Institute of Knowledge, y Presidente del Comit\u00e9 Organizador de la 12\u00aa Conferencia Internacional CIK).<\/td><\/tr><tr><td><strong>15h30 \u2013 15h45<\/strong><strong><\/strong><\/td><td><strong>Receso \/ Networking en salas online<\/strong><strong><\/strong><\/td><\/tr><tr><td><strong>15h45 \u2013 17h45<\/strong><\/td><td><strong>Sesiones paralelas de presentaci\u00f3n de art\u00edculos<\/strong><\/td><\/tr><tr><td><strong>15h45 \u2013 17h45<\/strong><strong><\/strong><\/td><td><strong>Paper Development Workshop (PDW) con Editores de las Revistas<\/strong><strong><\/strong><\/td><\/tr><tr><td><a><strong>17h45 \u2013 18h<\/strong><\/a><\/td><td><strong>Receso \/ Networking en salas online<\/strong><\/td><\/tr><tr><td><strong>18h00<\/strong><strong><\/strong><\/td><td><strong>Ceremonia de premios: <\/strong><strong><\/strong> <strong>Premiaci\u00f3n de los Mejores Trabajos<a href=\"#_ftn1\" id=\"_ftnref1\"><strong>[1]<\/strong><\/a> del Evento (6 categorias<a href=\"#_ftn2\" id=\"_ftnref2\"><strong>[2]<\/strong><\/a>)<\/strong><strong><\/strong> <strong>Premiaci\u00f3n de las Mejores Tesis y Dissertaciones<a href=\"#_ftn3\" id=\"_ftnref3\"><strong>[3]<\/strong><\/a> (2 categorias<a href=\"#_ftn4\" id=\"_ftnref4\"><strong>[4]<\/strong><\/a>)<\/strong><strong><\/strong><\/td><\/tr><\/tbody><\/table><\/figure>\n\n\n\n<hr class=\"wp-block-separator has-alpha-channel-opacity\"\/>\n\n\n\n<p><a href=\"#_ftnref1\" id=\"_ftn1\">[1]<\/a>Criterios adoptados para seleccionar las mejores obras del evento: calidad, claridad y redacci\u00f3n del texto; naturaleza actual del tema de trabajo; claridad de objetivos; adecuaci\u00f3n metodol\u00f3gica; forma de presentar datos cuantitativos o cualitativos; fundamentaci\u00f3n, amplitud y correcci\u00f3n en relaci\u00f3n con los resultados obtenidos; y coherencia y exhaustividad de las referencias.&nbsp;<\/p>\n\n\n\n<p><a href=\"#_ftnref2\" id=\"_ftn2\">[2]<\/a>(1) Categor\u00eda \u201cMejor Art\u00edculo Cient\u00edfico\u201d, que implica la selecci\u00f3n de los mejores trabajos en cada tema (gesti\u00f3n de proyectos, innovaci\u00f3n y emprendimiento, sostenibilidad, estrategia y marketing); (2) Categor\u00eda \u201cMejor Informe T\u00e9cnico\u201d, incluyendo la selecci\u00f3n del mejor informe t\u00e9cnico del evento; (3) Categor\u00eda \u201cMejor Cartel\u201d, que implica la selecci\u00f3n del mejor cartel del evento; (4) Categor\u00eda \u201cMejor Informe T\u00e9cnico\/Tecnol\u00f3gico de Producto \u2013 PTT\u201d, incluyendo la selecci\u00f3n del mejor PTT del evento; (5) Categor\u00eda \u201cMejor Obra del XII SINGEP\u201d, seleccionando la mejor obra del evento; y, finalmente, (6) Categor\u00eda \u201cDistinci\u00f3n al M\u00e9rito\u201d para los tres mejores evaluadores del evento.<\/p>\n\n\n\n<p><a href=\"#_ftnref3\" id=\"_ftn3\">[3]<\/a>Criterios adoptados para la selecci\u00f3n de las mejores Tesis y Disertaciones: originalidad del trabajo; su relevancia para el desarrollo cient\u00edfico, tecnol\u00f3gico, cultural, social y de innovaci\u00f3n.<\/p>\n\n\n\n<p><a href=\"#_ftnref4\" id=\"_ftn4\">[4]<\/a>(1) Categor\u00eda \u201cMejor Tesis\u201d, que implica la selecci\u00f3n de las tres mejores tesinas por programa (PPGA y PPGP UNINOVE); (2) Categor\u00eda \u201cMejor Tesis\u201d, que incluye la selecci\u00f3n de las tres mejores tesis por programa (PPGA y PPGP UNINOVE).<\/p>\n\n\n\n<p><strong>3er D\u00cdA DEL EVENTO<\/strong><\/p>\n\n\n\n<figure class=\"wp-block-table is-style-stripes\"><table><thead><tr><th><strong>Horario*<\/strong><\/th><th><strong>25 de octubre de 2024 (sexta-feira)<\/strong><\/th><\/tr><\/thead><tbody><tr><td><strong>9h00 \u2013 10h45<\/strong><strong><\/strong><\/td><td><strong>Workshop: \u201cAn\u00e1lisis de Condiciones Necesarias: Entendiendo qu\u00e9 es suficiente y qu\u00e9 es necesario en nuestros modelos\u201d<\/strong> <br><br>Luis Alberto Figueiredo de Sousa (Solvi Consultor\u00eda y Gesti\u00f3n en Negocios Empresariales, M\u00e1ster en Administraci\u00f3n por el PPGA UNINOVE) y Juliana Ribeiro Garcia Donzelli (Doctoranda en el PPGA UNINOVE).<\/td><\/tr><tr><td><strong>10h45 \u2013 11h00<\/strong><\/td><td><strong>Receso \/ Networking en salas online<\/strong><\/td><\/tr><tr><td><strong>11h00 \u2013 12h45<\/strong><strong><\/strong><\/td><td><strong>Workshop: \u201cCaminos hacia un Doctorado Sandwich y la Internacionalizaci\u00f3n de la Investigaci\u00f3n\u201d<\/strong> <br><br>Daiane Tretto da Rocha (Profesora de la UFRR, Doctoranda del PPGA-UNINOVE); Daniela C\u00edntia de Carvalho Leite Menezes (Profesora de la UFPB, y Doctoranda del PPGA-UNINOVE) y Edicley Machado (Gerente de Sales Enablement &amp; Engineering en Omron Automation y Doctorando del PPGP-UNINOVE).<\/td><\/tr><tr><td><strong>12h45 \u2013 <\/strong><strong>14h00<\/strong><\/td><td><strong>Intervalo livre<\/strong><\/td><\/tr><tr><td><strong>14h00 \u2013 15h45<\/strong><strong><\/strong><\/td><td><strong>Workshop: \u201cProspecci\u00f3n sobre bases de patentes\u201d<\/strong> <br><br>Camila Naves Arantes (Doctoranda del PPGA UNINOVE) y Katia Tregnago Cunha (Docente en el Curso de Especializaci\u00f3n en Peritaje de Propiedad Intelectual en la UFRGS, Consultora en el \u00e1rea de Propiedad Industrial y Doctoranda del PPGA UNINOVE).<\/td><\/tr><tr><td><strong>15h45 \u2013 16h00<\/strong><\/td><td><strong>Receso \/ Networking en salas online<\/strong><\/td><\/tr><tr><td><strong>16h00 \u2013 17h45<\/strong><\/td><td><strong>Workshop: \u201cToma de Decisiones e Incertidumbre: Modelado de Gesti\u00f3n con Simulaci\u00f3n Monte Carlo\u201d<\/strong> <br><br>Wanderson Dutra Gresele (Profesor de UNIOESTE, y Doctorando del PPGA UNINOVE).<\/td><\/tr><tr><td><strong>17h45 \u2013 18h00<\/strong><\/td><td><strong>Receso \/ Networking en salas online<\/strong><\/td><\/tr><tr><td><strong>18h00<\/strong><strong><\/strong><\/td><td><strong>Cierre del XII SINGEP-CIK<\/strong><strong><\/strong><\/td><\/tr><\/tbody><\/table><\/figure>\n","protected":false},"excerpt":{"rendered":"<p>*Hora de Bras\u00edlia (Brasil) 1er D\u00cdA DEL EVENTO Horario* 23 de octubre de 2024 (Mi\u00e9rcoles) 9h30 Acreditaci\u00f3n online \u2013 XII SINGEP-CIK 10h00 \u2013 10h30 Solemnidad de Apertura SINGEP-CIK-CCLF 10h30 \u2013 12h30 Conferencia de Apertura SINGEP-CIK-CCLF: V\u00edas colaborativas para la acci\u00f3n clim\u00e1tica (transmisi\u00f3n de ESCA Marruecos) Coordinaci\u00f3n y debate: Dina Abdel Fattah (Profesora Asistente de Econom\u00eda, [&hellip;]<\/p>\n","protected":false},"author":1,"featured_media":0,"parent":0,"menu_order":0,"comment_status":"closed","ping_status":"open","template":"","meta":{"footnotes":""},"class_list":["post-5719","page","type-page","status-publish","hentry"],"_links":{"self":[{"href":"https:\/\/singep.org.br\/12\/es\/wp-json\/wp\/v2\/pages\/5719","targetHints":{"allow":["GET"]}}],"collection":[{"href":"https:\/\/singep.org.br\/12\/es\/wp-json\/wp\/v2\/pages"}],"about":[{"href":"https:\/\/singep.org.br\/12\/es\/wp-json\/wp\/v2\/types\/page"}],"author":[{"embeddable":true,"href":"https:\/\/singep.org.br\/12\/es\/wp-json\/wp\/v2\/users\/1"}],"replies":[{"embeddable":true,"href":"https:\/\/singep.org.br\/12\/es\/wp-json\/wp\/v2\/comments?post=5719"}],"version-history":[{"count":31,"href":"https:\/\/singep.org.br\/12\/es\/wp-json\/wp\/v2\/pages\/5719\/revisions"}],"predecessor-version":[{"id":9264,"href":"https:\/\/singep.org.br\/12\/es\/wp-json\/wp\/v2\/pages\/5719\/revisions\/9264"}],"wp:attachment":[{"href":"https:\/\/singep.org.br\/12\/es\/wp-json\/wp\/v2\/media?parent=5719"}],"curies":[{"name":"wp","href":"https:\/\/api.w.org\/{rel}","templated":true}]}}