{"id":5692,"date":"2014-05-26T17:02:44","date_gmt":"2014-05-26T20:02:44","guid":{"rendered":"http:\/\/singep.org.br\/12\/?page_id=5692"},"modified":"2024-05-14T15:45:27","modified_gmt":"2024-05-14T18:45:27","slug":"innovacion","status":"publish","type":"page","link":"https:\/\/singep.org.br\/12\/es\/innovacion\/","title":{"rendered":"Innovaci\u00f3n y Emprendimiento"},"content":{"rendered":"\n<h3 class=\"wp-block-heading\">L\u00edderes:<\/h3>\n\n\n\n<ul class=\"wp-block-list\">\n<li>Priscila Rezende da Costa \u2013 Programa de Posgrado en Administraci\u00f3n y Programa de Posgrado en Gesti\u00f3n de Proyectos de la Universidad Nove de Julho (UNINOVE).<\/li>\n\n\n\n<li>V\u00e2nia Maria Jorge Nassif \u2013 Programa de Posgrado en Administraci\u00f3n de la Universidad Nove de Julho (UNINOVE).<\/li>\n\n\n\n<li>Claudia Brito Silva Cirani \u2013 Programa de Posgrado en Administraci\u00f3n de la Universidad Nove de Julho (UNINOVE).<\/li>\n<\/ul>\n\n\n\n<p><\/p>\n\n\n\n<h3 class=\"wp-block-heading\">Temas:<\/h3>\n\n\n\n<ol class=\"wp-block-list\" start=\"1\">\n<li>Aspectos Comportamentales de la Innovaci\u00f3n y el Emprendimiento.<\/li>\n\n\n\n<li>El agente Innovador y emprendedor.<\/li>\n\n\n\n<li>Ciencia de datos, Inteligencia Artificial e Inteligencia Anal\u00edtica para la Innovaci\u00f3n y el Emprendimiento.<\/li>\n\n\n\n<li>Teor\u00eda, Epistemolog\u00eda, M\u00e9todo y Herramientas de Investigaci\u00f3n en Innovaci\u00f3n y Emprendimiento.<\/li>\n\n\n\n<li>Ense\u00f1anza en Innovaci\u00f3n y Emprendimiento.<\/li>\n\n\n\n<li>Conocimiento, Propiedad Intelectual y Transferencia de Tecnolog\u00eda.<\/li>\n\n\n\n<li>Estrategia y Desempe\u00f1o en Innovaci\u00f3n y Emprendimiento.<\/li>\n\n\n\n<li>Organizaciones, Procesos y Proyectos Innovadores y Emprendedores.<\/li>\n\n\n\n<li>Innovaci\u00f3n y Nuevos Negocios en Servicios.<\/li>\n\n\n\n<li>Innovaci\u00f3n e Intraemprendimiento en la Administraci\u00f3n P\u00fablica.<\/li>\n\n\n\n<li>Innovaci\u00f3n y Emprendimiento Digital.<\/li>\n\n\n\n<li>Innovaci\u00f3n, Emprendimiento, Sostenibilidad, ESG y los Grandes Desaf\u00edos Globales.<\/li>\n\n\n\n<li>Redes, Ecosistemas y Pol\u00edticas de Innovaci\u00f3n y Emprendimiento.<\/li>\n\n\n\n<li>Innovaci\u00f3n y Emprendimiento en el Contexto de la Industria 4.0.<\/li>\n\n\n\n<li>T\u00f3picos Emergentes en Innovaci\u00f3n y Emprendimiento.<\/li>\n<\/ol>\n","protected":false},"excerpt":{"rendered":"<p>L\u00edderes: Temas:<\/p>\n","protected":false},"author":1,"featured_media":0,"parent":0,"menu_order":0,"comment_status":"closed","ping_status":"closed","template":"","meta":{"footnotes":""},"class_list":["post-5692","page","type-page","status-publish","hentry"],"_links":{"self":[{"href":"https:\/\/singep.org.br\/12\/es\/wp-json\/wp\/v2\/pages\/5692","targetHints":{"allow":["GET"]}}],"collection":[{"href":"https:\/\/singep.org.br\/12\/es\/wp-json\/wp\/v2\/pages"}],"about":[{"href":"https:\/\/singep.org.br\/12\/es\/wp-json\/wp\/v2\/types\/page"}],"author":[{"embeddable":true,"href":"https:\/\/singep.org.br\/12\/es\/wp-json\/wp\/v2\/users\/1"}],"replies":[{"embeddable":true,"href":"https:\/\/singep.org.br\/12\/es\/wp-json\/wp\/v2\/comments?post=5692"}],"version-history":[{"count":3,"href":"https:\/\/singep.org.br\/12\/es\/wp-json\/wp\/v2\/pages\/5692\/revisions"}],"predecessor-version":[{"id":9104,"href":"https:\/\/singep.org.br\/12\/es\/wp-json\/wp\/v2\/pages\/5692\/revisions\/9104"}],"wp:attachment":[{"href":"https:\/\/singep.org.br\/12\/es\/wp-json\/wp\/v2\/media?parent=5692"}],"curies":[{"name":"wp","href":"https:\/\/api.w.org\/{rel}","templated":true}]}}