{"id":5687,"date":"2014-05-26T16:59:19","date_gmt":"2014-05-26T19:59:19","guid":{"rendered":"http:\/\/singep.org.br\/12\/?page_id=5687"},"modified":"2024-05-14T15:44:14","modified_gmt":"2024-05-14T18:44:14","slug":"gestion-de-proyectos","status":"publish","type":"page","link":"https:\/\/singep.org.br\/12\/es\/gestion-de-proyectos\/","title":{"rendered":"Gesti\u00f3n de Proyectos"},"content":{"rendered":"\n<h3 class=\"wp-block-heading\">L\u00edderes:<\/h3>\n\n\n\n<ul class=\"wp-block-list\">\n<li>Cristiane Drebes Pedron \u2013 Programa de Posgrado en Administraci\u00f3n y Programa de Posgrado en Gesti\u00f3n de Proyectos de la Universidad Nove de Julho (UNINOVE).<\/li>\n\n\n\n<li>Jos\u00e9 Moutinho \u2013 Doctor en Administraci\u00f3n \u2013 Gesti\u00f3n de Proyectos (PPGP- Uninove) y Gestor de Proyectos en la Universidad del Estado de R\u00edo de Janeiro.<\/li>\n\n\n\n<li>Silvio Teixeira \u2013 Doctorando del Programa de Posgrado en Gesti\u00f3n de Proyectos de la Universidad Nove de Julho (UNINOVE).<\/li>\n<\/ul>\n\n\n\n<h3 class=\"wp-block-heading\">Temas:<\/h3>\n\n\n\n<ol class=\"wp-block-list\" start=\"1\">\n<li>Competencias Organizacionales e Individuales en Gesti\u00f3n de Proyectos<\/li>\n\n\n\n<li>PMO: Portafolio, Madurez y Estrategia<\/li>\n\n\n\n<li>Gesti\u00f3n de Proyectos en el Sector P\u00fablico y el Tercer Sector<\/li>\n\n\n\n<li>Gesti\u00f3n del Conocimiento y Aprendizaje en Proyectos<\/li>\n\n\n\n<li>Metodolog\u00edas y Herramientas de Gesti\u00f3n de Proyectos<\/li>\n\n\n\n<li>Sostenibilidad en Proyectos<\/li>\n\n\n\n<li>Proyectos \u00c1giles y H\u00edbridos<\/li>\n\n\n\n<li>Industria 4.0 y Gesti\u00f3n de Proyectos<\/li>\n\n\n\n<li>Gesti\u00f3n de Proyectos en Ambientes Emprendedores (por ejemplo, Startups y Fintechs)<\/li>\n\n\n\n<li>M\u00e9todos de Investigaci\u00f3n y Ense\u00f1anza en Gesti\u00f3n de Proyectos<\/li>\n\n\n\n<li>T\u00f3picos Emergentes en Gesti\u00f3n de Proyectos<\/li>\n\n\n\n<li>Gesti\u00f3n de Proyectos, Inteligencia Artificial (IA) y Objetivos de Desarrollo Sostenible (ODS) Transformando los Negocios<\/li>\n<\/ol>\n","protected":false},"excerpt":{"rendered":"<p>L\u00edderes: Temas:<\/p>\n","protected":false},"author":1,"featured_media":0,"parent":0,"menu_order":0,"comment_status":"closed","ping_status":"closed","template":"","meta":{"footnotes":""},"class_list":["post-5687","page","type-page","status-publish","hentry"],"_links":{"self":[{"href":"https:\/\/singep.org.br\/12\/es\/wp-json\/wp\/v2\/pages\/5687","targetHints":{"allow":["GET"]}}],"collection":[{"href":"https:\/\/singep.org.br\/12\/es\/wp-json\/wp\/v2\/pages"}],"about":[{"href":"https:\/\/singep.org.br\/12\/es\/wp-json\/wp\/v2\/types\/page"}],"author":[{"embeddable":true,"href":"https:\/\/singep.org.br\/12\/es\/wp-json\/wp\/v2\/users\/1"}],"replies":[{"embeddable":true,"href":"https:\/\/singep.org.br\/12\/es\/wp-json\/wp\/v2\/comments?post=5687"}],"version-history":[{"count":3,"href":"https:\/\/singep.org.br\/12\/es\/wp-json\/wp\/v2\/pages\/5687\/revisions"}],"predecessor-version":[{"id":9102,"href":"https:\/\/singep.org.br\/12\/es\/wp-json\/wp\/v2\/pages\/5687\/revisions\/9102"}],"wp:attachment":[{"href":"https:\/\/singep.org.br\/12\/es\/wp-json\/wp\/v2\/media?parent=5687"}],"curies":[{"name":"wp","href":"https:\/\/api.w.org\/{rel}","templated":true}]}}