{"id":5672,"date":"2014-05-23T12:08:52","date_gmt":"2014-05-23T15:08:52","guid":{"rendered":"http:\/\/singep.org.br\/12\/?page_id=5672"},"modified":"2024-09-25T14:51:57","modified_gmt":"2024-09-25T17:51:57","slug":"reglas-de-presentacion","status":"publish","type":"page","link":"https:\/\/singep.org.br\/12\/es\/reglas-para-enviar-los-trabajos\/reglas-de-presentacion\/","title":{"rendered":"Reglas de Presentaci\u00f3n"},"content":{"rendered":"\n<p>Los art\u00edculos cient\u00edficos, informes t\u00e9cnicos, p\u00f3steres e informes de PTT (Productos T\u00e9cnicos\/Tecnol\u00f3gicos) APROBADOS se presentar\u00e1n en sesiones orales.<\/p>\n\n\n\n<p><strong>REGLAS PARA LA PRESENTACI\u00d3N DE ART\u00cdCULOS CIENT\u00cdFICOS E INFORMES T\u00c9CNICOS<\/strong><\/p>\n\n\n\n<ul class=\"wp-block-list\">\n<li>Cada sesi\u00f3n tendr\u00e1 un coordinador responsable de presentar a los autores, controlar el tiempo de presentaci\u00f3n y organizar la discusi\u00f3n de los trabajos;<\/li>\n\n\n\n<li>Se solicita que los presentadores lleguen a la sala con al menos diez (10) minutos de anticipaci\u00f3n;<\/li>\n\n\n\n<li>Cada trabajo se presentar\u00e1 en un m\u00e1ximo de 15 minutos, y el debate ser\u00e1 promovido por el coordinador de la sesi\u00f3n al final de la \u00faltima presentaci\u00f3n;<\/li>\n\n\n\n<li>La presentaci\u00f3n debe hacerse en PowerPoint, y el formato de la presentaci\u00f3n es libre;<\/li>\n\n\n\n<li>El uso de la plantilla no es obligatorio, solo es una sugerencia;<\/li>\n\n\n\n<li>En la presentaci\u00f3n, el\/los autor(es) deben compartir su archivo compartiendo la pantalla de su computadora.<\/li>\n<\/ul>\n\n\n\n<p><strong><u><a href=\"https:\/\/singep.org.br\/12\/wp-content\/uploads\/sites\/11\/2024\/09\/Template_XIISINGEP_Apresentacao-de-Trabalhos_2024.ES_.pptx\">Plantilla de Presentaci\u00f3n para Art\u00edculos e Informes T\u00e9cnicos<\/a><\/u><\/strong><\/p>\n\n\n\n<p><\/p>\n","protected":false},"excerpt":{"rendered":"<p>Los art\u00edculos cient\u00edficos, informes t\u00e9cnicos, p\u00f3steres e informes de PTT (Productos T\u00e9cnicos\/Tecnol\u00f3gicos) APROBADOS se presentar\u00e1n en sesiones orales. REGLAS PARA LA PRESENTACI\u00d3N DE ART\u00cdCULOS CIENT\u00cdFICOS E INFORMES T\u00c9CNICOS Plantilla de Presentaci\u00f3n para Art\u00edculos e Informes T\u00e9cnicos<\/p>\n","protected":false},"author":1,"featured_media":0,"parent":5639,"menu_order":0,"comment_status":"closed","ping_status":"closed","template":"","meta":{"footnotes":""},"class_list":["post-5672","page","type-page","status-publish","hentry"],"_links":{"self":[{"href":"https:\/\/singep.org.br\/12\/es\/wp-json\/wp\/v2\/pages\/5672","targetHints":{"allow":["GET"]}}],"collection":[{"href":"https:\/\/singep.org.br\/12\/es\/wp-json\/wp\/v2\/pages"}],"about":[{"href":"https:\/\/singep.org.br\/12\/es\/wp-json\/wp\/v2\/types\/page"}],"author":[{"embeddable":true,"href":"https:\/\/singep.org.br\/12\/es\/wp-json\/wp\/v2\/users\/1"}],"replies":[{"embeddable":true,"href":"https:\/\/singep.org.br\/12\/es\/wp-json\/wp\/v2\/comments?post=5672"}],"version-history":[{"count":3,"href":"https:\/\/singep.org.br\/12\/es\/wp-json\/wp\/v2\/pages\/5672\/revisions"}],"predecessor-version":[{"id":9217,"href":"https:\/\/singep.org.br\/12\/es\/wp-json\/wp\/v2\/pages\/5672\/revisions\/9217"}],"up":[{"embeddable":true,"href":"https:\/\/singep.org.br\/12\/es\/wp-json\/wp\/v2\/pages\/5639"}],"wp:attachment":[{"href":"https:\/\/singep.org.br\/12\/es\/wp-json\/wp\/v2\/media?parent=5672"}],"curies":[{"name":"wp","href":"https:\/\/api.w.org\/{rel}","templated":true}]}}