{"id":5656,"date":"2014-05-23T14:14:29","date_gmt":"2014-05-23T17:14:29","guid":{"rendered":"http:\/\/singep.org.br\/12\/?page_id=5656"},"modified":"2024-05-14T15:20:24","modified_gmt":"2024-05-14T18:20:24","slug":"formato-para-relato-tecnico","status":"publish","type":"page","link":"https:\/\/singep.org.br\/12\/es\/reglas-para-enviar-los-trabajos\/formato-para-relato-tecnico\/","title":{"rendered":"Formato para Relato T\u00e9cnico"},"content":{"rendered":"\n<p><strong>Cada autor puede enviar, como m\u00e1ximo, 4 trabajos para el evento XII SINGEP-CIK.<\/strong><\/p>\n\n\n\n<p>Cada trabajo puede tener <strong>hasta 4 autores.<\/strong><\/p>\n\n\n\n<p>Template: El uso del template es obligatorio. Los archivos que se env\u00eden sin el template ser\u00e1n descalificados autom\u00e1ticamente. (<a href=\"https:\/\/singep.org.br\/12\/wp-content\/uploads\/sites\/11\/2024\/04\/template_XIISINGEP_Relato-Tecnico_2024.docx\">haz clic aqu\u00ed para descargar<\/a>).<\/p>\n\n\n\n<p><strong>Formato del archivo para la presentaci\u00f3n:<\/strong> PDF<\/p>\n\n\n\n<p><strong>Idioma:<\/strong> Portugu\u00e9s, Ingl\u00e9s o Espa\u00f1ol<\/p>\n\n\n\n<p><strong>Fuente del texto:<\/strong> Times New Roman, tama\u00f1o 12<\/p>\n\n\n\n<p><strong>Espaciado entre l\u00edneas:<\/strong> sencillo<\/p>\n\n\n\n<p><strong>Espaciado entre caracteres:<\/strong> normal<\/p>\n\n\n\n<p><strong>L\u00edmite de p\u00e1ginas:<\/strong> m\u00ednimo 8, m\u00e1ximo 16 p\u00e1ginas<\/p>\n\n\n\n<p><strong>Tama\u00f1o del papel:<\/strong> A4<\/p>\n\n\n\n<p><strong>M\u00e1rgenes:<\/strong> Superior: 3cm \/ Inferior: 2 cm \/ Izquierda: 3 cm \/ Derecha: 2 cm<\/p>\n\n\n\n<p><strong>P\u00e1rrafo:<\/strong> Texto Justificado<\/p>\n\n\n\n<p><strong>Paginaci\u00f3n:<\/strong> el n\u00famero de p\u00e1ginas en el pie de p\u00e1gina, alineado a la derecha, ya est\u00e1 en el template.<\/p>\n\n\n\n<p><strong>Notas:<\/strong> No deben colocarse en el pie de p\u00e1gina, sino insertarse como notas al final del texto.<\/p>\n\n\n\n<p><strong>Figuras y Tablas:<\/strong> Todas las figuras y tablas deben tener leyendas y seguir las normas de la APA. Por lo tanto, en el caso de las figuras (cuadros, gr\u00e1ficos, dibujos, etc.), las respectivas leyendas deben colocarse debajo de ellas, justificadas a la izquierda, con fuente Times New Roman, tama\u00f1o 10. En las tablas, las leyendas deben colocarse encima de ellas, deben estar centradas y tener fuente Times New Roman, tama\u00f1o 10.<\/p>\n\n\n\n<p><strong>Citas y referencias bibliogr\u00e1ficas:<\/strong> Las citas deben insertarse en el cuerpo del texto, seg\u00fan el sistema autor-fecha, a\u00f1adiendo el n\u00famero de p\u00e1gina en caso de citas directas. Las referencias bibliogr\u00e1ficas deben presentarse en orden alfab\u00e9tico al final del trabajo, de acuerdo con la norma de la American Psychological Association (APA).<\/p>\n\n\n\n<p><strong>Observaciones:<\/strong><\/p>\n\n\n\n<p>Los trabajos que no cumplan con las caracter\u00edsticas y los criterios t\u00e9cnicos requeridos no ser\u00e1n aceptados para su presentaci\u00f3n.<\/p>\n\n\n\n<p><strong>El trabajo debe enviarse en un (1) \u00fanico archivo, sin identificaci\u00f3n de autores, instituci\u00f3n ni correo electr\u00f3nico. Los trabajos cuya autor\u00eda sea identificada ser\u00e1n autom\u00e1ticamente excluidos del evento.<\/strong><\/p>\n\n\n\n<p><strong>MODALIDAD RELATO T\u00c9CNICO<\/strong><\/p>\n\n\n\n<p>El relato t\u00e9cnico o art\u00edculo tecnol\u00f3gico es el producto final de un estudio (investigaci\u00f3n aplicada o producci\u00f3n t\u00e9cnica) que describe, de manera precisa y objetiva, la situaci\u00f3n problema en el contexto organizacional y el resultado o soluci\u00f3n prescriptiva asociada. Un relato t\u00e9cnico presenta los resultados de una intervenci\u00f3n administrativa, t\u00e9cnica o gerencial en una organizaci\u00f3n realizada con criterios metodol\u00f3gicos. Son trabajos acad\u00e9micos que priorizan la descripci\u00f3n del aprendizaje, en forma de presentaci\u00f3n de resultados pr\u00e1cticos, aprendizaje este que proviene de experiencias vividas por las organizaciones\/profesionales involucrados en procesos susceptibles de ser gestionados\/mejorados mediante t\u00e9cnicas de gesti\u00f3n espec\u00edficas. Debe estar escrito con base en el rigor cient\u00edfico y metodol\u00f3gico.<\/p>\n\n\n\n<p><strong>Orientaci\u00f3n para el registro y desarrollo del relato t\u00e9cnico:<\/strong><\/p>\n\n\n\n<p>El relato t\u00e9cnico debe contener como m\u00ednimo ocho (8) y como m\u00e1ximo diecis\u00e9is (16) p\u00e1ginas, incluyendo ilustraciones, referencias y notas al pie de p\u00e1gina.<\/p>\n\n\n\n<ul class=\"wp-block-list\">\n<li>Debe privilegiar el conocimiento prescriptivo, es decir, proponer (o prescribir) soluciones para problemas enfrentados por las organizaciones;<\/li>\n\n\n\n<li>Debe estar dirigido a la soluci\u00f3n de problemas de manera pr\u00e1ctica, aunque fundamentadas en disciplinas aplicadas;<\/li>\n\n\n\n<li>Debe tener como misi\u00f3n desarrollar conocimiento sobre lo que es relevante para resolver problemas en su campo de investigaci\u00f3n.<\/li>\n<\/ul>\n\n\n\n<p><strong>Resumen Estructurado<\/strong> <em>(debe aparecer solo en la plataforma de env\u00edo):<\/em><\/p>\n\n\n\n<p>Sugerimos a los autores que preparen el resumen estructurado en un documento separado y copien y peguen cada elemento en el campo espec\u00edfico al momento del env\u00edo.<\/p>\n\n\n\n<p>El resumen estructurado del relato t\u00e9cnico incluye los siguientes elementos y su composici\u00f3n debe tener como <strong>m\u00e1ximo 250 palabras<\/strong>:<\/p>\n\n\n\n<ul class=\"wp-block-list\">\n<li>Objetivo del estudio (m\u00e1ximo 42 palabras)<\/li>\n\n\n\n<li>Relevancia\/originalidad (m\u00e1ximo 42 palabras)<\/li>\n\n\n\n<li>Metodolog\u00eda\/enfoque (m\u00e1ximo 42 palabras)<\/li>\n\n\n\n<li>Principales resultados (m\u00e1ximo 42 palabras)<\/li>\n\n\n\n<li>Contribuciones te\u00f3ricas\/metodol\u00f3gicas (m\u00e1ximo 42 palabras)<\/li>\n\n\n\n<li>Contribuciones sociales\/para la gesti\u00f3n (m\u00e1ximo 42 palabras)<\/li>\n<\/ul>\n\n\n\n<p>El T\u00edtulo, el Resumen Estructurado y las Palabras Clave deben ser escritos en dos versiones, independientemente del idioma elegido para la presentaci\u00f3n del relato t\u00e9cnico: <strong>1\u00aa versi\u00f3n en portugu\u00e9s<\/strong>; y <strong>2\u00aa versi\u00f3n en ingl\u00e9s<\/strong>.<\/p>\n\n\n\n<p><strong>Campos a completar en la plataforma de env\u00edo:<\/strong><\/p>\n\n\n\n<ul class=\"wp-block-list\">\n<li>T\u00edtulo del trabajo en portugu\u00e9s: en letras may\u00fasculas.<\/li>\n\n\n\n<li>T\u00edtulo del trabajo en ingl\u00e9s: en letras may\u00fasculas.<\/li>\n\n\n\n<li>Palabras Clave: en portugu\u00e9s, m\u00ednimo tres (3) y m\u00e1ximo cinco (5).<\/li>\n\n\n\n<li>Palabras Clave: en ingl\u00e9s, deben ser las mismas que las definidas en portugu\u00e9s.<\/li>\n\n\n\n<li>Campos del resumen estructurado: en portugu\u00e9s.<\/li>\n\n\n\n<li>Campos del resumen estructurado: en ingl\u00e9s.<\/li>\n<\/ul>\n\n\n\n<p><strong><u>Estructura sugerida para el relato t\u00e9cnico<\/u><\/strong><strong> (parte <\/strong><strong>textual<sup>1,2<\/sup><\/strong><strong>):<\/strong><\/p>\n\n\n\n<p><strong>(No incluir el resumen estructurado en el PDF, debe incluirse solo en la plataforma de env\u00edo).<\/strong><\/p>\n\n\n\n<p><sup>1<\/sup>Biancolino, Kniess, Maccari, &amp; Rabechini Jr. (2012)<\/p>\n\n\n\n<p><sup>2<\/sup>Martens, C. D. P., Pedron, C. D., &amp; Oliveira, J. C. (2021, jul.\/dez.)<\/p>\n\n\n\n<p><strong>T\u00cdTULO<\/strong> (en el idioma del texto)<\/p>\n\n\n\n<p><strong>Introducci\u00f3n:<\/strong> La introducci\u00f3n debe presentar el contexto y\/o la situaci\u00f3n problema del estudio. Debe ser breve y clara, explicando de qu\u00e9 trata el relato presentado, qu\u00e9 intervenci\u00f3n se realiz\u00f3 en la organizaci\u00f3n y qu\u00e9 ser\u00e1 analizado, explicitando el problema a ser resuelto\/relatado. Se debe dejar claro al lector el objetivo del relato y c\u00f3mo se realiz\u00f3 la investigaci\u00f3n o c\u00f3mo los autores interpretaron la informaci\u00f3n para llegar al relato. Es conveniente mostrar la secuencia de secciones del relato.<\/p>\n\n\n\n<p><strong>Referencial Te\u00f3rico:<\/strong> Se debe presentar un referencial te\u00f3rico relacionado con la intervenci\u00f3n realizada en la organizaci\u00f3n en cuesti\u00f3n. Este referencial sirve para enmarcar el relato desde el punto de vista te\u00f3rico y propiciar comparaciones con la teor\u00eda existente.<\/p>\n\n\n\n<p><strong>Metodolog\u00eda<\/strong>: Se debe explicar detalladamente c\u00f3mo se realiz\u00f3 el relato t\u00e9cnico, es decir, si se ejecut\u00f3 \u00fanicamente basado en la experiencia profesional y pr\u00e1ctica del alumno\/investigador, o si fueron necesarias otras interacciones\/participaciones (de otros profesionales) para alcanzar el objetivo del relato t\u00e9cnico. Se debe destacar qu\u00e9 habilidades profesionales se utilizaron para la observaci\u00f3n, an\u00e1lisis y soluci\u00f3n del problema, qu\u00e9 tipo de enfoque se utiliz\u00f3 (observaci\u00f3n directa, participaci\u00f3n directa, etc.). Es necesario dejar claro el problema a ser relatado. El m\u00e9todo debe tener en cuenta informaci\u00f3n primaria y secundaria que necesitan ser calificadas.<\/p>\n\n\n\n<p><strong>An\u00e1lisis y discusi\u00f3n de los resultados<\/strong>: Debe contener: Caracterizaci\u00f3n de la organizaci\u00f3n y del problema analizado; Tipo de intervenci\u00f3n y mecanismos adoptados; Descripci\u00f3n de los resultados obtenidos, An\u00e1lisis de los resultados por parte de los autores, Comparaci\u00f3n con la teor\u00eda revisada en el referencial te\u00f3rico. Cu\u00e1les son las contribuciones m\u00e1s relevantes para los temas abordados en el relato. Debe incluir su relevancia para otros casos similares y qu\u00e9 tipo de ense\u00f1anza profesional esta experiencia relatada debe ser socializada en la comunidad de profesionales.<\/p>\n\n\n\n<p><strong>Conclusiones\/Consideraciones finales y contribuciones<\/strong>: Deber\u00e1 mostrar al lector argumentos de que fue posible alcanzar los objetivos propuestos inicialmente. Aqu\u00ed se deben presentar propuestas para empresas\/proyectos que enfrenten situaciones similares a la descrita. Se deben mencionar los aspectos que limitaron el trabajo. Por \u00faltimo, se deben explicitar nuevas ideas de relatos o de trabajos de naturaleza t\u00e9cnica\/profesional.<\/p>\n\n\n\n<p><strong>Referencias<\/strong><\/p>\n\n\n\n<p><strong>Template obligatorio<\/strong>: (<a href=\"https:\/\/singep.org.br\/12\/wp-content\/uploads\/sites\/11\/2024\/04\/template_XIISINGEP_Relato-Tecnico_2024.docx\">haz clic aqu\u00ed para descargar<\/a>).<\/p>\n\n\n\n<p><strong>Env\u00edo:<\/strong> (<a href=\"https:\/\/submissao.singep.org.br\/12singep\/login.php\">haz clic aqu\u00ed para acceder al sistema<\/a>)<\/p>\n\n\n\n<p><\/p>\n","protected":false},"excerpt":{"rendered":"<p>Cada autor puede enviar, como m\u00e1ximo, 4 trabajos para el evento XII SINGEP-CIK. Cada trabajo puede tener hasta 4 autores. Template: El uso del template es obligatorio. Los archivos que se env\u00eden sin el template ser\u00e1n descalificados autom\u00e1ticamente. (haz clic aqu\u00ed para descargar). Formato del archivo para la presentaci\u00f3n: PDF Idioma: Portugu\u00e9s, Ingl\u00e9s o Espa\u00f1ol [&hellip;]<\/p>\n","protected":false},"author":1,"featured_media":0,"parent":5639,"menu_order":0,"comment_status":"closed","ping_status":"closed","template":"","meta":{"footnotes":""},"class_list":["post-5656","page","type-page","status-publish","hentry"],"_links":{"self":[{"href":"https:\/\/singep.org.br\/12\/es\/wp-json\/wp\/v2\/pages\/5656","targetHints":{"allow":["GET"]}}],"collection":[{"href":"https:\/\/singep.org.br\/12\/es\/wp-json\/wp\/v2\/pages"}],"about":[{"href":"https:\/\/singep.org.br\/12\/es\/wp-json\/wp\/v2\/types\/page"}],"author":[{"embeddable":true,"href":"https:\/\/singep.org.br\/12\/es\/wp-json\/wp\/v2\/users\/1"}],"replies":[{"embeddable":true,"href":"https:\/\/singep.org.br\/12\/es\/wp-json\/wp\/v2\/comments?post=5656"}],"version-history":[{"count":4,"href":"https:\/\/singep.org.br\/12\/es\/wp-json\/wp\/v2\/pages\/5656\/revisions"}],"predecessor-version":[{"id":9092,"href":"https:\/\/singep.org.br\/12\/es\/wp-json\/wp\/v2\/pages\/5656\/revisions\/9092"}],"up":[{"embeddable":true,"href":"https:\/\/singep.org.br\/12\/es\/wp-json\/wp\/v2\/pages\/5639"}],"wp:attachment":[{"href":"https:\/\/singep.org.br\/12\/es\/wp-json\/wp\/v2\/media?parent=5656"}],"curies":[{"name":"wp","href":"https:\/\/api.w.org\/{rel}","templated":true}]}}