{"id":5648,"date":"2014-05-23T14:09:06","date_gmt":"2014-05-23T17:09:06","guid":{"rendered":"http:\/\/singep.org.br\/12\/?page_id=5648"},"modified":"2024-05-14T15:18:12","modified_gmt":"2024-05-14T18:18:12","slug":"formato-para-articulos-cientificos","status":"publish","type":"page","link":"https:\/\/singep.org.br\/12\/es\/reglas-para-enviar-los-trabajos\/formato-para-articulos-cientificos\/","title":{"rendered":"Formato para Art\u00edculos Cient\u00edficos"},"content":{"rendered":"\n<p><strong>Cada autor puede enviar, como m\u00e1ximo, 4 trabajos para el evento XII SINGEP-CIK.<\/strong><\/p>\n\n\n\n<p>Cada trabajo puede tener <strong>hasta 4 autores.<\/strong><\/p>\n\n\n\n<p>Template: El uso del template es obligatorio. Los archivos que se env\u00eden sin el template ser\u00e1n descalificados autom\u00e1ticamente. (<a href=\"https:\/\/singep.org.br\/12\/wp-content\/uploads\/sites\/11\/2024\/04\/template_XIISINGEP_Artigo-Cientifico_2024-1.docx\">haz clic aqu\u00ed para descargar<\/a>).<\/p>\n\n\n\n<p><strong>Formato del archivo para la presentaci\u00f3n:<\/strong> PDF<\/p>\n\n\n\n<p><strong>Idioma:<\/strong> Portugu\u00e9s, Ingl\u00e9s o Espa\u00f1ol<\/p>\n\n\n\n<p><strong>Fuente del texto:<\/strong> Times New Roman, tama\u00f1o 12<\/p>\n\n\n\n<p><strong>Espaciado entre l\u00edneas:<\/strong> sencillo<\/p>\n\n\n\n<p><strong>Espaciado entre caracteres:<\/strong> normal<\/p>\n\n\n\n<p><strong>L\u00edmite de p\u00e1ginas:<\/strong> m\u00ednimo 8, m\u00e1ximo 16 p\u00e1ginas<\/p>\n\n\n\n<p><strong>Tama\u00f1o del papel:<\/strong> A4<\/p>\n\n\n\n<p><strong>M\u00e1rgenes:<\/strong> Superior: 3cm \/ Inferior: 2 cm \/ Izquierda: 3 cm \/ Derecha: 2 cm<\/p>\n\n\n\n<p><strong>P\u00e1rrafo:<\/strong> Texto Justificado<\/p>\n\n\n\n<p><strong>Paginaci\u00f3n:<\/strong> el n\u00famero de p\u00e1ginas en el pie de p\u00e1gina, alineado a la derecha, ya est\u00e1 en el template.<\/p>\n\n\n\n<p><strong>Notas:<\/strong> No deben colocarse en el pie de p\u00e1gina, sino insertarse como notas al final del texto.<\/p>\n\n\n\n<p><strong>Figuras y Tablas:<\/strong> Todas las figuras y tablas deben tener leyendas y seguir las normas de la APA. Por lo tanto, en el caso de las figuras (cuadros, gr\u00e1ficos, dibujos, etc.), las respectivas leyendas deben colocarse debajo de ellas, justificadas a la izquierda, con fuente Times New Roman, tama\u00f1o 10. En las tablas, las leyendas deben colocarse encima de ellas, deben estar centradas y tener fuente Times New Roman, tama\u00f1o 10.<\/p>\n\n\n\n<p><strong>Citas y referencias bibliogr\u00e1ficas:<\/strong> Las citas deben insertarse en el cuerpo del texto, seg\u00fan el sistema autor-fecha, a\u00f1adiendo el n\u00famero de p\u00e1gina en caso de citas directas. Las referencias bibliogr\u00e1ficas deben presentarse en orden alfab\u00e9tico al final del trabajo, de acuerdo con la norma de la American Psychological Association (APA).<\/p>\n\n\n\n<p><strong>Observaciones:<\/strong><\/p>\n\n\n\n<p>Los trabajos que no cumplan con las caracter\u00edsticas y los criterios t\u00e9cnicos requeridos no ser\u00e1n aceptados para su presentaci\u00f3n.<\/p>\n\n\n\n<p><strong>El trabajo debe enviarse en un (1) \u00fanico archivo, sin identificaci\u00f3n de autores, instituci\u00f3n ni correo electr\u00f3nico. Los trabajos cuya autor\u00eda sea identificada ser\u00e1n autom\u00e1ticamente excluidos del evento.<\/strong><\/p>\n\n\n\n<p><strong>MODALIDAD ART\u00cdCULO CIENT\u00cdFICO<\/strong><\/p>\n\n\n\n<p>El art\u00edculo cient\u00edfico debe contener un m\u00ednimo de ocho (8) y un m\u00e1ximo de diecis\u00e9is (16) p\u00e1ginas, incluyendo ilustraciones, referencias y notas al pie de p\u00e1gina.<\/p>\n\n\n\n<p><strong>Resumen Estructurado<\/strong> <em>(debe aparecer solo en la plataforma de env\u00edo):<\/em><\/p>\n\n\n\n<p>Sugerimos a los autores que preparen el resumen estructurado en un documento separado y copien y peguen cada elemento en el campo espec\u00edfico al momento del env\u00edo.<\/p>\n\n\n\n<p>El resumen estructurado del art\u00edculo cient\u00edfico incluye los siguientes elementos y su composici\u00f3n debe tener como <strong>m\u00e1ximo 250 palabras<\/strong>:<\/p>\n\n\n\n<ul class=\"wp-block-list\">\n<li>Objetivo del estudio (m\u00e1ximo 42 palabras)<\/li>\n\n\n\n<li>Relevancia\/originalidad (m\u00e1ximo 42 palabras)<\/li>\n\n\n\n<li>Metodolog\u00eda\/enfoque (m\u00e1ximo 42 palabras)<\/li>\n\n\n\n<li>Principales resultados (m\u00e1ximo 42 palabras)<\/li>\n\n\n\n<li>Contribuciones te\u00f3ricas\/metodol\u00f3gicas (m\u00e1ximo 42 palabras)<\/li>\n\n\n\n<li>Contribuciones sociales\/para la gesti\u00f3n (m\u00e1ximo 42 palabras)<\/li>\n<\/ul>\n\n\n\n<p>El T\u00edtulo, el Resumen Estructurado y las Palabras Clave deben ser escritos en dos versiones, independientemente del idioma elegido para la presentaci\u00f3n del art\u00edculo cient\u00edfico: <strong>1\u00aa versi\u00f3n en portugu\u00e9s<\/strong>; y <strong>2\u00aa versi\u00f3n en ingl\u00e9s<\/strong>.<\/p>\n\n\n\n<p><strong>Campos a completar en la plataforma de env\u00edo:<\/strong><\/p>\n\n\n\n<ul class=\"wp-block-list\">\n<li>T\u00edtulo del trabajo en portugu\u00e9s: en letras may\u00fasculas.<\/li>\n\n\n\n<li>T\u00edtulo del trabajo en ingl\u00e9s: en letras may\u00fasculas.<\/li>\n\n\n\n<li>Palabras Clave: en portugu\u00e9s, m\u00ednimo tres (3) y m\u00e1ximo cinco (5).<\/li>\n\n\n\n<li>Palabras Clave: en ingl\u00e9s, deben ser las mismas que las definidas en portugu\u00e9s.<\/li>\n\n\n\n<li>Campos del resumen estructurado: en portugu\u00e9s.<\/li>\n\n\n\n<li>Campos del resumen estructurado: en ingl\u00e9s.<\/li>\n<\/ul>\n\n\n\n<p><strong><u>Estructura sugerida para el art\u00edculo cient\u00edfico<\/u><\/strong><strong> (parte textual):<\/strong><\/p>\n\n\n\n<p><strong>(No incluir el resumen estructurado en el PDF, debe incluirse solo en la plataforma de env\u00edo).<\/strong><\/p>\n\n\n\n<ul class=\"wp-block-list\">\n<li>T\u00cdTULO (en el idioma del texto)<\/li>\n\n\n\n<li>Introducci\u00f3n (que incluya tema, problema de investigaci\u00f3n y objetivos)<\/li>\n\n\n\n<li>Marco Te\u00f3rico<\/li>\n\n\n\n<li>Metodolog\u00eda<\/li>\n\n\n\n<li>An\u00e1lisis de Resultados y Discusiones<\/li>\n\n\n\n<li>Conclusiones\/Consideraciones Finales<\/li>\n\n\n\n<li>Referencias<\/li>\n<\/ul>\n\n\n\n<p><strong>Template obligatorio<\/strong>: (<a href=\"https:\/\/singep.org.br\/12\/wp-content\/uploads\/sites\/11\/2024\/04\/template_XIISINGEP_Artigo-Cientifico_2024-1.docx\">haz clic aqu\u00ed para descargar<\/a>).<\/p>\n\n\n\n<p><strong>Env\u00edo:<\/strong> (<a href=\"https:\/\/submissao.singep.org.br\/12singep\/login.php\">haz clic aqu\u00ed para acceder al sistema<\/a>) <\/p>\n","protected":false},"excerpt":{"rendered":"<p>Cada autor puede enviar, como m\u00e1ximo, 4 trabajos para el evento XII SINGEP-CIK. Cada trabajo puede tener hasta 4 autores. Template: El uso del template es obligatorio. Los archivos que se env\u00eden sin el template ser\u00e1n descalificados autom\u00e1ticamente. (haz clic aqu\u00ed para descargar). Formato del archivo para la presentaci\u00f3n: PDF Idioma: Portugu\u00e9s, Ingl\u00e9s o Espa\u00f1ol [&hellip;]<\/p>\n","protected":false},"author":1,"featured_media":0,"parent":5639,"menu_order":0,"comment_status":"closed","ping_status":"closed","template":"","meta":{"footnotes":""},"class_list":["post-5648","page","type-page","status-publish","hentry"],"_links":{"self":[{"href":"https:\/\/singep.org.br\/12\/es\/wp-json\/wp\/v2\/pages\/5648","targetHints":{"allow":["GET"]}}],"collection":[{"href":"https:\/\/singep.org.br\/12\/es\/wp-json\/wp\/v2\/pages"}],"about":[{"href":"https:\/\/singep.org.br\/12\/es\/wp-json\/wp\/v2\/types\/page"}],"author":[{"embeddable":true,"href":"https:\/\/singep.org.br\/12\/es\/wp-json\/wp\/v2\/users\/1"}],"replies":[{"embeddable":true,"href":"https:\/\/singep.org.br\/12\/es\/wp-json\/wp\/v2\/comments?post=5648"}],"version-history":[{"count":8,"href":"https:\/\/singep.org.br\/12\/es\/wp-json\/wp\/v2\/pages\/5648\/revisions"}],"predecessor-version":[{"id":9090,"href":"https:\/\/singep.org.br\/12\/es\/wp-json\/wp\/v2\/pages\/5648\/revisions\/9090"}],"up":[{"embeddable":true,"href":"https:\/\/singep.org.br\/12\/es\/wp-json\/wp\/v2\/pages\/5639"}],"wp:attachment":[{"href":"https:\/\/singep.org.br\/12\/es\/wp-json\/wp\/v2\/media?parent=5648"}],"curies":[{"name":"wp","href":"https:\/\/api.w.org\/{rel}","templated":true}]}}