{"id":5639,"date":"2014-05-23T14:16:29","date_gmt":"2014-05-23T17:16:29","guid":{"rendered":"http:\/\/singep.org.br\/12\/?page_id=5639"},"modified":"2023-07-03T14:11:25","modified_gmt":"2023-07-03T17:11:25","slug":"reglas-para-enviar-los-trabajos","status":"publish","type":"page","link":"https:\/\/singep.org.br\/12\/es\/reglas-para-enviar-los-trabajos\/","title":{"rendered":"Reglas para env\u00edo"},"content":{"rendered":"<p>Los autores pueden presentar su trabajo en formato de <strong>art\u00edculo cient\u00edfico, relato t\u00e9cnico <\/strong>o<strong> p\u00f3ster<\/strong> para una de las seis \u00e1reas de inter\u00e9s del evento: Gesti\u00f3n de Proyectos, Innovaci\u00f3n y Emprendimiento, Sostenibilidad, Estrategia, Marketing e Industria 4.0.<br \/>\nEn el momento de la presentaci\u00f3n del trabajo (texto completo), el autor podr\u00e1 <strong>optar por publicar el texto<\/strong> <strong>completo o solo el resumen<\/strong>, en caso de aprobaci\u00f3n y presentaci\u00f3n del trabajo.<br \/>\nCada autor podr\u00e1 enviar <strong>un m\u00e1ximo de 4 trabajos<\/strong> para el evento SINGEP.<br \/>\nCada trabajo puede tener <strong>hasta 4 autores.<\/strong><br \/>\n<strong>Las secciones de presentaci\u00f3n de los trabajos aceptados en el XI SINGEP se realizar\u00e1n exclusivamente en formato VIRTUAL, el d\u00eda 26\/10\/2023.<\/strong><\/p>\n<ul>\n<li>\u00a0<a href=\"http:\/\/singep.org.br\/12\/regras-para-submissao\/formatacao-para-artigos-cientificos\/?lang=es\">Formato del Art\u00edculo Cient\u00edfico<\/a><\/li>\n<li><a href=\"http:\/\/singep.org.br\/12\/regras-para-submissao\/formatacao-para-relato-tecnico\/?lang=es\">\u00a0Formato del Relato T\u00e9cnico<\/a><\/li>\n<li>\u00a0<a href=\"http:\/\/singep.org.br\/12\/regras-para-submissao\/formatacao-poster\/\">Formato del P\u00f3ster<\/a><\/li>\n<li>\u00a0<a href=\"http:\/\/singep.org.br\/12\/regras-para-submissao\/formatacao-poster\/?lang=es\">Orientaciones para evaluadores<\/a><\/li>\n<\/ul>\n","protected":false},"excerpt":{"rendered":"<p>Los autores pueden presentar su trabajo en formato de art\u00edculo cient\u00edfico, relato t\u00e9cnico o p\u00f3ster para una de las seis \u00e1reas de inter\u00e9s del evento: Gesti\u00f3n de Proyectos, Innovaci\u00f3n y Emprendimiento, Sostenibilidad, Estrategia, Marketing e Industria 4.0. En el momento de la presentaci\u00f3n del trabajo (texto completo), el autor podr\u00e1 optar por publicar el texto [&hellip;]<\/p>\n","protected":false},"author":1,"featured_media":0,"parent":0,"menu_order":0,"comment_status":"closed","ping_status":"closed","template":"","meta":{"footnotes":""},"class_list":["post-5639","page","type-page","status-publish","hentry"],"_links":{"self":[{"href":"https:\/\/singep.org.br\/12\/es\/wp-json\/wp\/v2\/pages\/5639","targetHints":{"allow":["GET"]}}],"collection":[{"href":"https:\/\/singep.org.br\/12\/es\/wp-json\/wp\/v2\/pages"}],"about":[{"href":"https:\/\/singep.org.br\/12\/es\/wp-json\/wp\/v2\/types\/page"}],"author":[{"embeddable":true,"href":"https:\/\/singep.org.br\/12\/es\/wp-json\/wp\/v2\/users\/1"}],"replies":[{"embeddable":true,"href":"https:\/\/singep.org.br\/12\/es\/wp-json\/wp\/v2\/comments?post=5639"}],"version-history":[{"count":3,"href":"https:\/\/singep.org.br\/12\/es\/wp-json\/wp\/v2\/pages\/5639\/revisions"}],"predecessor-version":[{"id":8414,"href":"https:\/\/singep.org.br\/12\/es\/wp-json\/wp\/v2\/pages\/5639\/revisions\/8414"}],"wp:attachment":[{"href":"https:\/\/singep.org.br\/12\/es\/wp-json\/wp\/v2\/media?parent=5639"}],"curies":[{"name":"wp","href":"https:\/\/api.w.org\/{rel}","templated":true}]}}