{"id":5595,"date":"2014-05-23T15:20:11","date_gmt":"2014-05-23T18:20:11","guid":{"rendered":"http:\/\/singep.org.br\/12\/local\/"},"modified":"2024-05-14T15:47:53","modified_gmt":"2024-05-14T18:47:53","slug":"local","status":"publish","type":"page","link":"https:\/\/singep.org.br\/12\/es\/local\/","title":{"rendered":"Ubicaci\u00f3n"},"content":{"rendered":"\n<p>EL EVENTO SER\u00c1 VIRTUAL Y S\u00cdNCRONO, llevado a cabo en una plataforma digital, con acceso despu\u00e9s del login del participante.<\/p>\n\n\n","protected":false},"excerpt":{"rendered":"<p>EL EVENTO SER\u00c1 VIRTUAL Y S\u00cdNCRONO, llevado a cabo en una plataforma digital, con acceso despu\u00e9s del login del participante.<\/p>\n","protected":false},"author":1,"featured_media":0,"parent":0,"menu_order":0,"comment_status":"closed","ping_status":"closed","template":"","meta":{"footnotes":""},"class_list":["post-5595","page","type-page","status-publish","hentry"],"_links":{"self":[{"href":"https:\/\/singep.org.br\/12\/es\/wp-json\/wp\/v2\/pages\/5595","targetHints":{"allow":["GET"]}}],"collection":[{"href":"https:\/\/singep.org.br\/12\/es\/wp-json\/wp\/v2\/pages"}],"about":[{"href":"https:\/\/singep.org.br\/12\/es\/wp-json\/wp\/v2\/types\/page"}],"author":[{"embeddable":true,"href":"https:\/\/singep.org.br\/12\/es\/wp-json\/wp\/v2\/users\/1"}],"replies":[{"embeddable":true,"href":"https:\/\/singep.org.br\/12\/es\/wp-json\/wp\/v2\/comments?post=5595"}],"version-history":[{"count":3,"href":"https:\/\/singep.org.br\/12\/es\/wp-json\/wp\/v2\/pages\/5595\/revisions"}],"predecessor-version":[{"id":9107,"href":"https:\/\/singep.org.br\/12\/es\/wp-json\/wp\/v2\/pages\/5595\/revisions\/9107"}],"wp:attachment":[{"href":"https:\/\/singep.org.br\/12\/es\/wp-json\/wp\/v2\/media?parent=5595"}],"curies":[{"name":"wp","href":"https:\/\/api.w.org\/{rel}","templated":true}]}}