{"id":5569,"date":"2014-05-23T14:03:35","date_gmt":"2014-05-23T17:03:35","guid":{"rendered":"http:\/\/singep.org.br\/12\/?page_id=5569"},"modified":"2024-06-03T16:28:26","modified_gmt":"2024-06-03T19:28:26","slug":"comissao-cientifica","status":"publish","type":"page","link":"https:\/\/singep.org.br\/12\/es\/comissao-cientifica\/","title":{"rendered":"Comit\u00e9 Cient\u00edfica"},"content":{"rendered":"\n<p>Carlos Rufin, Suffolk University, EUA<br>Cibele Barsaline Martins, Universidad Federal de Santa Catarina \u2013 UFSC, Brasil<br>Cl\u00e1udia Terezinha Kniess, UNIFESP\/USJT, S\u00e3o Paulo, Brasill<br>Claudio Antonio Rojo, Universidad Estadual do Oeste do Paran\u00e1 \u2013 UNIOESTE, Paran\u00e1, Brasil<br>Ester Eliane Jeunon, Fundaci\u00f3n Pedro Leopoldo \u2013 FPL, Minas Gerais, Brasil<br>Fernando Antonio Ribeiro Serra, Universidad Nove de Julho \u2013 UNINOVE, S\u00e3o Paulo, Brasil<br>Geysler Rogis Flor Bertolini, Universidad Estadual do Oeste do Paran\u00e1 \u2013 UNIOESTE, Paran\u00e1, Brasil<br>Helo\u00edsa Candia Hollnagel, Universidad Federal de S\u00e3o Paulo \u2013 UNIFESP, Brasil<br>Jorge Ferreira da Silva, PUC-RIO, Rio de Janeiro, Brasil<br>Jos\u00e9 Edson Lara, Fundaci\u00f3n Pedro Leopoldo \u2013 FPL, Minas Gerais, Brasil<br>Marly Monteiro de Carvalho, Universidad de S\u00e3o Paulo \u2013 POLI-USP, S\u00e3o Paulo, Brasil<br>Ricardo Luiz Pereira Bueno, Universidad Federal de S\u00e3o Paulo \u2013 UNIFESP, Brasil<br>Roberto Lima Ruas, Universidad Nove de Julho \u2013 UNINOVE, S\u00e3o Paulo, Brasil<br>Roque Rabechini Jr, Universidad Nove de Julho \u2013 UNINOVE, S\u00e3o Paulo, Brasil<\/p>\n\n\n\n<p><\/p>\n\n\n\n<p><\/p>\n","protected":false},"excerpt":{"rendered":"<p>Carlos Rufin, Suffolk University, EUACibele Barsaline Martins, Universidad Federal de Santa Catarina \u2013 UFSC, BrasilCl\u00e1udia Terezinha Kniess, UNIFESP\/USJT, S\u00e3o Paulo, BrasillClaudio Antonio Rojo, Universidad Estadual do Oeste do Paran\u00e1 \u2013 UNIOESTE, Paran\u00e1, BrasilEster Eliane Jeunon, Fundaci\u00f3n Pedro Leopoldo \u2013 FPL, Minas Gerais, BrasilFernando Antonio Ribeiro Serra, Universidad Nove de Julho \u2013 UNINOVE, S\u00e3o Paulo, BrasilGeysler [&hellip;]<\/p>\n","protected":false},"author":1,"featured_media":0,"parent":0,"menu_order":0,"comment_status":"closed","ping_status":"closed","template":"","meta":{"footnotes":""},"class_list":["post-5569","page","type-page","status-publish","hentry"],"_links":{"self":[{"href":"https:\/\/singep.org.br\/12\/es\/wp-json\/wp\/v2\/pages\/5569","targetHints":{"allow":["GET"]}}],"collection":[{"href":"https:\/\/singep.org.br\/12\/es\/wp-json\/wp\/v2\/pages"}],"about":[{"href":"https:\/\/singep.org.br\/12\/es\/wp-json\/wp\/v2\/types\/page"}],"author":[{"embeddable":true,"href":"https:\/\/singep.org.br\/12\/es\/wp-json\/wp\/v2\/users\/1"}],"replies":[{"embeddable":true,"href":"https:\/\/singep.org.br\/12\/es\/wp-json\/wp\/v2\/comments?post=5569"}],"version-history":[{"count":3,"href":"https:\/\/singep.org.br\/12\/es\/wp-json\/wp\/v2\/pages\/5569\/revisions"}],"predecessor-version":[{"id":9124,"href":"https:\/\/singep.org.br\/12\/es\/wp-json\/wp\/v2\/pages\/5569\/revisions\/9124"}],"wp:attachment":[{"href":"https:\/\/singep.org.br\/12\/es\/wp-json\/wp\/v2\/media?parent=5569"}],"curies":[{"name":"wp","href":"https:\/\/api.w.org\/{rel}","templated":true}]}}