{"id":5564,"date":"2017-06-08T00:22:23","date_gmt":"2017-06-08T03:22:23","guid":{"rendered":"http:\/\/singep.org.br\/12\/?page_id=5564"},"modified":"2024-06-03T16:32:09","modified_gmt":"2024-06-03T19:32:09","slug":"vii-singep","status":"publish","type":"page","link":"https:\/\/singep.org.br\/12\/es\/vii-singep\/","title":{"rendered":"XII Singep y 12\u00b0 CIK"},"content":{"rendered":"\n<p>El XII SINPEP 2024 tiene como tema para este a\u00f1o: &#8220;<strong>Investigaci\u00f3n cient\u00edfica e impacto en la sociedad: contribuciones para el logro de los Objetivos de Desarrollo Sostenible&#8221;. <\/strong>El evento tiene como objetivo fomentar un debate rico y constructivo sobre c\u00f3mo el conocimiento cient\u00edfico puede impulsar avances significativos hacia un futuro m\u00e1s sostenible.<\/p>\n\n\n\n<p>El <strong>Simposio Internacional de Gesti\u00f3n, Proyectos, Innovaci\u00f3n y Sostenibilidad (SINGEP) <\/strong>tiene como objetivo principal ampliar el espacio para discutir los temas: Gesti\u00f3n de Proyectos, Innovaci\u00f3n y Emprendimiento, Sostenibilidad, Estrategia y Marketing.<\/p>\n\n\n\n<p>El evento est\u00e1 dirigido a un p\u00fablico acad\u00e9mico y profesional, y busca establecer conexiones entre la pr\u00e1ctica y la teor\u00eda en estas \u00e1reas. Esta iniciativa tiene como objetivo proporcionar un espacio relevante para discusiones de car\u00e1cter cient\u00edfico y tecnol\u00f3gico, con el fin de ampliar la formaci\u00f3n de profesionales de estas \u00e1reas.<\/p>\n\n\n\n<p>Nos complace anunciar la continuidad de la colaboraci\u00f3n entre SINGEP y la Conferencia Internacional del CIK (<a href=\"https:\/\/cyrusik.org\/conference\/2024\/\" target=\"_blank\" rel=\"noreferrer noopener\">CYRUS Institute of Knowledge<\/a>). El CIK es un evento organizado por investigadores de Bentley University, ESCA Ecole de Management, Southern New Hampshire University y Suffolk University. En este a\u00f1o de 2024, en el contexto de esta colaboraci\u00f3n, la ESCA Ecole de Management de Marruecos ser\u00e1 la anfitriona del evento en formato h\u00edbrido (<a href=\"https:\/\/esca.ma\/cclf-conference-casablanca-climate-leadership-forum-2024\" target=\"_blank\" rel=\"noreferrer noopener\">Casablanca Climate Leadership Forum &#8211; CCLF 2024<\/a>), proporcionando acceso a actividades on-line complementarias a las actividades tradicionales del SINGEP, que ser\u00e1n todas en formato on-line.<\/p>\n\n\n\n<p><strong>\u00a1Est\u00e9 atento a las fechas y novedades del evento!<\/strong><\/p>\n\n\n\n<p><strong>Organizaci\u00f3n<\/strong><\/p>\n\n\n\n<figure class=\"wp-block-image size-large\"><img loading=\"lazy\" decoding=\"async\" width=\"443\" height=\"364\" src=\"https:\/\/singep.org.br\/12\/wp-content\/uploads\/sites\/11\/2021\/06\/logo_ppga_ppgp_2021-1.jpg\" alt=\"\" class=\"wp-image-6597\" srcset=\"https:\/\/singep.org.br\/12\/wp-content\/uploads\/sites\/11\/2021\/06\/logo_ppga_ppgp_2021-1.jpg 443w, https:\/\/singep.org.br\/12\/wp-content\/uploads\/sites\/11\/2021\/06\/logo_ppga_ppgp_2021-1-300x247.jpg 300w, https:\/\/singep.org.br\/12\/wp-content\/uploads\/sites\/11\/2021\/06\/logo_ppga_ppgp_2021-1-150x123.jpg 150w\" sizes=\"auto, (max-width: 443px) 100vw, 443px\" \/><\/figure>\n","protected":false},"excerpt":{"rendered":"<p>El XII SINPEP 2024 tiene como tema para este a\u00f1o: &#8220;Investigaci\u00f3n cient\u00edfica e impacto en la sociedad: contribuciones para el logro de los Objetivos de Desarrollo Sostenible&#8221;. El evento tiene como objetivo fomentar un debate rico y constructivo sobre c\u00f3mo el conocimiento cient\u00edfico puede impulsar avances significativos hacia un futuro m\u00e1s sostenible. El Simposio Internacional [&hellip;]<\/p>\n","protected":false},"author":1,"featured_media":0,"parent":0,"menu_order":0,"comment_status":"closed","ping_status":"closed","template":"","meta":{"footnotes":""},"class_list":["post-5564","page","type-page","status-publish","hentry"],"_links":{"self":[{"href":"https:\/\/singep.org.br\/12\/es\/wp-json\/wp\/v2\/pages\/5564","targetHints":{"allow":["GET"]}}],"collection":[{"href":"https:\/\/singep.org.br\/12\/es\/wp-json\/wp\/v2\/pages"}],"about":[{"href":"https:\/\/singep.org.br\/12\/es\/wp-json\/wp\/v2\/types\/page"}],"author":[{"embeddable":true,"href":"https:\/\/singep.org.br\/12\/es\/wp-json\/wp\/v2\/users\/1"}],"replies":[{"embeddable":true,"href":"https:\/\/singep.org.br\/12\/es\/wp-json\/wp\/v2\/comments?post=5564"}],"version-history":[{"count":6,"href":"https:\/\/singep.org.br\/12\/es\/wp-json\/wp\/v2\/pages\/5564\/revisions"}],"predecessor-version":[{"id":9127,"href":"https:\/\/singep.org.br\/12\/es\/wp-json\/wp\/v2\/pages\/5564\/revisions\/9127"}],"wp:attachment":[{"href":"https:\/\/singep.org.br\/12\/es\/wp-json\/wp\/v2\/media?parent=5564"}],"curies":[{"name":"wp","href":"https:\/\/api.w.org\/{rel}","templated":true}]}}