{"id":7142,"date":"2021-05-03T16:11:36","date_gmt":"2021-05-03T19:11:36","guid":{"rendered":"https:\/\/singep.org.br\/12\/?page_id=7142"},"modified":"2024-05-14T14:02:28","modified_gmt":"2024-05-14T17:02:28","slug":"marketing","status":"publish","type":"page","link":"https:\/\/singep.org.br\/12\/en\/marketing\/","title":{"rendered":"Marketing"},"content":{"rendered":"\n<h3 class=\"wp-block-heading\">Theme leaders:<\/h3>\n\n\n\n<ul class=\"wp-block-list\">\n<li>Leonardo Vils \u2013 Programa de P\u00f3s-Gradua\u00e7\u00e3o em Gest\u00e3o de Projetos e Programa de P\u00f3s-Gradua\u00e7\u00e3o em Administra\u00e7\u00e3o da Universidade Nove de Julho (UNINOVE)<\/li>\n\n\n\n<li>Andr\u00e9 Torres Urdan \u2013 Programa de P\u00f3s-Gradua\u00e7\u00e3o em Administra\u00e7\u00e3o da Universidade Nove de Julho (UNINOVE)<\/li>\n\n\n\n<li>Eduardo Mesquita \u2013 Centro Universit\u00e1rio Senac \u2013 SP<\/li>\n<\/ul>\n\n\n\n<p><\/p>\n\n\n\n<h3 class=\"wp-block-heading\">Themes<\/h3>\n\n\n\n<ol class=\"wp-block-list\">\n<li>Distribution Channels<\/li>\n\n\n\n<li>Consumer Behavior<\/li>\n\n\n\n<li>Marketing Communications<\/li>\n\n\n\n<li>Teaching Marketing<\/li>\n\n\n\n<li>Marketing Strategic<\/li>\n\n\n\n<li>Brands and Product<\/li>\n\n\n\n<li>Digital Marketing<\/li>\n\n\n\n<li>Marketing, Artificial Intelligence (AI) and the Sustainable Development Goals (SDGs) Transforming Business<\/li>\n<\/ol>\n\n\n\n<p><\/p>\n","protected":false},"excerpt":{"rendered":"<p>Theme leaders: Themes<\/p>\n","protected":false},"author":1,"featured_media":0,"parent":0,"menu_order":0,"comment_status":"closed","ping_status":"closed","template":"","meta":{"footnotes":""},"class_list":["post-7142","page","type-page","status-publish","hentry"],"_links":{"self":[{"href":"https:\/\/singep.org.br\/12\/en\/wp-json\/wp\/v2\/pages\/7142","targetHints":{"allow":["GET"]}}],"collection":[{"href":"https:\/\/singep.org.br\/12\/en\/wp-json\/wp\/v2\/pages"}],"about":[{"href":"https:\/\/singep.org.br\/12\/en\/wp-json\/wp\/v2\/types\/page"}],"author":[{"embeddable":true,"href":"https:\/\/singep.org.br\/12\/en\/wp-json\/wp\/v2\/users\/1"}],"replies":[{"embeddable":true,"href":"https:\/\/singep.org.br\/12\/en\/wp-json\/wp\/v2\/comments?post=7142"}],"version-history":[{"count":6,"href":"https:\/\/singep.org.br\/12\/en\/wp-json\/wp\/v2\/pages\/7142\/revisions"}],"predecessor-version":[{"id":9036,"href":"https:\/\/singep.org.br\/12\/en\/wp-json\/wp\/v2\/pages\/7142\/revisions\/9036"}],"wp:attachment":[{"href":"https:\/\/singep.org.br\/12\/en\/wp-json\/wp\/v2\/media?parent=7142"}],"curies":[{"name":"wp","href":"https:\/\/api.w.org\/{rel}","templated":true}]}}