{"id":6762,"date":"2021-08-26T10:59:57","date_gmt":"2021-08-26T13:59:57","guid":{"rendered":"https:\/\/singep.org.br\/12\/?page_id=6762"},"modified":"2023-06-13T15:37:52","modified_gmt":"2023-06-13T18:37:52","slug":"scientific-commission","status":"publish","type":"page","link":"https:\/\/singep.org.br\/12\/en\/scientific-commission\/","title":{"rendered":"Scientific Commission"},"content":{"rendered":"\n<p>ANDR\u00c9 URDAN, PhD, UNINOVE, SP<\/p>\n\n\n\n<p>BENNY KRAMER COSTA, PhD, UNINOVE, SP<\/p>\n\n\n\n<p>CL\u00c1UDIA BRITO SILVA CIRANI, PhD, UNINOVE, SP<\/p>\n\n\n\n<p>CL\u00c0UDIA TEREZINHA KNIESS, Ph.D., UNIFESP, SP, Brazil<\/p>\n\n\n\n<p>CRISTIANE DREBES PEDRON, Ph.D., UNINOVE, SP, Brazil<\/p>\n\n\n\n<p>FERNANDO ANTONIO RIBEIRO SERRA,  Ph.D, UNINOVE, SP<\/p>\n\n\n\n<p>FL\u00c1VIO SANTINO BIZZARIAS,  Ph.D, ESPM, SP<\/p>\n\n\n\n<p>HEIDY RODRIGUEZ RAMOS,  Ph.D, UNINOVE, SP<\/p>\n\n\n\n<p>VANIA JORGE NASSIF,  Ph.D, UNINOVE, SP<\/p>\n\n\n\n<p>WALTER CARDOSO S\u00c1TYRO,  Ph.D, UNINOVE, SP<\/p>\n","protected":false},"excerpt":{"rendered":"<p>ANDR\u00c9 URDAN, PhD, UNINOVE, SP BENNY KRAMER COSTA, PhD, UNINOVE, SP CL\u00c1UDIA BRITO SILVA CIRANI, PhD, UNINOVE, SP CL\u00c0UDIA TEREZINHA KNIESS, Ph.D., UNIFESP, SP, Brazil CRISTIANE DREBES PEDRON, Ph.D., UNINOVE, SP, Brazil FERNANDO ANTONIO RIBEIRO SERRA, Ph.D, UNINOVE, SP FL\u00c1VIO SANTINO BIZZARIAS, Ph.D, ESPM, SP HEIDY RODRIGUEZ RAMOS, Ph.D, UNINOVE, SP VANIA JORGE NASSIF, Ph.D, [&hellip;]<\/p>\n","protected":false},"author":1,"featured_media":0,"parent":0,"menu_order":0,"comment_status":"closed","ping_status":"closed","template":"","meta":{"footnotes":""},"class_list":["post-6762","page","type-page","status-publish","hentry"],"_links":{"self":[{"href":"https:\/\/singep.org.br\/12\/en\/wp-json\/wp\/v2\/pages\/6762","targetHints":{"allow":["GET"]}}],"collection":[{"href":"https:\/\/singep.org.br\/12\/en\/wp-json\/wp\/v2\/pages"}],"about":[{"href":"https:\/\/singep.org.br\/12\/en\/wp-json\/wp\/v2\/types\/page"}],"author":[{"embeddable":true,"href":"https:\/\/singep.org.br\/12\/en\/wp-json\/wp\/v2\/users\/1"}],"replies":[{"embeddable":true,"href":"https:\/\/singep.org.br\/12\/en\/wp-json\/wp\/v2\/comments?post=6762"}],"version-history":[{"count":5,"href":"https:\/\/singep.org.br\/12\/en\/wp-json\/wp\/v2\/pages\/6762\/revisions"}],"predecessor-version":[{"id":8188,"href":"https:\/\/singep.org.br\/12\/en\/wp-json\/wp\/v2\/pages\/6762\/revisions\/8188"}],"wp:attachment":[{"href":"https:\/\/singep.org.br\/12\/en\/wp-json\/wp\/v2\/media?parent=6762"}],"curies":[{"name":"wp","href":"https:\/\/api.w.org\/{rel}","templated":true}]}}