{"id":5700,"date":"2017-06-09T17:20:35","date_gmt":"2017-06-09T20:20:35","guid":{"rendered":"http:\/\/singep.org.br\/12\/?page_id=5700"},"modified":"2024-05-14T13:57:09","modified_gmt":"2024-05-14T16:57:09","slug":"strategy","status":"publish","type":"page","link":"https:\/\/singep.org.br\/12\/en\/strategy\/","title":{"rendered":"Strategy"},"content":{"rendered":"\n<p><strong>Theme Leaders: <\/strong><\/p>\n\n\n\n<ul class=\"wp-block-list\">\n<li>Fernando Antonio Ribeiro Serra \u2013 Programa de P\u00f3s-Gradua\u00e7\u00e3o em Administra\u00e7\u00e3o e Programa de P\u00f3s-Gradua\u00e7\u00e3o em Gest\u00e3o de Projetos da Universidade Nove de Julho (UNINOVE);<\/li>\n\n\n\n<li>Nairana Radke Caneppele Bussler \u2013 Mestrado em Administra\u00e7\u00e3o do Unihorizontes<\/li>\n\n\n\n<li>Carlos Ricardo Rossetto \u2013Programa de P\u00f3s-Gradua\u00e7\u00e3o em Administra\u00e7\u00e3o da Universidade do Vale do Itaja\u00ed (UNIVALI).<\/li>\n\n\n\n<li>Ivano Ribeiro \u2013 Programa de P\u00f3s-Gradua\u00e7\u00e3o em Administra\u00e7\u00e3o da Universidade Estadual do Oeste do Paran\u00e1 (UNIOESTE).<\/li>\n<\/ul>\n\n\n\n<div style=\"height:25px\" aria-hidden=\"true\" class=\"wp-block-spacer\"><\/div>\n\n\n\n<p><\/p>\n\n\n\n<h3 class=\"wp-block-heading\">Themes:<\/h3>\n\n\n\n<ol class=\"wp-block-list\">\n<li>Behavioral Strategy<\/li>\n\n\n\n<li>Corporative and Competitive Strategy<\/li>\n\n\n\n<li>Corporative and Stakeholder Strategy<\/li>\n\n\n\n<li>Internationalization and Strategy<\/li>\n\n\n\n<li>Organizations and Strategy<\/li>\n\n\n\n<li>Strategy, Leadership, and Governance<\/li>\n\n\n\n<li>Strategic Management in Third Sector and Public Management<\/li>\n\n\n\n<li>Special Topics in Strategic Management<\/li>\n\n\n\n<li>Strategy, Artificial Intelligence (AI) and Sustainable Development Goals (SDGs) Transforming Business<\/li>\n<\/ol>\n","protected":false},"excerpt":{"rendered":"<p>Theme Leaders: Themes:<\/p>\n","protected":false},"author":1,"featured_media":0,"parent":0,"menu_order":0,"comment_status":"closed","ping_status":"closed","template":"","meta":{"footnotes":""},"class_list":["post-5700","page","type-page","status-publish","hentry"],"_links":{"self":[{"href":"https:\/\/singep.org.br\/12\/en\/wp-json\/wp\/v2\/pages\/5700","targetHints":{"allow":["GET"]}}],"collection":[{"href":"https:\/\/singep.org.br\/12\/en\/wp-json\/wp\/v2\/pages"}],"about":[{"href":"https:\/\/singep.org.br\/12\/en\/wp-json\/wp\/v2\/types\/page"}],"author":[{"embeddable":true,"href":"https:\/\/singep.org.br\/12\/en\/wp-json\/wp\/v2\/users\/1"}],"replies":[{"embeddable":true,"href":"https:\/\/singep.org.br\/12\/en\/wp-json\/wp\/v2\/comments?post=5700"}],"version-history":[{"count":4,"href":"https:\/\/singep.org.br\/12\/en\/wp-json\/wp\/v2\/pages\/5700\/revisions"}],"predecessor-version":[{"id":9028,"href":"https:\/\/singep.org.br\/12\/en\/wp-json\/wp\/v2\/pages\/5700\/revisions\/9028"}],"wp:attachment":[{"href":"https:\/\/singep.org.br\/12\/en\/wp-json\/wp\/v2\/media?parent=5700"}],"curies":[{"name":"wp","href":"https:\/\/api.w.org\/{rel}","templated":true}]}}