{"id":5691,"date":"2014-05-26T17:02:44","date_gmt":"2014-05-26T20:02:44","guid":{"rendered":"http:\/\/singep.org.br\/12\/?page_id=5691"},"modified":"2024-05-14T14:01:01","modified_gmt":"2024-05-14T17:01:01","slug":"innovation","status":"publish","type":"page","link":"https:\/\/singep.org.br\/12\/en\/innovation\/","title":{"rendered":"Innovation and Entrepreneurship"},"content":{"rendered":"\n<div class=\"wp-block-group\"><div class=\"wp-block-group__inner-container is-layout-constrained wp-block-group-is-layout-constrained\">\n<h3 class=\"wp-block-heading\">Theme Leader:<\/h3>\n\n\n\n<ul class=\"wp-block-list\">\n<li>Priscila Rezende da Costa \u2013 Programa de P\u00f3s-Gradua\u00e7\u00e3o em Administra\u00e7\u00e3o e Programa de P\u00f3s-Gradua\u00e7\u00e3o em Gest\u00e3o de Projetos da Universidade Nove de Julho (UNINOVE)<\/li>\n\n\n\n<li>V\u00e2nia&nbsp;Maria Jorge Nassif \u2013 Programa de P\u00f3s-Gradua\u00e7\u00e3o em Administra\u00e7\u00e3o da Universidade Nove de Julho (UNINOVE)<\/li>\n\n\n\n<li>Claudia Brito Silva Cirani \u2013 Programa de P\u00f3s-Gradua\u00e7\u00e3o em Administra\u00e7\u00e3o da Universidade Nove de Julho (UNINOVE)<\/li>\n<\/ul>\n\n\n\n<p><\/p>\n\n\n\n<h3 class=\"wp-block-heading\">Themes:<\/h3>\n\n\n\n<ol class=\"wp-block-list\">\n<li>Innovation in Services<\/li>\n\n\n\n<li>Innovation in Public Administration<\/li>\n\n\n\n<li>Innovation and Digital Entrepreneurship<\/li>\n\n\n\n<li>Innovation and Sustainable Entrepreneurship<\/li>\n\n\n\n<li>Behavioral Aspects of Innovation and Entrepreneurship<\/li>\n\n\n\n<li>Networks, Ecosystems and Policies for Innovation and Entrepreneurship<\/li>\n\n\n\n<li>Emerging Themes in Innovation and Entrepreneurship<\/li>\n\n\n\n<li>Innovation, Entrepreneurship, Artificial Intelligence (AI) and Sustainable Development Goals (SDGs) Transforming Business<\/li>\n<\/ol>\n<\/div><\/div>\n","protected":false},"excerpt":{"rendered":"<p>Theme Leader: Themes:<\/p>\n","protected":false},"author":1,"featured_media":0,"parent":0,"menu_order":0,"comment_status":"closed","ping_status":"closed","template":"","meta":{"footnotes":""},"class_list":["post-5691","page","type-page","status-publish","hentry"],"_links":{"self":[{"href":"https:\/\/singep.org.br\/12\/en\/wp-json\/wp\/v2\/pages\/5691","targetHints":{"allow":["GET"]}}],"collection":[{"href":"https:\/\/singep.org.br\/12\/en\/wp-json\/wp\/v2\/pages"}],"about":[{"href":"https:\/\/singep.org.br\/12\/en\/wp-json\/wp\/v2\/types\/page"}],"author":[{"embeddable":true,"href":"https:\/\/singep.org.br\/12\/en\/wp-json\/wp\/v2\/users\/1"}],"replies":[{"embeddable":true,"href":"https:\/\/singep.org.br\/12\/en\/wp-json\/wp\/v2\/comments?post=5691"}],"version-history":[{"count":9,"href":"https:\/\/singep.org.br\/12\/en\/wp-json\/wp\/v2\/pages\/5691\/revisions"}],"predecessor-version":[{"id":9034,"href":"https:\/\/singep.org.br\/12\/en\/wp-json\/wp\/v2\/pages\/5691\/revisions\/9034"}],"wp:attachment":[{"href":"https:\/\/singep.org.br\/12\/en\/wp-json\/wp\/v2\/media?parent=5691"}],"curies":[{"name":"wp","href":"https:\/\/api.w.org\/{rel}","templated":true}]}}