{"id":5689,"date":"2014-05-26T16:59:19","date_gmt":"2014-05-26T19:59:19","guid":{"rendered":"http:\/\/singep.org.br\/12\/?page_id=5689"},"modified":"2024-05-14T13:59:25","modified_gmt":"2024-05-14T16:59:25","slug":"project-management","status":"publish","type":"page","link":"https:\/\/singep.org.br\/12\/en\/project-management\/","title":{"rendered":"Project Management"},"content":{"rendered":"\n<h3 class=\"wp-block-heading\">Theme Leaders:<\/h3>\n\n\n\n<ul class=\"wp-block-list\">\n<li>Cristiane Drebes Pedron \u2013 Programa de P\u00f3s-Gradua\u00e7\u00e3o em Administra\u00e7\u00e3o e do Programa de P\u00f3s-Gradua\u00e7\u00e3o em Gest\u00e3o de Projetos da Universidade Nove de Julho (UNINOVE)<\/li>\n\n\n\n<li>Jos\u00e9 Moutinho \u2013 Doutor em Administra\u00e7\u00e3o \u2013 Gest\u00e3o de Projetos (PPGP- Uninove) e Gestor de Projetos na Universidade do Estado do Rio de Janeiro<\/li>\n\n\n\n<li>Silvio Teixeira \u2013 Doutorando do Programa de P\u00f3s-Gradua\u00e7\u00e3o em Gest\u00e3o de Projetos da Universidade Nove de Julho (UNINOVE)<\/li>\n<\/ul>\n\n\n\n<p><\/p>\n\n\n\n<h3 class=\"wp-block-heading\">Themes:<\/h3>\n\n\n\n<ol class=\"wp-block-list\">\n<li>Organizational and Individual Skills in Project Management<\/li>\n\n\n\n<li>Project Management Office: Porfolio, Maturity, and Strategy<\/li>\n\n\n\n<li>Public and Third Sector Project Management<\/li>\n\n\n\n<li>Learning and Knowledgement Management in Projects<\/li>\n\n\n\n<li>Tools and Methods in Project Management<\/li>\n\n\n\n<li>Sustainability in Project Management<\/li>\n\n\n\n<li>Hybrid and Agile Projects<\/li>\n\n\n\n<li>Emerging Technologies in Project Management (e.g., IoT, Analytics, and 5G)<\/li>\n\n\n\n<li>Project Management in Entrepreneurship Environments (e.g., startups and fintechs)<\/li>\n\n\n\n<li>Research and Teaching Techniques in Project Management<\/li>\n\n\n\n<li>Emerging topics on Project Management<\/li>\n\n\n\n<li>Project Management, Artificial Intelligence (AI) and Sustainable Development Goals (SDGs) Transforming Business<\/li>\n<\/ol>\n","protected":false},"excerpt":{"rendered":"<p>Theme Leaders: Themes:<\/p>\n","protected":false},"author":1,"featured_media":0,"parent":0,"menu_order":0,"comment_status":"closed","ping_status":"closed","template":"","meta":{"footnotes":""},"class_list":["post-5689","page","type-page","status-publish","hentry"],"_links":{"self":[{"href":"https:\/\/singep.org.br\/12\/en\/wp-json\/wp\/v2\/pages\/5689","targetHints":{"allow":["GET"]}}],"collection":[{"href":"https:\/\/singep.org.br\/12\/en\/wp-json\/wp\/v2\/pages"}],"about":[{"href":"https:\/\/singep.org.br\/12\/en\/wp-json\/wp\/v2\/types\/page"}],"author":[{"embeddable":true,"href":"https:\/\/singep.org.br\/12\/en\/wp-json\/wp\/v2\/users\/1"}],"replies":[{"embeddable":true,"href":"https:\/\/singep.org.br\/12\/en\/wp-json\/wp\/v2\/comments?post=5689"}],"version-history":[{"count":5,"href":"https:\/\/singep.org.br\/12\/en\/wp-json\/wp\/v2\/pages\/5689\/revisions"}],"predecessor-version":[{"id":9032,"href":"https:\/\/singep.org.br\/12\/en\/wp-json\/wp\/v2\/pages\/5689\/revisions\/9032"}],"wp:attachment":[{"href":"https:\/\/singep.org.br\/12\/en\/wp-json\/wp\/v2\/media?parent=5689"}],"curies":[{"name":"wp","href":"https:\/\/api.w.org\/{rel}","templated":true}]}}