{"id":5599,"date":"2014-05-23T12:08:11","date_gmt":"2014-05-23T15:08:11","guid":{"rendered":"http:\/\/singep.org.br\/12\/fast-track\/"},"modified":"2024-05-14T13:32:12","modified_gmt":"2024-05-14T16:32:12","slug":"fast-track","status":"publish","type":"page","link":"https:\/\/singep.org.br\/12\/en\/fast-track\/","title":{"rendered":"Fast Track"},"content":{"rendered":"\n<p><strong>The best works will be selected for fast track in the following scientific journals<\/strong>:<\/p>\n\n\n\n<figure class=\"wp-block-table\"><table><thead><tr><th>Nome<\/th><th>Qualis 2017-2020<\/th><\/tr><\/thead><tbody><tr><td><a href=\"https:\/\/periodicos.uninove.br\/innovation\">IJI &#8211; International Journal of Innovation<\/a><\/td><td>A4<\/td><\/tr><tr><td><a href=\"https:\/\/periodicos.uninove.br\/riae\">RIAE &#8211; Revista Ibero-Americana de Estrat\u00e9gia<\/a><\/td><td>A3<\/td><\/tr><tr><td><a href=\"https:\/\/periodicos.uninove.br\/remark\">ReMark &#8211; Revista Brasileira de Marketing<\/a><\/td><td>A3<\/td><\/tr><tr><td><a href=\"https:\/\/periodicos.uninove.br\/gep\" target=\"_blank\" rel=\"noreferrer noopener\">GeP &#8211; Revista de Gest\u00e3o e Projetos<\/a><\/td><td>A4<\/td><\/tr><tr><td><a href=\"https:\/\/periodicos.uninove.br\/iptec\" target=\"_blank\" rel=\"noreferrer noopener\">IPTEC &#8211; Revista Inova\u00e7\u00e3o, Projetos e Tecnologias<\/a><\/td><td>B1<\/td><\/tr><tr><td><a href=\"https:\/\/periodicos.uninove.br\/podium\" target=\"_blank\" rel=\"noreferrer noopener\">PODIUM &#8211; Podium Sport, Leisure and Tourism Review<\/a><\/td><td>A4<\/td><\/tr><tr><td><a href=\"https:\/\/periodicos.uninove.br\/exacta\" target=\"_blank\" rel=\"noreferrer noopener\">EXACTA &#8211; Revista Exacta Engenharia de Produ\u00e7\u00e3o<\/a><\/td><td>B1<\/td><\/tr><\/tbody><\/table><\/figure>\n","protected":false},"excerpt":{"rendered":"<p>The best works will be selected for fast track in the following scientific journals: Nome Qualis 2017-2020 IJI &#8211; International Journal of Innovation A4 RIAE &#8211; Revista Ibero-Americana de Estrat\u00e9gia A3 ReMark &#8211; Revista Brasileira de Marketing A3 GeP &#8211; Revista de Gest\u00e3o e Projetos A4 IPTEC &#8211; Revista Inova\u00e7\u00e3o, Projetos e Tecnologias B1 PODIUM [&hellip;]<\/p>\n","protected":false},"author":1,"featured_media":0,"parent":0,"menu_order":0,"comment_status":"closed","ping_status":"closed","template":"","meta":{"footnotes":""},"class_list":["post-5599","page","type-page","status-publish","hentry"],"_links":{"self":[{"href":"https:\/\/singep.org.br\/12\/en\/wp-json\/wp\/v2\/pages\/5599","targetHints":{"allow":["GET"]}}],"collection":[{"href":"https:\/\/singep.org.br\/12\/en\/wp-json\/wp\/v2\/pages"}],"about":[{"href":"https:\/\/singep.org.br\/12\/en\/wp-json\/wp\/v2\/types\/page"}],"author":[{"embeddable":true,"href":"https:\/\/singep.org.br\/12\/en\/wp-json\/wp\/v2\/users\/1"}],"replies":[{"embeddable":true,"href":"https:\/\/singep.org.br\/12\/en\/wp-json\/wp\/v2\/comments?post=5599"}],"version-history":[{"count":9,"href":"https:\/\/singep.org.br\/12\/en\/wp-json\/wp\/v2\/pages\/5599\/revisions"}],"predecessor-version":[{"id":9003,"href":"https:\/\/singep.org.br\/12\/en\/wp-json\/wp\/v2\/pages\/5599\/revisions\/9003"}],"wp:attachment":[{"href":"https:\/\/singep.org.br\/12\/en\/wp-json\/wp\/v2\/media?parent=5599"}],"curies":[{"name":"wp","href":"https:\/\/api.w.org\/{rel}","templated":true}]}}