{"id":9,"date":"2017-06-08T00:22:23","date_gmt":"2017-06-08T00:22:23","guid":{"rendered":"http:\/\/singep.org.br\/11\/?page_id=9"},"modified":"2023-07-06T15:41:19","modified_gmt":"2023-07-06T18:41:19","slug":"home","status":"publish","type":"page","link":"https:\/\/singep.org.br\/11\/home\/","title":{"rendered":"XI Singep e 11\u00aa CIK"},"content":{"rendered":"\n<p>O tema central do XI SINGEP-CIK \u00e9&nbsp;<strong>\u201cIntelig\u00eancia Artificial e Desenvolvimento Sustent\u00e1vel Transformando os Neg\u00f3cios\u201d<\/strong>. Portanto, busca-se impulsionar os debates sobre os avan\u00e7os dos modelos de gest\u00e3o a partir da Intelig\u00eancia Artificial (IA) e dos Objetivos de Desenvolvimento Sustent\u00e1vel (ODS) para transformar e escalar os neg\u00f3cios, fortalecendo e expandindo as conex\u00f5es com pesquisadores e praticantes.<\/p>\n\n\n\n<p>O<strong>&nbsp;Simp\u00f3sio Internacional de Gest\u00e3o, Projetos, Inova\u00e7\u00e3o e Sustentabilidade (SINGEP)&nbsp;<\/strong>tem como principal objetivo ampliar o espa\u00e7o para a discuss\u00e3o dos temas: Gest\u00e3o de Projetos, Inova\u00e7\u00e3o e Empreendedorismo, Sustentabilidade, Estrat\u00e9gia, Marketing e Ind\u00fastria 4.0.<\/p>\n\n\n\n<p>O evento est\u00e1 voltado para o p\u00fablico acad\u00eamico e profissional e busca estabelecer contato entre a pr\u00e1tica e a teoria dessas \u00e1reas. Tal iniciativa visa proporcionar um espa\u00e7o de relev\u00e2ncia para as discuss\u00f5es, de car\u00e1ter cient\u00edfico e tecnol\u00f3gico, no intuito de ampliar a forma\u00e7\u00e3o dos profissionais dessas \u00e1reas.<\/p>\n\n\n\n<p>\u00c9 com grande satisfa\u00e7\u00e3o que comunicamos a continuidade da parceria do&nbsp;<strong>SINGEP&nbsp;<\/strong>com a&nbsp;<strong>Confer\u00eancia Internacional do CIK<\/strong>&nbsp;(CYRUS Institute of Knowledge). O CIK \u00e9 um evento organizado por pesquisadores da Bentley University, ESCA Ecole de Management, Southern New Hampshire University e Suffolk University.<\/p>\n\n\n\n<p><strong>Fique atento \u00e0s datas e \u00e0s novidades do evento!<\/strong><\/p>\n\n\n\n<h3 class=\"wp-block-heading\">Organiza\u00e7\u00e3o<\/h3>\n\n\n\n<div class=\"wp-block-group is-nowrap is-layout-flex wp-container-core-group-is-layout-ad2f72ca wp-block-group-is-layout-flex\">\n<figure class=\"wp-block-image size-full\"><a href=\"https:\/\/www.uninove.br\/ppga\"><img loading=\"lazy\" decoding=\"async\" width=\"223\" height=\"364\" src=\"https:\/\/singep.org.br\/11\/wp-content\/uploads\/sites\/10\/2022\/08\/ppga-1.jpg\" alt=\"\" class=\"wp-image-7503\" srcset=\"https:\/\/singep.org.br\/11\/wp-content\/uploads\/sites\/10\/2022\/08\/ppga-1.jpg 223w, https:\/\/singep.org.br\/11\/wp-content\/uploads\/sites\/10\/2022\/08\/ppga-1-184x300.jpg 184w, https:\/\/singep.org.br\/11\/wp-content\/uploads\/sites\/10\/2022\/08\/ppga-1-150x245.jpg 150w\" sizes=\"auto, (max-width: 223px) 100vw, 223px\" \/><\/a><\/figure>\n\n\n\n<figure class=\"wp-block-image size-full\"><a href=\"https:\/\/www.uninove.br\/ppgp\"><img loading=\"lazy\" decoding=\"async\" width=\"218\" height=\"364\" src=\"https:\/\/singep.org.br\/11\/wp-content\/uploads\/sites\/10\/2022\/08\/ppgp-1.jpg\" alt=\"\" class=\"wp-image-7505\" srcset=\"https:\/\/singep.org.br\/11\/wp-content\/uploads\/sites\/10\/2022\/08\/ppgp-1.jpg 218w, https:\/\/singep.org.br\/11\/wp-content\/uploads\/sites\/10\/2022\/08\/ppgp-1-180x300.jpg 180w, https:\/\/singep.org.br\/11\/wp-content\/uploads\/sites\/10\/2022\/08\/ppgp-1-150x250.jpg 150w\" sizes=\"auto, (max-width: 218px) 100vw, 218px\" \/><\/a><\/figure>\n<\/div>\n","protected":false},"excerpt":{"rendered":"<p>O tema central do XI SINGEP-CIK \u00e9&nbsp;\u201cIntelig\u00eancia Artificial e Desenvolvimento Sustent\u00e1vel Transformando os Neg\u00f3cios\u201d. Portanto, busca-se impulsionar os debates sobre os avan\u00e7os dos modelos de gest\u00e3o a partir da Intelig\u00eancia Artificial (IA) e dos Objetivos de Desenvolvimento Sustent\u00e1vel (ODS) para transformar e escalar os neg\u00f3cios, fortalecendo e expandindo as conex\u00f5es com pesquisadores e praticantes. O&nbsp;Simp\u00f3sio [&hellip;]<\/p>\n","protected":false},"author":1,"featured_media":0,"parent":0,"menu_order":0,"comment_status":"closed","ping_status":"closed","template":"","meta":{"footnotes":""},"class_list":["post-9","page","type-page","status-publish","hentry"],"_links":{"self":[{"href":"https:\/\/singep.org.br\/11\/wp-json\/wp\/v2\/pages\/9","targetHints":{"allow":["GET"]}}],"collection":[{"href":"https:\/\/singep.org.br\/11\/wp-json\/wp\/v2\/pages"}],"about":[{"href":"https:\/\/singep.org.br\/11\/wp-json\/wp\/v2\/types\/page"}],"author":[{"embeddable":true,"href":"https:\/\/singep.org.br\/11\/wp-json\/wp\/v2\/users\/1"}],"replies":[{"embeddable":true,"href":"https:\/\/singep.org.br\/11\/wp-json\/wp\/v2\/comments?post=9"}],"version-history":[{"count":9,"href":"https:\/\/singep.org.br\/11\/wp-json\/wp\/v2\/pages\/9\/revisions"}],"predecessor-version":[{"id":8102,"href":"https:\/\/singep.org.br\/11\/wp-json\/wp\/v2\/pages\/9\/revisions\/8102"}],"wp:attachment":[{"href":"https:\/\/singep.org.br\/11\/wp-json\/wp\/v2\/media?parent=9"}],"curies":[{"name":"wp","href":"https:\/\/api.w.org\/{rel}","templated":true}]}}