{"id":8409,"date":"2023-07-03T14:04:40","date_gmt":"2023-07-03T17:04:40","guid":{"rendered":"https:\/\/singep.org.br\/11\/?page_id=8409"},"modified":"2023-07-03T14:04:42","modified_gmt":"2023-07-03T17:04:42","slug":"orientaciones-para-los-autores","status":"publish","type":"page","link":"https:\/\/singep.org.br\/11\/orientaciones-para-los-autores\/?lang=es","title":{"rendered":"Orientaciones para los autores"},"content":{"rendered":"\n<p><strong>Reglas para env\u00edo de trabajos<\/strong><\/p>\n\n\n\n<p>Los autores pueden presentar su trabajo en formato de <strong>art\u00edculo cient\u00edfico, relato t\u00e9cnico<\/strong> o <strong>p\u00f3ster<\/strong> para una de las seis \u00e1reas de inter\u00e9s del evento: Gesti\u00f3n de Proyectos, Innovaci\u00f3n y Emprendimiento, Sostenibilidad, Estrategia, Marketing e Industria 4.0.<\/p>\n\n\n\n<p>En el momento de la presentaci\u00f3n del trabajo (texto completo), el autor podr\u00e1 <strong>optar por publicar el texto completo o solo el resumen<\/strong>, en caso de aprobaci\u00f3n y presentaci\u00f3n del trabajo.<\/p>\n\n\n\n<p>Cada autor podr\u00e1 enviar <strong>un m\u00e1ximo de 4 trabajos<\/strong> para el evento SINGEP.<\/p>\n\n\n\n<p>Cada trabajo puede tener <strong>hasta 4 autores<\/strong>.<\/p>\n\n\n\n<p><strong>Las secciones de presentaci\u00f3n de los trabajos aceptados en el XI SINGEP se realizar\u00e1n exclusivamente en formato VIRTUAL, el d\u00eda 26\/10\/2023.<\/strong><\/p>\n\n\n\n<p>Reglas para env\u00edo:&nbsp;(Haga clic aqu\u00ed para tener acceso)<\/p>\n","protected":false},"excerpt":{"rendered":"<p>Reglas para env\u00edo de trabajos Los autores pueden presentar su trabajo en formato de art\u00edculo cient\u00edfico, relato t\u00e9cnico o p\u00f3ster para una de las seis \u00e1reas de inter\u00e9s del evento: Gesti\u00f3n de Proyectos, Innovaci\u00f3n y Emprendimiento, Sostenibilidad, Estrategia, Marketing e Industria 4.0. En el momento de la presentaci\u00f3n del trabajo (texto completo), el autor podr\u00e1 [&hellip;]<\/p>\n","protected":false},"author":1,"featured_media":0,"parent":0,"menu_order":0,"comment_status":"closed","ping_status":"closed","template":"","meta":{"footnotes":""},"class_list":["post-8409","page","type-page","status-publish","hentry"],"_links":{"self":[{"href":"https:\/\/singep.org.br\/11\/wp-json\/wp\/v2\/pages\/8409","targetHints":{"allow":["GET"]}}],"collection":[{"href":"https:\/\/singep.org.br\/11\/wp-json\/wp\/v2\/pages"}],"about":[{"href":"https:\/\/singep.org.br\/11\/wp-json\/wp\/v2\/types\/page"}],"author":[{"embeddable":true,"href":"https:\/\/singep.org.br\/11\/wp-json\/wp\/v2\/users\/1"}],"replies":[{"embeddable":true,"href":"https:\/\/singep.org.br\/11\/wp-json\/wp\/v2\/comments?post=8409"}],"version-history":[{"count":1,"href":"https:\/\/singep.org.br\/11\/wp-json\/wp\/v2\/pages\/8409\/revisions"}],"predecessor-version":[{"id":8410,"href":"https:\/\/singep.org.br\/11\/wp-json\/wp\/v2\/pages\/8409\/revisions\/8410"}],"wp:attachment":[{"href":"https:\/\/singep.org.br\/11\/wp-json\/wp\/v2\/media?parent=8409"}],"curies":[{"name":"wp","href":"https:\/\/api.w.org\/{rel}","templated":true}]}}