{"id":84,"date":"2014-05-23T14:45:15","date_gmt":"2014-05-23T17:45:15","guid":{"rendered":"http:\/\/impermad.com.br\/singep\/?page_id=84"},"modified":"2023-07-03T12:33:12","modified_gmt":"2023-07-03T15:33:12","slug":"inscricoes","status":"publish","type":"page","link":"https:\/\/singep.org.br\/11\/inscricoes\/","title":{"rendered":"Inscri\u00e7\u00f5es 2023"},"content":{"rendered":"\n<p>A inscri\u00e7\u00e3o no XI Simp\u00f3sio Internacional de Gest\u00e3o, Projetos, Inova\u00e7\u00e3o e Sustentabilidade (XI SINGEP-CIK) possibilita a participa\u00e7\u00e3o em todas as atividades do evento (sess\u00f5es de apresenta\u00e7\u00e3o de trabalhos, palestras, pain\u00e9is, workshops, etc.), tanto presenciais como virtuais:<\/p>\n\n\n\n<ul class=\"wp-block-list\">\n<li>no dia 25\/10 as atividades ser\u00e3o presenciais na UNINOVE (SP);<\/li>\n\n\n\n<li>no dia 26 as atividades ser\u00e3o em formato virtual e s\u00edncrono, via plataforma web. As sess\u00f5es paralelas de apresenta\u00e7\u00e3o dos trabalhos aceitos para o evento ser\u00e3o realizadas neste dia, exclusivamente no formato online;<\/li>\n\n\n\n<li>no dia 27 as atividades ser\u00e3o em formato virtual e s\u00edncrono e tamb\u00e9m ser\u00e1 realizada uma palestra presencial na PUC-Rio (RJ).<\/li>\n<\/ul>\n\n\n\n<p>Ser\u00e3o concedidos dois tipos de certificados aos participantes do evento:<br>-Certificado de Participa\u00e7\u00e3o: concedido para aqueles que realizarem a inscri\u00e7\u00e3o e efetuarem o pagamento.<br>-Certificado de Apresenta\u00e7\u00e3o: para os trabalhos que forem apresentados por um (ou mais) dos autores do trabalho devidamente inscrito(s) no evento.<\/p>\n\n\n\n<table class=\"programacao\"><thead><tr><th>Perfil do Participante<\/th><th class=\"has-text-align-center\" data-align=\"center\">Valor da inscri\u00e7\u00e3o<\/th><\/tr><\/thead><tbody><tr><td>Estudantes de gradua\u00e7\u00e3o (*)<\/td><td class=\"has-text-align-center\" data-align=\"center\"> R$60,00<\/td><\/tr><tr><td>Estudantes de p\u00f3s-gradua\u00e7\u00e3o <br>(Lato Senso ou Stricto Senso) (*)<\/td><td class=\"has-text-align-center\" data-align=\"center\">R$180,00<\/td><\/tr><tr><td>Egressos da Uninove (*)<\/td><td class=\"has-text-align-center\" data-align=\"center\">R$180,00<\/td><\/tr><tr><td>Professores e outros profissionais<\/td><td class=\"has-text-align-center\" data-align=\"center\">R$220,00<\/td><\/tr><tr><td>Associados e volunt\u00e1rios do PMI-SP (*)<\/td> <td class=\"has-text-align-center\" data-align=\"center\">R$198,00<\/td><\/tr><\/tbody><\/table>\n\n\n\n<p><strong>* (\u00c9 necess\u00e1rio anexar um comprovante)<\/strong><\/p>\n\n\n\n<p>Os descontos n\u00e3o s\u00e3o cumulativos.<\/p>\n\n\n\n<p><\/p>\n\n\n\n<p>Para realizar o pagamento da inscri\u00e7\u00e3o por empenho, <a href=\"https:\/\/singep.org.br\/11\/inscricoes-por-empenho\/\" data-type=\"URL\" data-id=\"https:\/\/singep.org.br\/11\/inscricoes-por-empenho\/\">clique aqui<\/a><\/p>\n\n\n\n<p><\/p>\n\n\n\n<p><strong>Importante:<\/strong> Para comprovar o v\u00ednculo com a sua Institui\u00e7\u00e3o de Ensino e associa\u00e7\u00e3o, ser\u00e1 necess\u00e1rio fazer upload de algum documento comprobat\u00f3rio.<\/p>\n\n\n\n<p class=\"has-white-color has-vivid-cyan-blue-background-color has-text-color has-background\">Para os autores com trabalhos aprovados \u00e9 necess\u00e1rio que pelo menos um dos autores do trabalho selecionado efetive&nbsp;<strong>sua inscri\u00e7\u00e3o at\u00e9 o dia 25 de setembro<\/strong>&nbsp;de 2023, para que o trabalho seja inclu\u00eddo na programa\u00e7\u00e3o e nos anais do evento.<\/p>\n\n\n\n<div class=\"wp-block-buttons is-layout-flex wp-block-buttons-is-layout-flex\">\n<div class=\"wp-block-button has-custom-width wp-block-button__width-100\"><a class=\"wp-block-button__link has-vivid-cyan-blue-background-color has-background wp-element-button\" href=\"http:\/\/submissao.singep.org.br\/11singep\/login.php?pagina=inscricao.php\">Fa\u00e7a sua inscri\u00e7\u00e3o<\/a><\/div>\n<\/div>\n","protected":false},"excerpt":{"rendered":"<p>A inscri\u00e7\u00e3o no XI Simp\u00f3sio Internacional de Gest\u00e3o, Projetos, Inova\u00e7\u00e3o e Sustentabilidade (XI SINGEP-CIK) possibilita a participa\u00e7\u00e3o em todas as atividades do evento (sess\u00f5es de apresenta\u00e7\u00e3o de trabalhos, palestras, pain\u00e9is, workshops, etc.), tanto presenciais como virtuais: Ser\u00e3o concedidos dois tipos de certificados aos participantes do evento:-Certificado de Participa\u00e7\u00e3o: concedido para aqueles que realizarem a inscri\u00e7\u00e3o [&hellip;]<\/p>\n","protected":false},"author":1,"featured_media":0,"parent":0,"menu_order":0,"comment_status":"closed","ping_status":"closed","template":"","meta":{"footnotes":""},"class_list":["post-84","page","type-page","status-publish","hentry"],"_links":{"self":[{"href":"https:\/\/singep.org.br\/11\/wp-json\/wp\/v2\/pages\/84","targetHints":{"allow":["GET"]}}],"collection":[{"href":"https:\/\/singep.org.br\/11\/wp-json\/wp\/v2\/pages"}],"about":[{"href":"https:\/\/singep.org.br\/11\/wp-json\/wp\/v2\/types\/page"}],"author":[{"embeddable":true,"href":"https:\/\/singep.org.br\/11\/wp-json\/wp\/v2\/users\/1"}],"replies":[{"embeddable":true,"href":"https:\/\/singep.org.br\/11\/wp-json\/wp\/v2\/comments?post=84"}],"version-history":[{"count":27,"href":"https:\/\/singep.org.br\/11\/wp-json\/wp\/v2\/pages\/84\/revisions"}],"predecessor-version":[{"id":8355,"href":"https:\/\/singep.org.br\/11\/wp-json\/wp\/v2\/pages\/84\/revisions\/8355"}],"wp:attachment":[{"href":"https:\/\/singep.org.br\/11\/wp-json\/wp\/v2\/media?parent=84"}],"curies":[{"name":"wp","href":"https:\/\/api.w.org\/{rel}","templated":true}]}}