{"id":8137,"date":"2023-06-09T15:29:05","date_gmt":"2023-06-09T18:29:05","guid":{"rendered":"https:\/\/singep.org.br\/11\/?page_id=8137"},"modified":"2023-06-09T16:23:35","modified_gmt":"2023-06-09T19:23:35","slug":"orientacoes-para-autores","status":"publish","type":"page","link":"https:\/\/singep.org.br\/11\/orientacoes-para-autores\/","title":{"rendered":"Orienta\u00e7\u00f5es para autores"},"content":{"rendered":"\n<p><strong>Regras para submiss\u00e3o de trabalhos<\/strong><\/p>\n\n\n\n<p>Os autores podem submeter seus trabalhos no formato de&nbsp;<strong>artigo cient\u00edfico<\/strong>,&nbsp;<strong>relato t\u00e9cnico<\/strong>&nbsp;ou&nbsp;<strong>p\u00f4ster<\/strong>&nbsp;para uma das seis \u00e1reas de interesse do evento: Gest\u00e3o de Projetos, Inova\u00e7\u00e3o e Empreendedorismo, Sustentabilidade, Estrat\u00e9gia, Marketing, e Ind\u00fastria 4.0.<\/p>\n\n\n\n<p>No momento da submiss\u00e3o do trabalho (texto completo), o autor poder\u00e1&nbsp;<strong>optar por&nbsp;publica\u00e7\u00e3o de texto completo ou apenas o resumo<\/strong>, em caso de aprova\u00e7\u00e3o e apresenta\u00e7\u00e3o do trabalho.<\/p>\n\n\n\n<p>Cada autor poder\u00e1 submeter,&nbsp;<strong>no m\u00e1ximo<\/strong>,&nbsp;<strong>4 trabalhos<\/strong>&nbsp;para o evento SINGEP.<\/p>\n\n\n\n<p>Cada trabalho poder\u00e1 ter&nbsp;<strong>at\u00e9 4 autores<\/strong>.<\/p>\n\n\n\n<p><strong>As se\u00e7\u00f5es de apresenta\u00e7\u00f5es dos trabalhos aceitos no XI SINGEP ser\u00e3o realizadas exclusivamente no formato VIRTUAL, no dia 26\/10\/2023.<\/strong><\/p>\n\n\n\n<p>Regras para submiss\u00e3o:\u00a0(<a href=\"https:\/\/singep.org.br\/11\/regras-para-submissao\/\">clique aqui para acessar<\/a>).<\/p>\n","protected":false},"excerpt":{"rendered":"<p>Regras para submiss\u00e3o de trabalhos Os autores podem submeter seus trabalhos no formato de&nbsp;artigo cient\u00edfico,&nbsp;relato t\u00e9cnico&nbsp;ou&nbsp;p\u00f4ster&nbsp;para uma das seis \u00e1reas de interesse do evento: Gest\u00e3o de Projetos, Inova\u00e7\u00e3o e Empreendedorismo, Sustentabilidade, Estrat\u00e9gia, Marketing, e Ind\u00fastria 4.0. No momento da submiss\u00e3o do trabalho (texto completo), o autor poder\u00e1&nbsp;optar por&nbsp;publica\u00e7\u00e3o de texto completo ou apenas o resumo, [&hellip;]<\/p>\n","protected":false},"author":1,"featured_media":0,"parent":0,"menu_order":0,"comment_status":"closed","ping_status":"closed","template":"","meta":{"footnotes":""},"class_list":["post-8137","page","type-page","status-publish","hentry"],"_links":{"self":[{"href":"https:\/\/singep.org.br\/11\/wp-json\/wp\/v2\/pages\/8137","targetHints":{"allow":["GET"]}}],"collection":[{"href":"https:\/\/singep.org.br\/11\/wp-json\/wp\/v2\/pages"}],"about":[{"href":"https:\/\/singep.org.br\/11\/wp-json\/wp\/v2\/types\/page"}],"author":[{"embeddable":true,"href":"https:\/\/singep.org.br\/11\/wp-json\/wp\/v2\/users\/1"}],"replies":[{"embeddable":true,"href":"https:\/\/singep.org.br\/11\/wp-json\/wp\/v2\/comments?post=8137"}],"version-history":[{"count":2,"href":"https:\/\/singep.org.br\/11\/wp-json\/wp\/v2\/pages\/8137\/revisions"}],"predecessor-version":[{"id":8172,"href":"https:\/\/singep.org.br\/11\/wp-json\/wp\/v2\/pages\/8137\/revisions\/8172"}],"wp:attachment":[{"href":"https:\/\/singep.org.br\/11\/wp-json\/wp\/v2\/media?parent=8137"}],"curies":[{"name":"wp","href":"https:\/\/api.w.org\/{rel}","templated":true}]}}