{"id":7144,"date":"2022-05-05T17:07:29","date_gmt":"2022-05-05T20:07:29","guid":{"rendered":"https:\/\/singep.org.br\/11\/?page_id=7144"},"modified":"2023-07-03T13:58:21","modified_gmt":"2023-07-03T16:58:21","slug":"marketing","status":"publish","type":"page","link":"https:\/\/singep.org.br\/11\/marketing\/?lang=es","title":{"rendered":"M\u00e1rketing"},"content":{"rendered":"\n<p><strong>L\u00edderes:<\/strong><\/p>\n\n\n\n<ul class=\"wp-block-list\">\n<li>Andr\u00e9 Torres Urdan \u2013 Programa de Posgrado en Administraci\u00f3n de la Universidad Nove de Julho (UNINOVE)<\/li>\n<\/ul>\n\n\n\n<ul class=\"wp-block-list\">\n<li>Evandro Luiz Lopes \u2013 Programa de Posgrado en Administraci\u00f3n de la Escuela de Propaganda y Marketing (ESPM) y Escuela Paulista de Pol\u00edtica, Econom\u00eda y Negocios de la Universidad Federal de S\u00e3o Paulo<\/li>\n\n\n\n<li>Flavio Santino Bizarrias \u2013 Programa de Posgrado en Administraci\u00f3n de la Escuela de Propaganda y Marketing (ESPM)<\/li>\n<\/ul>\n\n\n\n<p><strong>Temas<\/strong><\/p>\n\n\n\n<ol class=\"wp-block-list\">\n<li>Canales de Distribuci\u00f3n<\/li>\n\n\n\n<li>Comportamiento del Consumidor<\/li>\n\n\n\n<li>Comunicaciones de Marketing<\/li>\n\n\n\n<li>Ense\u00f1anza de Marketing<\/li>\n\n\n\n<li>Marketing Estrat\u00e9gico<\/li>\n\n\n\n<li>Marcas y Productos<\/li>\n\n\n\n<li>Marketing Digital<\/li>\n\n\n\n<li>Marketing, Inteligencia Artificial (IA) y los Objetivos del Desarrollo Sostenible (ODS) Transformando los Negocios<\/li>\n<\/ol>\n","protected":false},"excerpt":{"rendered":"<p>L\u00edderes: Temas<\/p>\n","protected":false},"author":1,"featured_media":0,"parent":0,"menu_order":0,"comment_status":"closed","ping_status":"closed","template":"","meta":{"footnotes":""},"class_list":["post-7144","page","type-page","status-publish","hentry"],"_links":{"self":[{"href":"https:\/\/singep.org.br\/11\/wp-json\/wp\/v2\/pages\/7144","targetHints":{"allow":["GET"]}}],"collection":[{"href":"https:\/\/singep.org.br\/11\/wp-json\/wp\/v2\/pages"}],"about":[{"href":"https:\/\/singep.org.br\/11\/wp-json\/wp\/v2\/types\/page"}],"author":[{"embeddable":true,"href":"https:\/\/singep.org.br\/11\/wp-json\/wp\/v2\/users\/1"}],"replies":[{"embeddable":true,"href":"https:\/\/singep.org.br\/11\/wp-json\/wp\/v2\/comments?post=7144"}],"version-history":[{"count":2,"href":"https:\/\/singep.org.br\/11\/wp-json\/wp\/v2\/pages\/7144\/revisions"}],"predecessor-version":[{"id":8404,"href":"https:\/\/singep.org.br\/11\/wp-json\/wp\/v2\/pages\/7144\/revisions\/8404"}],"wp:attachment":[{"href":"https:\/\/singep.org.br\/11\/wp-json\/wp\/v2\/media?parent=7144"}],"curies":[{"name":"wp","href":"https:\/\/api.w.org\/{rel}","templated":true}]}}