{"id":7140,"date":"2022-05-05T17:06:07","date_gmt":"2022-05-05T20:06:07","guid":{"rendered":"https:\/\/singep.org.br\/11\/?page_id=7140"},"modified":"2023-06-29T06:56:35","modified_gmt":"2023-06-29T09:56:35","slug":"industry-4-0","status":"publish","type":"page","link":"https:\/\/singep.org.br\/11\/industry-4-0\/?lang=en","title":{"rendered":"Industry 4.0"},"content":{"rendered":"<div class=\"b_text\">\n<p><strong>Theme Leader:<\/strong><\/p>\n<div class=\"wp-block-spacer\" aria-hidden=\"true\">&nbsp;<\/div>\n<\/div>\n\n\n<ul class=\"wp-block-list\">\n<li>Walter Cardoso S\u00e1tyro \u2013 Programa de P\u00f3s-Gradua\u00e7\u00e3o em Gest\u00e3o de Projetos e Programa de P\u00f3s-Gradua\u00e7\u00e3o em Engenharia da Produ\u00e7\u00e3o da Universidade Nove de Julho (UNINOVE).<\/li>\n\n\n\n<li>Mauro Luiz Martens &#8211; Programa de P\u00f3s-Gradua\u00e7\u00e3o em Administra\u00e7\u00e3o (UNIP)<\/li>\n\n\n\n<li>Rodrigo Franco Gon\u00e7alves &#8211; Programa de P\u00f3s-Gradua\u00e7\u00e3o em Engenharia de Produ\u00e7\u00e3o (UNIP \/ USP)<\/li>\n\n\n\n<li>Ant\u00f4nio Carlos Pacagnella J\u00fanior &#8211; Programa de P\u00f3s Gradua\u00e7\u00e3o em Engenharia de Produ\u00e7\u00e3o e Manufatura e Programa de P\u00f3s Gradua\u00e7\u00e3o em Administra\u00e7\u00e3o (UNICAMP)<\/li>\n\n\n\n<li>Prof. Dr. Aparecido Coutinho (RDR Tec.)<\/li>\n<\/ul>\n\n\n\n<p><\/p>\n\n\n<h3>&nbsp;<\/h3>\n<h3>Themes:<\/h3>\n<ol>\n<li>Management 4.0: Impacts of the adoption of Industry 4.0 technologies; Operations management; Business management<\/li>\n<li>Projects 4.0 or Engineering 4.0: Management and development of projects and Industry 4.0<\/li>\n<li>Security 4.0: Data or Cybersecurity, and Cloud Computing<\/li>\n<li>Intelligence 4.0: Big Data Analytics. Artificial Intelligence and Industry 4.0<\/li>\n<li>Robotics 4.0: Collaborative \/ autonomous robots (Autonomous Robots)<\/li>\n<li>Manufacturing 4.0: Additive and Hybrid Manufacturing (Additive Manufacturing, 3D printing); Simulation, Modeling (Digital Twin) and Systems Integration (Systems Integration).<\/li>\n<li>Logistics 4.0: Supply Chain Management and Industry 4.0.<\/li>\n<li>Healthcare 4.0: Impacts of the adoption of Industry 4.0 technologies in healthcare; Operations and business management (hospitals\/clinics\/laboratories and other sectors related to health care)<\/li>\n<li>Maintenance 4.0: Advances in maintenance supported by Industry 4.0<\/li>\n<li>Energy 4.0 (Smart grids): Energy management; optimization of energy inputs<\/li>\n<li>Services 4.0: Internet of Services (IoS); new approaches to serving customers<\/li>\n<li>Smart cities: Industry 4.0 technologies applied to cities<\/li>\n<li>Circular Economy and Industry 4.0<\/li>\n<li>Internet of Things (IoT) and Cyber-Physical Systems (CPS)<\/li>\n<li>Materials 4.0: advances in materials to support Industry 4.0<\/li>\n<li>Industry 4.0, Artificial Intelligence (AI) and the Sustainable Development Goals (SDGs) transforming business<\/li>\n<\/ol>","protected":false},"excerpt":{"rendered":"<p>Theme Leader: &nbsp; &nbsp; Themes: Management 4.0: Impacts of the adoption of Industry 4.0 technologies; Operations management; Business management Projects 4.0 or Engineering 4.0: Management and development of projects and Industry 4.0 Security 4.0: Data or Cybersecurity, and Cloud Computing Intelligence 4.0: Big Data Analytics. Artificial Intelligence and Industry 4.0 Robotics 4.0: Collaborative \/ autonomous [&hellip;]<\/p>\n","protected":false},"author":1,"featured_media":0,"parent":0,"menu_order":0,"comment_status":"closed","ping_status":"closed","template":"","meta":{"footnotes":""},"class_list":["post-7140","page","type-page","status-publish","hentry"],"_links":{"self":[{"href":"https:\/\/singep.org.br\/11\/wp-json\/wp\/v2\/pages\/7140","targetHints":{"allow":["GET"]}}],"collection":[{"href":"https:\/\/singep.org.br\/11\/wp-json\/wp\/v2\/pages"}],"about":[{"href":"https:\/\/singep.org.br\/11\/wp-json\/wp\/v2\/types\/page"}],"author":[{"embeddable":true,"href":"https:\/\/singep.org.br\/11\/wp-json\/wp\/v2\/users\/1"}],"replies":[{"embeddable":true,"href":"https:\/\/singep.org.br\/11\/wp-json\/wp\/v2\/comments?post=7140"}],"version-history":[{"count":8,"href":"https:\/\/singep.org.br\/11\/wp-json\/wp\/v2\/pages\/7140\/revisions"}],"predecessor-version":[{"id":8351,"href":"https:\/\/singep.org.br\/11\/wp-json\/wp\/v2\/pages\/7140\/revisions\/8351"}],"wp:attachment":[{"href":"https:\/\/singep.org.br\/11\/wp-json\/wp\/v2\/media?parent=7140"}],"curies":[{"name":"wp","href":"https:\/\/api.w.org\/{rel}","templated":true}]}}