{"id":7138,"date":"2022-05-05T17:05:36","date_gmt":"2022-05-05T20:05:36","guid":{"rendered":"https:\/\/singep.org.br\/11\/?page_id=7138"},"modified":"2023-07-03T13:54:30","modified_gmt":"2023-07-03T16:54:30","slug":"industria-4-0","status":"publish","type":"page","link":"https:\/\/singep.org.br\/11\/industria-4-0\/?lang=es","title":{"rendered":"Industria 4.0"},"content":{"rendered":"\n<p><strong>L\u00edderes:<\/strong><\/p>\n\n\n\n<ul class=\"wp-block-list\">\n<li>Walter Cardoso S\u00e1tyro \u2013 Programa de Posgrado en Gesti\u00f3n de Proyectos y Programa de Posgrado en Ingenier\u00eda de la Producci\u00f3n de la Universidad Nove de Julho (UNINOVE).<\/li>\n\n\n\n<li>Mauro Luiz Martens \u2013 Programa de Posgrado en Administraci\u00f3n (UNIP)<\/li>\n\n\n\n<li>Rodrigo Franco Gon\u00e7alves \u2013 Programa de Posgrado en Ingenier\u00eda de la Producci\u00f3n (UNIP \/ USP)<\/li>\n\n\n\n<li>Ant\u00f4nio Carlos Pacagnella J\u00fanior \u2013 Programa de Posgrado en Ingenier\u00eda de Producci\u00f3n y Manufactura y Programa de Posgrado en Administraci\u00f3n (UNICAMP)<\/li>\n\n\n\n<li>Auro de Jesus Cardoso \u2013 Gerente de Servicios de la SisnacMed<\/li>\n<\/ul>\n\n\n\n<p><\/p>\n\n\n\n<p><strong>Temas:<\/strong><\/p>\n\n\n\n<ol class=\"wp-block-list\">\n<li>Gesti\u00f3n 4.0: Impactos de la adopci\u00f3n de las tecnolog\u00edas de la Industria 4.0; Gesti\u00f3n de operaciones; Gesti\u00f3n empresarial<\/li>\n\n\n\n<li>Proyectos 4.0 o Ingenier\u00eda 4.0: Gesti\u00f3n y desarrollo de proyectos e Industria 4.0<\/li>\n\n\n\n<li>Seguridad 4.0: Seguridad Datos o Cibern\u00e9tica (Cyber security), y Computaci\u00f3n en nubes (Cloud Computing)<\/li>\n\n\n\n<li>Inteligencia 4.0: Big Data Analytics. Inteligencia Artificial e Industria 4.0<\/li>\n\n\n\n<li>Rob\u00f3tica 4.0: Robots colaborativos \/ aut\u00f3nomos (Autonomous Robots)<\/li>\n\n\n\n<li>Manufactura 4.0: Manufactura Aditiva e H\u00edbrida (Additive Manufacturing, 3D printing); Simulaci\u00f3n, Modelaje (Digital Twin) e Integraci\u00f3n de Sistemas (Systems Integration).<\/li>\n\n\n\n<li>Log\u00edstica 4.0: Supply Chain Management e Industria 4.0.<\/li>\n\n\n\n<li>Healthcare 4.0 (Salud 4.0): Impactos de la adopci\u00f3n de las tecnolog\u00edas de la Industria 4.0 en el \u00e1rea de la salud; Gesti\u00f3n de operaciones y empresarial (hospitales\/ cl\u00ednicas\/laboratorios y dem\u00e1s sectores ligados a la atenci\u00f3n de salud)<\/li>\n\n\n\n<li>Mantenimiento 4.0: Avances en el mantenimiento con apoyo de la Industria 4.0<\/li>\n\n\n\n<li>Energ\u00eda 4.0 (Smart grids): Gesti\u00f3n energ\u00e9tica; optimizaci\u00f3n de los insumos energ\u00e9ticos<\/li>\n\n\n\n<li>Servicios 4.0: Internet de Servicios (Internet of Service \u2013 IoS); nuevos enfoques para atender a los clientes<\/li>\n\n\n\n<li>Ciudades inteligentes: Tecnolog\u00edas de la Industria 4.0 aplicadas a las ciudades<\/li>\n\n\n\n<li>Econom\u00eda Circular e Industria 4.0<\/li>\n\n\n\n<li>Internet de las Cosas (Internet of Things \u2013 IoT) y Sistemas Cyber-f\u00edsicos (CPS)<\/li>\n\n\n\n<li>Materiales 4.0: avances en materiales para apoyo a la Industria 4.0<\/li>\n\n\n\n<li>Industria 4.0, Inteligencia Artificial (IA) y los Objetivos del Desarrollo Sostenible (ODS) Transformando los Negocios<\/li>\n<\/ol>\n","protected":false},"excerpt":{"rendered":"<p>L\u00edderes: Temas:<\/p>\n","protected":false},"author":1,"featured_media":0,"parent":0,"menu_order":0,"comment_status":"closed","ping_status":"closed","template":"","meta":{"footnotes":""},"class_list":["post-7138","page","type-page","status-publish","hentry"],"_links":{"self":[{"href":"https:\/\/singep.org.br\/11\/wp-json\/wp\/v2\/pages\/7138","targetHints":{"allow":["GET"]}}],"collection":[{"href":"https:\/\/singep.org.br\/11\/wp-json\/wp\/v2\/pages"}],"about":[{"href":"https:\/\/singep.org.br\/11\/wp-json\/wp\/v2\/types\/page"}],"author":[{"embeddable":true,"href":"https:\/\/singep.org.br\/11\/wp-json\/wp\/v2\/users\/1"}],"replies":[{"embeddable":true,"href":"https:\/\/singep.org.br\/11\/wp-json\/wp\/v2\/comments?post=7138"}],"version-history":[{"count":2,"href":"https:\/\/singep.org.br\/11\/wp-json\/wp\/v2\/pages\/7138\/revisions"}],"predecessor-version":[{"id":8400,"href":"https:\/\/singep.org.br\/11\/wp-json\/wp\/v2\/pages\/7138\/revisions\/8400"}],"wp:attachment":[{"href":"https:\/\/singep.org.br\/11\/wp-json\/wp\/v2\/media?parent=7138"}],"curies":[{"name":"wp","href":"https:\/\/api.w.org\/{rel}","templated":true}]}}