{"id":6756,"date":"2021-08-26T10:59:57","date_gmt":"2021-08-26T13:59:57","guid":{"rendered":"https:\/\/singep.org.br\/11\/?page_id=6756"},"modified":"2023-06-13T15:34:06","modified_gmt":"2023-06-13T18:34:06","slug":"comissao-cientifica","status":"publish","type":"page","link":"https:\/\/singep.org.br\/11\/comissao-cientifica\/","title":{"rendered":"Comiss\u00e3o Cient\u00edfica"},"content":{"rendered":"\n<p>ANDR\u00c9 URDAN, Doutor, UNINOVE, SP<\/p>\n\n\n\n<p>BENNY KRAMER COSTA, Doutor, UNINOVE, SP<\/p>\n\n\n\n<p>CL\u00c1UDIA BRITO SILVA CIRANI, Doutora, UNINOVE, SP<\/p>\n\n\n\n<p>CL\u00c1UDIA TEREZINHA KNIESS, Doutora, UNIFESP e USJT, SP<\/p>\n\n\n\n<p>CRISTIANE DREBES PEDRON, Doutora, UNINOVE, SP<\/p>\n\n\n\n<p>FERNANDO ANTONIO RIBEIRO SERRA, Doutor, UNINOVE, SP<\/p>\n\n\n\n<p>FL\u00c1VIO SANTINO BIZZARIAS, Doutor, ESPM, SP<\/p>\n\n\n\n<p>HEIDY RODRIGUEZ RAMOS, Doutora, UNINOVE, SP<\/p>\n\n\n\n<p>VANIA JORGE NASSIF, Doutora, UNINOVE, SP<\/p>\n\n\n\n<p>WALTER CARDOSO S\u00c1TYRO, Doutor, UNINOVE, SP<\/p>\n","protected":false},"excerpt":{"rendered":"<p>ANDR\u00c9 URDAN, Doutor, UNINOVE, SP BENNY KRAMER COSTA, Doutor, UNINOVE, SP CL\u00c1UDIA BRITO SILVA CIRANI, Doutora, UNINOVE, SP CL\u00c1UDIA TEREZINHA KNIESS, Doutora, UNIFESP e USJT, SP CRISTIANE DREBES PEDRON, Doutora, UNINOVE, SP FERNANDO ANTONIO RIBEIRO SERRA, Doutor, UNINOVE, SP FL\u00c1VIO SANTINO BIZZARIAS, Doutor, ESPM, SP HEIDY RODRIGUEZ RAMOS, Doutora, UNINOVE, SP VANIA JORGE NASSIF, Doutora, [&hellip;]<\/p>\n","protected":false},"author":1,"featured_media":0,"parent":0,"menu_order":0,"comment_status":"closed","ping_status":"closed","template":"","meta":{"footnotes":""},"class_list":["post-6756","page","type-page","status-publish","hentry"],"_links":{"self":[{"href":"https:\/\/singep.org.br\/11\/wp-json\/wp\/v2\/pages\/6756","targetHints":{"allow":["GET"]}}],"collection":[{"href":"https:\/\/singep.org.br\/11\/wp-json\/wp\/v2\/pages"}],"about":[{"href":"https:\/\/singep.org.br\/11\/wp-json\/wp\/v2\/types\/page"}],"author":[{"embeddable":true,"href":"https:\/\/singep.org.br\/11\/wp-json\/wp\/v2\/users\/1"}],"replies":[{"embeddable":true,"href":"https:\/\/singep.org.br\/11\/wp-json\/wp\/v2\/comments?post=6756"}],"version-history":[{"count":5,"href":"https:\/\/singep.org.br\/11\/wp-json\/wp\/v2\/pages\/6756\/revisions"}],"predecessor-version":[{"id":8185,"href":"https:\/\/singep.org.br\/11\/wp-json\/wp\/v2\/pages\/6756\/revisions\/8185"}],"wp:attachment":[{"href":"https:\/\/singep.org.br\/11\/wp-json\/wp\/v2\/media?parent=6756"}],"curies":[{"name":"wp","href":"https:\/\/api.w.org\/{rel}","templated":true}]}}