{"id":6491,"date":"2021-05-03T16:11:36","date_gmt":"2021-05-03T19:11:36","guid":{"rendered":"https:\/\/singep.org.br\/11\/?page_id=6491"},"modified":"2023-10-20T20:15:32","modified_gmt":"2023-10-20T23:15:32","slug":"marketing","status":"publish","type":"page","link":"https:\/\/singep.org.br\/11\/areas\/marketing\/","title":{"rendered":"Marketing"},"content":{"rendered":"\n<p><strong>L\u00edderes: <\/strong><\/p>\n\n\n\n<ul class=\"wp-block-list\">\n<li>Andr\u00e9 Torres Urdan &#8211; Programa de P\u00f3s-Gradua\u00e7\u00e3o em Administra\u00e7\u00e3o da Universidade Nove de Julho (UNINOVE)<\/li>\n\n\n\n<li>Flavio Santino Bizarrias \u2013 Programa de P\u00f3s-Gradua\u00e7\u00e3o em Administra\u00e7\u00e3o da Escola de Propaganda e Marketing (ESPM)<\/li>\n<\/ul>\n\n\n\n<div style=\"height:25px\" aria-hidden=\"true\" class=\"wp-block-spacer\"><\/div>\n\n\n\n<h3 class=\"wp-block-heading\">Temas<\/h3>\n\n\n\n<ol class=\"wp-block-list\" type=\"1\">\n<li>Canais de Distribui\u00e7\u00e3o<\/li>\n\n\n\n<li>Comportamento do Consumidor<\/li>\n\n\n\n<li>Comunica\u00e7\u00f5es de Marketing<\/li>\n\n\n\n<li>Ensino de Marketing<\/li>\n\n\n\n<li>Marketing Estrat\u00e9gico<\/li>\n\n\n\n<li>Marcas e Produtos<\/li>\n\n\n\n<li>Marketing Digital<\/li>\n\n\n\n<li>Marketing, Intelig\u00eancia Artificial (IA) e Objetivos de Desenvolvimento Sustent\u00e1vel (ODS) Transformando os Neg\u00f3cios<\/li>\n<\/ol>\n","protected":false},"excerpt":{"rendered":"<p>L\u00edderes: Temas<\/p>\n","protected":false},"author":1,"featured_media":0,"parent":30,"menu_order":0,"comment_status":"closed","ping_status":"closed","template":"","meta":{"footnotes":""},"class_list":["post-6491","page","type-page","status-publish","hentry"],"_links":{"self":[{"href":"https:\/\/singep.org.br\/11\/wp-json\/wp\/v2\/pages\/6491","targetHints":{"allow":["GET"]}}],"collection":[{"href":"https:\/\/singep.org.br\/11\/wp-json\/wp\/v2\/pages"}],"about":[{"href":"https:\/\/singep.org.br\/11\/wp-json\/wp\/v2\/types\/page"}],"author":[{"embeddable":true,"href":"https:\/\/singep.org.br\/11\/wp-json\/wp\/v2\/users\/1"}],"replies":[{"embeddable":true,"href":"https:\/\/singep.org.br\/11\/wp-json\/wp\/v2\/comments?post=6491"}],"version-history":[{"count":9,"href":"https:\/\/singep.org.br\/11\/wp-json\/wp\/v2\/pages\/6491\/revisions"}],"predecessor-version":[{"id":8789,"href":"https:\/\/singep.org.br\/11\/wp-json\/wp\/v2\/pages\/6491\/revisions\/8789"}],"up":[{"embeddable":true,"href":"https:\/\/singep.org.br\/11\/wp-json\/wp\/v2\/pages\/30"}],"wp:attachment":[{"href":"https:\/\/singep.org.br\/11\/wp-json\/wp\/v2\/media?parent=6491"}],"curies":[{"name":"wp","href":"https:\/\/api.w.org\/{rel}","templated":true}]}}