{"id":5999,"date":"2019-08-28T21:25:27","date_gmt":"2019-08-29T00:25:27","guid":{"rendered":"http:\/\/singep.org.br\/11\/?page_id=5999"},"modified":"2023-06-28T16:11:44","modified_gmt":"2023-06-28T19:11:44","slug":"industria-4-0","status":"publish","type":"page","link":"https:\/\/singep.org.br\/11\/areas\/industria-4-0\/","title":{"rendered":"Ind\u00fastria 4.0"},"content":{"rendered":"\n<p><strong>L\u00edderes: <\/strong><\/p>\n\n\n\n<ul class=\"wp-block-list\">\n<li> Walter Cardoso S\u00e1tyro \u2013 Programa de P\u00f3s-Gradua\u00e7\u00e3o em Gest\u00e3o de Projetos e Programa de P\u00f3s-Gradua\u00e7\u00e3o em Engenharia da Produ\u00e7\u00e3o da Universidade Nove de Julho (UNINOVE).<\/li>\n\n\n\n<li> Mauro Luiz Martens &#8211; Programa de P\u00f3s-Gradua\u00e7\u00e3o em Administra\u00e7\u00e3o (UNIP)<\/li>\n\n\n\n<li> Rodrigo Franco Gon\u00e7alves &#8211; Programa de P\u00f3s-Gradua\u00e7\u00e3o em Engenharia de Produ\u00e7\u00e3o (UNIP \/ USP)<\/li>\n\n\n\n<li>Ant\u00f4nio Carlos Pacagnella J\u00fanior &#8211; Programa de P\u00f3s Gradua\u00e7\u00e3o em Engenharia de Produ\u00e7\u00e3o e Manufatura e Programa de P\u00f3s Gradua\u00e7\u00e3o em Administra\u00e7\u00e3o (UNICAMP)<\/li>\n\n\n\n<li>Prof. Dr. Aparecido Coutinho (RDR Tec.)<\/li>\n<\/ul>\n\n\n\n<div style=\"height:25px\" aria-hidden=\"true\" class=\"wp-block-spacer\"><\/div>\n\n\n\n<h3 class=\"wp-block-heading\">Temas<\/h3>\n\n\n\n<ol class=\"wp-block-list\">\n<li>Gest\u00e3o 4.0: Impactos da ado\u00e7\u00e3o das tecnologias da Ind\u00fastria 4.0; Gest\u00e3o de opera\u00e7\u00f5es; Gest\u00e3o empresarial<\/li>\n\n\n\n<li>Projetos 4.0 ou Engenharia 4.0: Gest\u00e3o e desenvolvimento de projetos e Ind\u00fastria 4.0<\/li>\n\n\n\n<li>Seguran\u00e7a 4.0: Seguran\u00e7a Dados ou Cibern\u00e9tica (Cyber security), e Computa\u00e7\u00e3o em nuvem (Cloud Computing)<\/li>\n\n\n\n<li>Intelig\u00eancia 4.0: Big Data Analytics. Intelig\u00eancia Artificial e Ind\u00fastria 4.0<\/li>\n\n\n\n<li>Rob\u00f3tica 4.0: Rob\u00f4s colaborativos \/ aut\u00f4nomos (Autonomous Robots)<\/li>\n\n\n\n<li>Manufatura 4.0: Manufatura Aditiva e H\u00edbrida (Additive Manufacturing, 3D printing); Simula\u00e7\u00e3o, Modelagem (Digital Twin) e Integra\u00e7\u00e3o de Sistemas (Systems Integration).<\/li>\n\n\n\n<li>Log\u00edstica 4.0: Supply Chain Management e Ind\u00fastria 4.0.<\/li>\n\n\n\n<li>Healthcare 4.0 (Sa\u00fade 4.0): Impactos da ado\u00e7\u00e3o das tecnologias da Ind\u00fastria 4.0 na \u00e1rea da sa\u00fade; Gest\u00e3o de opera\u00e7\u00f5es e empresarial (hospitais\/ cl\u00ednicas\/laborat\u00f3rios e demais setores ligados ao atendimento \u00e0 sa\u00fade)<\/li>\n\n\n\n<li>Manuten\u00e7\u00e3o 4.0: Avan\u00e7os na manuten\u00e7\u00e3o com apoio da Ind\u00fastria 4.0<\/li>\n\n\n\n<li>Energia 4.0 (Smart grids): Gest\u00e3o energ\u00e9tica; otimiza\u00e7\u00e3o dos insumos energ\u00e9ticos<\/li>\n\n\n\n<li>Servi\u00e7os 4.0: Internet de Servi\u00e7os (Internet of Service &#8211; IoS); novas abordagens para atender os clientes<\/li>\n\n\n\n<li>Cidades inteligentes: Tecnologias da Ind\u00fastria 4.0 aplicadas \u00e0s cidades<\/li>\n\n\n\n<li>Economia Circular e Ind\u00fastria 4.0<\/li>\n\n\n\n<li>Internet das Coisas (Internet of Things \u2013 IoT) e Sistemas Cyber-f\u00edsicos (CPS)<\/li>\n\n\n\n<li>Materiais 4.0: avan\u00e7os em materiais para apoio \u00e0 Ind\u00fastria 4.0<\/li>\n\n\n\n<li>Ind\u00fastria 4.0, Intelig\u00eancia Artificial (IA) e os Objetivos do Desenvolvimento Sustent\u00e1vel (ODS) transformando os neg\u00f3cios<\/li>\n<\/ol>\n","protected":false},"excerpt":{"rendered":"<p>L\u00edderes: Temas<\/p>\n","protected":false},"author":1,"featured_media":0,"parent":30,"menu_order":0,"comment_status":"closed","ping_status":"closed","template":"","meta":{"footnotes":""},"class_list":["post-5999","page","type-page","status-publish","hentry"],"_links":{"self":[{"href":"https:\/\/singep.org.br\/11\/wp-json\/wp\/v2\/pages\/5999","targetHints":{"allow":["GET"]}}],"collection":[{"href":"https:\/\/singep.org.br\/11\/wp-json\/wp\/v2\/pages"}],"about":[{"href":"https:\/\/singep.org.br\/11\/wp-json\/wp\/v2\/types\/page"}],"author":[{"embeddable":true,"href":"https:\/\/singep.org.br\/11\/wp-json\/wp\/v2\/users\/1"}],"replies":[{"embeddable":true,"href":"https:\/\/singep.org.br\/11\/wp-json\/wp\/v2\/comments?post=5999"}],"version-history":[{"count":9,"href":"https:\/\/singep.org.br\/11\/wp-json\/wp\/v2\/pages\/5999\/revisions"}],"predecessor-version":[{"id":8304,"href":"https:\/\/singep.org.br\/11\/wp-json\/wp\/v2\/pages\/5999\/revisions\/8304"}],"up":[{"embeddable":true,"href":"https:\/\/singep.org.br\/11\/wp-json\/wp\/v2\/pages\/30"}],"wp:attachment":[{"href":"https:\/\/singep.org.br\/11\/wp-json\/wp\/v2\/media?parent=5999"}],"curies":[{"name":"wp","href":"https:\/\/api.w.org\/{rel}","templated":true}]}}