{"id":5726,"date":"2018-06-30T15:39:54","date_gmt":"2018-06-30T18:39:54","guid":{"rendered":"http:\/\/singep.org.br\/11\/?page_id=5726"},"modified":"2023-07-03T15:25:31","modified_gmt":"2023-07-03T18:25:31","slug":"registro","status":"publish","type":"page","link":"https:\/\/singep.org.br\/11\/registro\/?lang=es","title":{"rendered":"Inscripciones"},"content":{"rendered":"\n<p><strong>Inscripciones 2023<\/strong><\/p>\n\n\n\n<ul class=\"wp-block-list\">\n<li>La inscripci\u00f3n en el XI Simposio Internacional de Gesti\u00f3n, Proyectos, Innovaci\u00f3n y Sostenibilidad (XI SINGEP-CIK) posibilita la participaci\u00f3n en todas las actividades del evento (sesiones de presentaci\u00f3n de trabajos, conferencias, paineles, workshops, etc.), tanto presenciales como virtuales.:<\/li>\n\n\n\n<li>el d\u00eda 25\/10 las actividades ser\u00e1n presenciales en UNINOVE (SP);<\/li>\n\n\n\n<li>el d\u00eda 26 las actividades ser\u00e1n en formato virtual y s\u00edncrono, v\u00eda plataforma web. Las sesiones paralelas de presentaci\u00f3n de los trabajos aceptados para el evento ser\u00e1n realizadas este d\u00eda, exclusivamente en el formato on-line;<\/li>\n\n\n\n<li>el d\u00eda 27 las actividades ser\u00e1n en formato virtual y s\u00edncrono y tambi\u00e9n ser\u00e1 realizada una conferencia presencial en la PUC-Rio (RJ).<\/li>\n<\/ul>\n\n\n\n<p>Ser\u00e1n concedidos dos tipos de certificados a los participantes del evento:<br>-Certificado de Participaci\u00f3n: concedido para aquellos que realicen la inscripci\u00f3n y efect\u00faen el pago.<br>-Certificado de Presentaci\u00f3n: para los trabajos que fueron presentados por uno (o m\u00e1s) de los autores del trabajo debidamente inscrito(s) en el evento.<\/p>\n\n\n\n<table class=\"programacao\"><thead><tr><th>Perfil do Participante<\/th><th class=\"has-text-align-center\" data-align=\"center\">Valor da inscri\u00e7\u00e3o<\/th><\/tr><\/thead><tbody><tr><td>Estudiantes de Pregrado (*)<\/td><td class=\"has-text-align-center\" data-align=\"center\"> R$60,00<\/td><\/tr><tr><td>Estudantes de p\u00f3s-gradua\u00e7\u00e3o <br>(Lato Senso ou Stricto Senso) (*)<\/td><td class=\"has-text-align-center\" data-align=\"center\">R$180,00<\/td><\/tr><tr><td>Egressos da Uninove (*)<\/td><td class=\"has-text-align-center\" data-align=\"center\">R$180,00<\/td><\/tr><tr><td>Professores <\/td><td class=\"has-text-align-center\" data-align=\"center\">R$220,00<\/td><\/tr><tr><td>Associados y volunt\u00e1rios do PMI-SP (*)<\/td> <td class=\"has-text-align-center\" data-align=\"center\">R$198,00<\/td><\/tr><\/tbody><\/table>\n","protected":false},"excerpt":{"rendered":"<p>Inscripciones 2023 Ser\u00e1n concedidos dos tipos de certificados a los participantes del evento:-Certificado de Participaci\u00f3n: concedido para aquellos que realicen la inscripci\u00f3n y efect\u00faen el pago.-Certificado de Presentaci\u00f3n: para los trabajos que fueron presentados por uno (o m\u00e1s) de los autores del trabajo debidamente inscrito(s) en el evento. Perfil do Participante Valor da inscri\u00e7\u00e3o Estudiantes [&hellip;]<\/p>\n","protected":false},"author":1,"featured_media":0,"parent":0,"menu_order":0,"comment_status":"closed","ping_status":"closed","template":"","meta":{"footnotes":""},"class_list":["post-5726","page","type-page","status-publish","hentry"],"_links":{"self":[{"href":"https:\/\/singep.org.br\/11\/wp-json\/wp\/v2\/pages\/5726","targetHints":{"allow":["GET"]}}],"collection":[{"href":"https:\/\/singep.org.br\/11\/wp-json\/wp\/v2\/pages"}],"about":[{"href":"https:\/\/singep.org.br\/11\/wp-json\/wp\/v2\/types\/page"}],"author":[{"embeddable":true,"href":"https:\/\/singep.org.br\/11\/wp-json\/wp\/v2\/users\/1"}],"replies":[{"embeddable":true,"href":"https:\/\/singep.org.br\/11\/wp-json\/wp\/v2\/comments?post=5726"}],"version-history":[{"count":2,"href":"https:\/\/singep.org.br\/11\/wp-json\/wp\/v2\/pages\/5726\/revisions"}],"predecessor-version":[{"id":8440,"href":"https:\/\/singep.org.br\/11\/wp-json\/wp\/v2\/pages\/5726\/revisions\/8440"}],"wp:attachment":[{"href":"https:\/\/singep.org.br\/11\/wp-json\/wp\/v2\/media?parent=5726"}],"curies":[{"name":"wp","href":"https:\/\/api.w.org\/{rel}","templated":true}]}}