{"id":5716,"date":"2018-06-30T15:32:49","date_gmt":"2018-06-30T18:32:49","guid":{"rendered":"http:\/\/singep.org.br\/11\/?page_id=5716"},"modified":"2023-10-19T12:58:15","modified_gmt":"2023-10-19T15:58:15","slug":"programme","status":"publish","type":"page","link":"https:\/\/singep.org.br\/11\/programme\/?lang=en","title":{"rendered":"PROGRAM X Singep &#8211; CIK"},"content":{"rendered":"\n<p><strong>PRELIMINARY SCHEDULE &#8211; XI SINGEP-CIK<\/strong><\/p>\n\n\n\n<p class=\"has-black-color has-text-color\">* <strong>Brazil&#8217;s time \u2013 (Bras\u00edlia)<\/strong><\/p>\n\n\n\n<p class=\"is-style-stripes\"><strong>1st DAY<\/strong><\/p>\n\n\n\n<figure class=\"wp-block-table is-style-stripes\"><table><thead><tr><th><strong>Time*<\/strong><br><\/th><th><strong><strong>October 25, 2023 (Wednesday) \u2013 PRESENTIAL \u2013 UNINOVE (S\u00e3o Paulo)<\/strong><\/strong><br><strong>Location: UNINOVE Vergueiro Campus (Auditorium on Floor 1), Rua Vergueiro, 235\/249 &#8211; Liberdade, S\u00e3o Paulo &#8211; SP<\/strong><br><\/th><\/tr><\/thead><tbody><tr><td> <p><strong>9am to 10am<\/strong><\/p><\/td><td> XI SINGEP-CIK accreditation and Reception Coffee<\/td><\/tr><tr><td> <p><strong>10 am to 10:15 am<\/strong><\/p><\/td><td><strong>Opening Ceremony<\/strong><br>Prof. Eduardo Storopoli \/ Prof. Maria Cristina Storopoli (Rector\/Pro-Rector of Universidade Nove de Julho).<br>Prof. Dr. Nader Asgary (Professor at Bentley University \u2013 USA, Director of CIK \u2013 Cyrus Institute of Knowledge, and Chairman of the Organizing Committee of the 9th International Conference of CIK).<br>Prof. Dr. Cristina Dai Pr\u00e1 Martens (Director of the Postgraduate Program in Project Management of Universidade Nove de Julho, PPGP-UNINOVE, and President of the Organizing Committee of the XI SINGEP).<br>Prof. Dr. Priscila Rezende da Costa (Director of the Postgraduate Program in Administration of Universidade Nove de Julho, PPGA-UNINOVE).<\/td><\/tr><tr><td> <p><strong>10:15 to 12:00<\/strong><\/p><\/td><td><strong><strong>Opening Conference:<\/strong><br><strong>ESG (Environmental, Social, and Governance) Management to Achieve the Sustainable Development Goals (SDGs)<\/strong><\/strong><br>Speakers:<br>Prof. Dr. Carlos Rufin (Professor at Suffolk University \u2013 USA)<br>Prof. Dr. Arlindo Philippi Junior (Full Professor at the School of Public Health, USP, S\u00e3o Paulo &#8211; Brazil).<br>Prof. Dr. Majid Kaissar El Ghaib (ESCA Ecole de Management, Casablanca, Morocco)<br>Debaters:<br>Prof. Dr. Isak Kruglianskas (Full Professor FEA\/USP, Coordinator of PROGESA \u2013 FIA, S\u00e3o Paulo \u2013 Brazil).<br>Prof. Dr. Nader Asgary (Professor at Bentley University \u2013 USA, Director of CIK \u2013 Cyrus Institute of Knowledge, and Chairman of the Organizing Committee of the International Conference Cyrus).<br>Moderator:<br>Prof. Dr. Cristina Dai Pr\u00e1 Martens (Professor of the Postgraduate Program in Administration and the Postgraduate Program in Project Management at UNINOVE, and President of the Organizing Committee of the XI SINGEP).<\/td><\/tr><tr><td> <p><strong><strong>12h to 2h pm<\/strong><\/strong><\/p><\/td><td>Lunch &#8211; A brunch will be served by the event organizers<\/td><\/tr><tr><td> <p><strong>2h to 4h pm<\/strong><\/p><\/td><td><strong>Plenary Presentation:<br>Artificial Intelligence, Industry 4.0 and Innovation Management Transforming Business<\/strong><br>Speakers:<br>Prof. Dr. Vasco Furtado (Coordinator of the Data Science and Artificial Intelligence Laboratory at Universidade de Fortaleza &#8211; UNIFOR).<br>Prof. Dr. Carla Bonato Marcolin (Coordinator of the Applied Artificial Intelligence Laboratory at Universidade Federal de Uberl\u00e2ndia &#8211; UFU).<br>Prof. Dr. Amarolinda Iara da Costa Zanela Klein (Professor of the Postgraduate Program in Administration at the School of Management and Business of UNISINOS).<br>Kayvon Touran (CEO &amp; Co-Founder | Zal.ai, Maine, USA).<br>Moderator:<br>Prof. Dr. Fernando Antonio Ribeiro Serra (Professor of the Postgraduate Program in Administration and the Postgraduate Program in Project Management at UNINOVE).<\/td><\/tr><tr><td> <p><strong>4h to 4h30 pm<\/strong><\/p><\/td><td>Coffee break<\/td><\/tr><tr><td> <p><strong>4h30 to 6h30 pm<\/strong><\/p><\/td><td><strong> International Doctoral Consortium<\/strong><br>National Coordination: Prof. Dr. Emerson Antonio Maccari (Professor of the Postgraduate Program in Administration and the Postgraduate Program in Project Management at Universidade Nove de Julho, PPGP-UNINOVE).<br>Foreign Coordination: Prof. Dr. Nader Asgary (Professor at Bentley University \u2013 USA, Director of CIK \u2013 Cyrus Institute of Knowledge, and Chairman of the Organizing Committee of the International Conference Cyrus)<\/td><\/tr><\/tbody><\/table><\/figure>\n\n\n\n<p><strong>2nd Day<\/strong><\/p>\n\n\n\n<figure class=\"wp-block-table is-style-stripes\"><table><thead><tr><th><strong>Time*<\/strong><br><\/th><th><strong><strong><strong>October 26, 2023 (Thursday) &#8211; VIRTUAL<\/strong><\/strong><\/strong><br><\/th><\/tr><\/thead><tbody><tr><td> <p><\/p><p><strong><strong>08h30 to 10<\/strong>h30 am<\/strong><\/p><p><\/p><strong>Virtual<\/strong><\/td><td><strong><strong>Parallel sessions for the presentation of Papers<\/strong><\/strong><\/td><\/tr><tr><td> <p><strong><strong>08h30 to 10<\/strong>h30 am<\/strong><\/p><strong>Virtual<\/strong><\/td><td><strong><br><strong>Parallel poster presentation sessions<\/strong><\/strong><\/td><\/tr><tr><td> <p><strong>10h30 to 10h40 am<\/strong><\/p><\/td><td>Interval<\/td><\/tr><tr><td> <p><strong>10h40 am to 12h40 pm<\/strong><\/p><strong>Virtual<\/strong><\/td><td><strong><br><strong>Parallel sessions for the presentation of Papers<\/strong><\/strong><\/td><\/tr><tr><td> <p><strong>12h40 to 2h20 pm<\/strong> <\/p><\/td><td>Free Interval<\/td><\/tr><tr><td> <p><strong>2h20 to 4h20 pm<\/strong><\/p><strong>Virtual<\/strong><\/td><td><strong> Meeting of Editors and Authors: good practices of national and international scientific production<\/strong><br><br>Organization:<br>Prof. Dr. V\u00e2nia Jorge Nassif (Professor in the Postgraduate Program in Administration at Universidade Nove de Julho, PPGA-UNINOVE).<br>Panelists:<br>Prof. Dr. Cecilia M. Villas Boas de Almeida &#8211; Universidade Paulista (UNIP).<br>Vice-Rector of Research and Post-Graduation. Co-Editor-in-Chief of the Journal of Cleaner Production \u2013 A1.<br>Prof. Dr. Edson Aparecida de Ara\u00fajo Querido Oliveira &#8211; Coordinator of the Postgraduate Program in Administration at UNITAU &#8211; Universidade de Taubat\u00e9. Editor-in-Chief of the Revista Brasileira de Gest\u00e3o e Desenvolvimento Regional \u2013 A1.<br>Prof. Dr. Luciano Ferreira da Silva &#8211; Professor in the Postgraduate Program in Project Management (PPGP) at Universidade Nove de Julho &#8211; UNINOVE. Editor-in-Chief of the Revista de Gest\u00e3o e Projetos \u2013 A4.<\/td><\/tr><tr><td> <p><strong>4h20 to 4h30 pm<\/strong><\/p><\/td><td>Interval<\/td><\/tr><tr><td> <p><strong>4h30 to 6h30 pm<\/strong><\/p><strong>Virtual<\/strong><\/td><td><strong>Parallel sessions for the presentation of Papers<\/strong><br><\/td><\/tr><tr><td><p><strong>4h30 to 6h30 pm<\/strong><\/p><strong>Virtual<\/strong><\/td><td><strong>Paper Development Workshop (PDW): <strong>Journal Editors<\/strong><\/strong><br>Coordination:<br>Prof. Dr. Heidy Rodriguez Ramos (Professor of the Postgraduate Program in Administration at Universidade Nove de Julho, PPGA-UNINOVE, Professor of the Postgraduate Program in Smart and Sustainable Cities at Universidade Nove de Julho, PPGCIS-UNINOVE, and Editor of the Revista RIAE).<br>Guest Editors:<br>Prof. Dr. Edmilson de Oliveira Lima (Professor of the Postgraduate Program in Administration at Universidade Nove de Julho, PPGA-UNINOVE, and Editor of the Revista PORIUM).<br>Prof. Dr. Cristiane Drebes Pedron (Professor of the Postgraduate Program in Administration at Universidade Nove de Julho, PPGA-UNINOVE, Professor of the Postgraduate Program in Project Management at Universidade Nove de Julho, PPGP-UNINOVE, and Editor of the Revista IPTEC).<br>Prof. Dr. Priscila Rezende da Costa (Director of the Postgraduate Program in Administration of Universidade Nove de Julho, PPGA-UNINOVE,<br>and Editor of the Revista IJI) e Prof. Dr. Isabel Cristina Scafuto (Professor of the Postgraduate Program in Project Management at Universidade Nove de Julho, PPGP-UNINOVE, and Co-editor of the Revista IJI).<br>Prof. Dr. Jos\u00e9 Edson Lara (Professor of the Professional Master&#8217;s in Administration at Funda\u00e7\u00e3o Pedro Leopoldo, Editor of the Revista Gest\u00e3o &amp; Tecnologia).<br>Prof. Dr. Julio Araujo Carneiro da Cunha (Professor of the Postgraduate Program in Administration at Universidade Nove de Julho, PPGA-UNINOVE, and Editor of the Revista REMARK).<br>Prof. Dr. Luciano Ferreira da Silva (Professor of the Postgraduate Program in Project Management at Universidade Nove de Julho, PPGP-UNINOVE, and Editor of the Revista GeP).<br>Prof. Dr. Rodrigo Baroni de Carvalho (Professor of the Postgraduate Program in Administration at PUCMinas, and editor of the Revista de Economia Gest\u00e3o).<\/td><\/tr><tr><td> <p><strong>6h30 \u00e1s 6h40 pm<\/strong><\/p><\/td><td>Interval<\/td><\/tr><tr><td> <p><strong> 6h40 pm<\/strong><\/p><strong>Virtual<\/strong><\/td><td><strong> Awards for the Best Papers1 of the Event (5 categories2) <\/strong><br><strong>Awards for the Best Theses and Dissertations3 (2 categories4)<\/strong><br><strong>Organization:<\/strong> Prof. Dr. Julio Araujo Carneiro da Cunha (Professor do Programa de P\u00f3s-gradua\u00e7\u00e3o em Administra\u00e7\u00e3o da Universidade Nove de Julho, PPGA-UNINOVE).<\/td><\/tr><\/tbody><\/table><figcaption class=\"wp-element-caption\"><br>\u00b9Criteria adopted for the selection of the best papers of the event: quality, clarity, and writing of the text; timeliness of the paper&#8217;s theme; clarity in objectives; methodological adequacy; form of presentation of quantitative or qualitative data; foundation, breadth, and accuracy in relation to the results obtained; and consistency and comprehensiveness of references.<br>\u00b2((1) Category &#8216;Best Scientific Article&#8217;, involving the selection of the three best works per theme (project management, innovation and entrepreneurship, sustainability, strategy, marketing, and industry 4.0); (2) Category &#8216;Best Technical Report&#8217;, including the selection of the three best works per theme (project management, innovation and entrepreneurship, sustainability, strategy, marketing, and industry 4.0); (3) Category &#8216;Best Poster&#8217;, involving the selection of the three papers per theme (project management, innovation and entrepreneurship, sustainability, strategy, marketing, and industry 4.0); (4) Category &#8216;Best Paper of the XI SINGEP&#8217;, through selection of the best paper of the event; and finally, (5) Category &#8216;Merit Distinction&#8217; for the three best evaluators of the event.<br>\u00b3Criteria adopted for the selection of the best Theses and Dissertations: the originality of the work; its relevance to the scientific, technological, cultural, social, and innovation development.<br>\u2074&nbsp;((1) Category &#8216;Best Dissertation&#8217;, involving the selection of the three best dissertations per program (PPGA and PPGP UNINOVE); (2) Category &#8216;Best Thesis&#8217;, involving the selection of the three best theses per program (PPGA and PPGP UNINOVE).<\/figcaption><\/figure>\n\n\n\n<p><strong>3rd Day<\/strong><\/p>\n\n\n\n<figure class=\"wp-block-table is-style-stripes\"><table><thead><tr><th><strong>Time*<\/strong><br><\/th><th><strong><strong>October 27, 2023 (Friday) \u2013 VIRTUAL<\/strong><\/strong><br><\/th><\/tr><\/thead><tbody><tr><td> <strong style=\"font-size: revert; font-family: inherit; color: initial;\"><strong>9am to 10:50pm<\/strong><\/strong><p><\/p><p><strong><strong>Virtual<\/strong><\/strong><\/p><p><\/p><\/td><td><strong>Workshop: \u201cStrategy for Choosing Journals for Submissions in Administration\u201d<\/strong><br>Prof. Dr. Julio Araujo Carneiro da Cunha (Professor at PPGA-UNINOVE).<\/td><\/tr><tr><td> <strong style=\"font-size: revert; font-family: inherit; background-color: transparent; color: initial;\"><strong><strong>10:50am to 11am<\/strong><\/strong><\/strong><\/td><td>Interval<\/td><\/tr><tr><td><strong>11am to 12:50pm<\/strong><br><strong>Virtual<\/strong><\/td><td><strong>Workshop: &#8220;Neuroscience in Scientific Research in Management&#8221;<\/strong><br>Prof. Dr. Helena Belintani Shigaki (Professor at the Unihorizontes University Center).<\/td><\/tr><tr><td><strong>12:50pm to 14pm<\/strong><\/td><td>Interval<\/td><\/tr><tr><td> <p><strong><strong>14pm to 15:50pm<\/strong><br><strong>Virtual<\/strong><\/strong><\/p><\/td><td><strong>Workshop: &#8220;Management of Social Projects and Their Impact on Society&#8221;<\/strong><br>Odair Lima (Director of Social Projects at PMI-SP, Mentor for Startups and OSCs).<br>S\u00e9rgio Martins (CEO of Casa Cultural Dona Ant\u00f4nia, leader of the MG\/ES Pole for the training of social leaders at Falcons University).<\/td><\/tr><tr><td><strong>15:50pm to 16pm<\/strong><\/td><td><strong> <\/strong>Interval<\/td><\/tr><tr><td> <p><strong><strong>16pm to 17:50<br>pm<\/strong><br><strong>Virtual<\/strong><\/strong><\/p><\/td><td><strong> Workshop: &#8220;Use of Artificial Intelligence in Scientific Research in Management&#8221;<\/strong><br>Prof. Dr. Ricardo Limongi (Professor at PPGADM\/UFG and PPGADM\/UFU).<br>Prof. Dr. Leonardo Vils (Professor at PPGP-UNINOVE).<\/td><\/tr><tr><td> <p><strong><strong>17:50pm to 18pm<\/strong><\/strong><\/p><\/td><td>Interval<\/td><\/tr><tr><td> <p><strong><strong>18pm<\/strong><br><strong>Virtual<\/strong><\/strong><\/p><\/td><td><strong>Closing of the XI SINGEP-CIK<\/strong><\/td><\/tr><\/tbody><\/table><\/figure>\n","protected":false},"excerpt":{"rendered":"<p>PRELIMINARY SCHEDULE &#8211; XI SINGEP-CIK * Brazil&#8217;s time \u2013 (Bras\u00edlia) 1st DAY Time* October 25, 2023 (Wednesday) \u2013 PRESENTIAL \u2013 UNINOVE (S\u00e3o Paulo)Location: UNINOVE Vergueiro Campus (Auditorium on Floor 1), Rua Vergueiro, 235\/249 &#8211; Liberdade, S\u00e3o Paulo &#8211; SP 9am to 10am XI SINGEP-CIK accreditation and Reception Coffee 10 am to 10:15 am Opening CeremonyProf. [&hellip;]<\/p>\n","protected":false},"author":1,"featured_media":0,"parent":0,"menu_order":0,"comment_status":"closed","ping_status":"open","template":"","meta":{"footnotes":""},"class_list":["post-5716","page","type-page","status-publish","hentry"],"_links":{"self":[{"href":"https:\/\/singep.org.br\/11\/wp-json\/wp\/v2\/pages\/5716","targetHints":{"allow":["GET"]}}],"collection":[{"href":"https:\/\/singep.org.br\/11\/wp-json\/wp\/v2\/pages"}],"about":[{"href":"https:\/\/singep.org.br\/11\/wp-json\/wp\/v2\/types\/page"}],"author":[{"embeddable":true,"href":"https:\/\/singep.org.br\/11\/wp-json\/wp\/v2\/users\/1"}],"replies":[{"embeddable":true,"href":"https:\/\/singep.org.br\/11\/wp-json\/wp\/v2\/comments?post=5716"}],"version-history":[{"count":39,"href":"https:\/\/singep.org.br\/11\/wp-json\/wp\/v2\/pages\/5716\/revisions"}],"predecessor-version":[{"id":8780,"href":"https:\/\/singep.org.br\/11\/wp-json\/wp\/v2\/pages\/5716\/revisions\/8780"}],"wp:attachment":[{"href":"https:\/\/singep.org.br\/11\/wp-json\/wp\/v2\/media?parent=5716"}],"curies":[{"name":"wp","href":"https:\/\/api.w.org\/{rel}","templated":true}]}}