{"id":5701,"date":"2018-06-30T13:24:40","date_gmt":"2018-06-30T16:24:40","guid":{"rendered":"http:\/\/singep.org.br\/11\/?page_id=5701"},"modified":"2023-07-03T13:52:17","modified_gmt":"2023-07-03T16:52:17","slug":"estrategia","status":"publish","type":"page","link":"https:\/\/singep.org.br\/11\/estrategia\/?lang=es","title":{"rendered":"Estrategia"},"content":{"rendered":"\n<p><strong>L\u00edderes:<\/strong><\/p>\n\n\n\n<ul class=\"wp-block-list\">\n<li>Benny Kramer Costa \u2013 Programa de Posgrado en Administraci\u00f3n de la Universidad Nove de Julho (UNINOVE); Universidad de S\u00e3o Paulo (USP).<\/li>\n\n\n\n<li>Thiago de Luca Sant\u2019ana Ribeiro \u2013 Profesor permanente de la Facultad de Tecnolog\u00eda del Estado de S\u00e3o Paulo (FATEC); Egreso del Programa de Posgrado em Administraci\u00f3n de la Universidad Nove de Julho (UNINOVE).<\/li>\n\n\n\n<li>Lu\u00eds F\u00e1bio Cavalcanti da Silva \u2013 M\u00e1ster por el Programa de Posgrado em Administraci\u00f3n de la Universidad Nove de Julho (UNINOVE).<\/li>\n\n\n\n<li>Renato Fabiano Cintra \u2013 Programa de Maestr\u00eda Profesional de Administraci\u00f3n P\u00fablica (PROFIAP); Universidad Federal da Grande Dourados (UFGD); Egreso del Posgrado em Administraci\u00f3n de la Universidad Nove de Julho (UNINOVE).<\/li>\n<\/ul>\n\n\n\n<p><\/p>\n\n\n\n<p><strong>Temas:<\/strong><\/p>\n\n\n\n<ol class=\"wp-block-list\">\n<li>Estrategia Comportamental<\/li>\n\n\n\n<li>Estrategia Corporativa y Competitiva<\/li>\n\n\n\n<li>Estrategia Cooperativa y de Stakeholders<\/li>\n\n\n\n<li>Estrategia e Internacionalizaci\u00f3n<\/li>\n\n\n\n<li>Estrategia y Organizaciones<\/li>\n\n\n\n<li>Estrategia, Liderazgo y Gobernanza<\/li>\n\n\n\n<li>Estrategia en el Contexto de la Gesti\u00f3n P\u00fablica y del 3\u00ba Sector<\/li>\n\n\n\n<li>T\u00f3picos Especiales en Estrategia<\/li>\n\n\n\n<li>Estrategia, Inteligencia Artificial (IA) y los Objetivos del Desarrollo Sostenible (ODS) Transformando los Negocios<\/li>\n<\/ol>\n","protected":false},"excerpt":{"rendered":"<p>L\u00edderes: Temas:<\/p>\n","protected":false},"author":1,"featured_media":0,"parent":0,"menu_order":0,"comment_status":"closed","ping_status":"closed","template":"","meta":{"footnotes":""},"class_list":["post-5701","page","type-page","status-publish","hentry"],"_links":{"self":[{"href":"https:\/\/singep.org.br\/11\/wp-json\/wp\/v2\/pages\/5701","targetHints":{"allow":["GET"]}}],"collection":[{"href":"https:\/\/singep.org.br\/11\/wp-json\/wp\/v2\/pages"}],"about":[{"href":"https:\/\/singep.org.br\/11\/wp-json\/wp\/v2\/types\/page"}],"author":[{"embeddable":true,"href":"https:\/\/singep.org.br\/11\/wp-json\/wp\/v2\/users\/1"}],"replies":[{"embeddable":true,"href":"https:\/\/singep.org.br\/11\/wp-json\/wp\/v2\/comments?post=5701"}],"version-history":[{"count":3,"href":"https:\/\/singep.org.br\/11\/wp-json\/wp\/v2\/pages\/5701\/revisions"}],"predecessor-version":[{"id":8398,"href":"https:\/\/singep.org.br\/11\/wp-json\/wp\/v2\/pages\/5701\/revisions\/8398"}],"wp:attachment":[{"href":"https:\/\/singep.org.br\/11\/wp-json\/wp\/v2\/media?parent=5701"}],"curies":[{"name":"wp","href":"https:\/\/api.w.org\/{rel}","templated":true}]}}