{"id":5700,"date":"2018-06-30T13:24:23","date_gmt":"2018-06-30T16:24:23","guid":{"rendered":"http:\/\/singep.org.br\/11\/?page_id=5700"},"modified":"2023-06-28T16:41:32","modified_gmt":"2023-06-28T19:41:32","slug":"strategy","status":"publish","type":"page","link":"https:\/\/singep.org.br\/11\/strategy\/?lang=en","title":{"rendered":"Strategy"},"content":{"rendered":"\n<p><strong>Theme Leaders: <\/strong><\/p>\n\n\n\n<ul class=\"wp-block-list\">\n<li>Benny Kramer Costa &#8211; Programa de P\u00f3s-Gradua\u00e7\u00e3o em Administra\u00e7\u00e3o da Universidade Nove de Julho (UNINOVE); Universidade de S\u00e3o Paulo (USP).<\/li>\n\n\n\n<li>Thiago de Luca Sant&#8217;ana Ribeiro &#8211; Instituto Federal de Educa\u00e7\u00e3o, Ci\u00eancia e Tecnologia de S\u00e3o Paulo (IFSP); Egressos do Programa de P\u00f3s-Gradua\u00e7\u00e3o em Administra\u00e7\u00e3o da Universidade Nove de Julho (UNINOVE).<\/li>\n\n\n\n<li>Lu\u00eds F\u00e1bio Cavalcanti da Silva \u2013 Mestre pelo Programa de P\u00f3s-Gradua\u00e7\u00e3o em Administra\u00e7\u00e3o da Universidade Nove de Julho (UNINOVE)<\/li>\n\n\n\n<li>Renato Fabiano Cintra &#8211; Programa de Mestrado Profissional de Administra\u00e7\u00e3o P\u00fablica (PROFIAP); Universidade Federal da Grande Dourados (UFGD); Egresso do Programa de P\u00f3s-Gradua\u00e7\u00e3o em Administra\u00e7\u00e3o da Universidade Nove de Julho (UNINOVE).<\/li>\n<\/ul>\n\n\n\n<div class=\"wp-block-spacer\" aria-hidden=\"true\"><\/div>\n\n\n\n<p><\/p>\n\n\n\n<h3 class=\"wp-block-heading\">Themes:<\/h3>\n\n\n\n<ol class=\"wp-block-list\">\n<li>Behavioral Strategy<\/li>\n\n\n\n<li>Corporative and Competitive Strategy<\/li>\n\n\n\n<li>Corporative and Stakeholder Strategy<\/li>\n\n\n\n<li>Internationalization and Strategy<\/li>\n\n\n\n<li>Organizations and Strategy<\/li>\n\n\n\n<li>Strategy, Leadership, and Governance<\/li>\n\n\n\n<li>Strategic Management in Third Sector and Public Management<\/li>\n\n\n\n<li>Special Topics in Strategic Management<\/li>\n\n\n\n<li>Strategy, Artificial Intelligence (AI) and Sustainable Development Goals (SDGs) Transforming Business<\/li>\n<\/ol>\n","protected":false},"excerpt":{"rendered":"<p>Theme Leaders: Themes:<\/p>\n","protected":false},"author":1,"featured_media":0,"parent":0,"menu_order":0,"comment_status":"closed","ping_status":"closed","template":"","meta":{"footnotes":""},"class_list":["post-5700","page","type-page","status-publish","hentry"],"_links":{"self":[{"href":"https:\/\/singep.org.br\/11\/wp-json\/wp\/v2\/pages\/5700","targetHints":{"allow":["GET"]}}],"collection":[{"href":"https:\/\/singep.org.br\/11\/wp-json\/wp\/v2\/pages"}],"about":[{"href":"https:\/\/singep.org.br\/11\/wp-json\/wp\/v2\/types\/page"}],"author":[{"embeddable":true,"href":"https:\/\/singep.org.br\/11\/wp-json\/wp\/v2\/users\/1"}],"replies":[{"embeddable":true,"href":"https:\/\/singep.org.br\/11\/wp-json\/wp\/v2\/comments?post=5700"}],"version-history":[{"count":3,"href":"https:\/\/singep.org.br\/11\/wp-json\/wp\/v2\/pages\/5700\/revisions"}],"predecessor-version":[{"id":8313,"href":"https:\/\/singep.org.br\/11\/wp-json\/wp\/v2\/pages\/5700\/revisions\/8313"}],"wp:attachment":[{"href":"https:\/\/singep.org.br\/11\/wp-json\/wp\/v2\/media?parent=5700"}],"curies":[{"name":"wp","href":"https:\/\/api.w.org\/{rel}","templated":true}]}}