{"id":5695,"date":"2018-06-30T13:22:25","date_gmt":"2018-06-30T16:22:25","guid":{"rendered":"http:\/\/singep.org.br\/11\/?page_id=5695"},"modified":"2023-06-29T07:04:01","modified_gmt":"2023-06-29T10:04:01","slug":"sustainability-and-smart-cities","status":"publish","type":"page","link":"https:\/\/singep.org.br\/11\/sustainability-and-smart-cities\/?lang=en","title":{"rendered":"Sustainability"},"content":{"rendered":"<div class=\"b_text\">\n<p><strong>Theme leaders:<\/strong><\/p>\n<ul>\n<li>Heidy Rodriguez Ramos \u2013 Programa de P\u00f3s-Gradua\u00e7\u00e3o em Administra\u00e7\u00e3o e Programa de P\u00f3s-Gradua\u00e7\u00e3o em Cidades Inteligentes e Sustent\u00e1veis da Universidade Nove de Julho (UNINOVE).<\/li>\n<li>Leonardo Vils \u2013 Programa de P\u00f3s-Gradua\u00e7\u00e3o em Gest\u00e3o de Projetos da Universidade Nove de Julho (UNINOVE).<\/li>\n<li>Claudia Maria da Silva Bezerra \u2013 Faculdade IMESP Monitor (MONITOR) e Instituto de Desenvolvimento e Aprendizagem (IDEA).<\/li>\n<\/ul>\n<\/div>\n<div class=\"wp-block-spacer\" aria-hidden=\"true\"><\/div>\n<div aria-hidden=\"true\"><\/div>\n<div class=\"b_text\">\n<h3>Themes:<\/h3>\n<ol>\n<li>Sustainability Indicators<\/li>\n<li>Reverse Logistics and Waste Management<\/li>\n<li>Environmental Policies and Legislation<\/li>\n<li>Corporate Social Responsibility<\/li>\n<li>Environmental, Social, and Governance (ESG)<\/li>\n<li>Smart Sustainable Cities<\/li>\n<li>Renewable Energy and Energy Efficiency<\/li>\n<li>Sustainable Buildings<\/li>\n<li>Research Methods in Sustainability Science<\/li>\n<li>Emerging topics on Sustainability<\/li>\n<li>Sustainability, Artificial Intelligence (AI) and the Sustainable Development Goals (SDGs) Transforming Business<\/li>\n<\/ol>\n<\/div>\n","protected":false},"excerpt":{"rendered":"<p>Theme leaders: Heidy Rodriguez Ramos \u2013 Programa de P\u00f3s-Gradua\u00e7\u00e3o em Administra\u00e7\u00e3o e Programa de P\u00f3s-Gradua\u00e7\u00e3o em Cidades Inteligentes e Sustent\u00e1veis da Universidade Nove de Julho (UNINOVE). Leonardo Vils \u2013 Programa de P\u00f3s-Gradua\u00e7\u00e3o em Gest\u00e3o de Projetos da Universidade Nove de Julho (UNINOVE). Claudia Maria da Silva Bezerra \u2013 Faculdade IMESP Monitor (MONITOR) e Instituto de [&hellip;]<\/p>\n","protected":false},"author":1,"featured_media":0,"parent":0,"menu_order":0,"comment_status":"closed","ping_status":"closed","template":"","meta":{"footnotes":""},"class_list":["post-5695","page","type-page","status-publish","hentry"],"_links":{"self":[{"href":"https:\/\/singep.org.br\/11\/wp-json\/wp\/v2\/pages\/5695","targetHints":{"allow":["GET"]}}],"collection":[{"href":"https:\/\/singep.org.br\/11\/wp-json\/wp\/v2\/pages"}],"about":[{"href":"https:\/\/singep.org.br\/11\/wp-json\/wp\/v2\/types\/page"}],"author":[{"embeddable":true,"href":"https:\/\/singep.org.br\/11\/wp-json\/wp\/v2\/users\/1"}],"replies":[{"embeddable":true,"href":"https:\/\/singep.org.br\/11\/wp-json\/wp\/v2\/comments?post=5695"}],"version-history":[{"count":4,"href":"https:\/\/singep.org.br\/11\/wp-json\/wp\/v2\/pages\/5695\/revisions"}],"predecessor-version":[{"id":8353,"href":"https:\/\/singep.org.br\/11\/wp-json\/wp\/v2\/pages\/5695\/revisions\/8353"}],"wp:attachment":[{"href":"https:\/\/singep.org.br\/11\/wp-json\/wp\/v2\/media?parent=5695"}],"curies":[{"name":"wp","href":"https:\/\/api.w.org\/{rel}","templated":true}]}}