{"id":5692,"date":"2018-06-30T13:21:07","date_gmt":"2018-06-30T16:21:07","guid":{"rendered":"http:\/\/singep.org.br\/11\/?page_id=5692"},"modified":"2023-07-03T13:56:44","modified_gmt":"2023-07-03T16:56:44","slug":"innovacion","status":"publish","type":"page","link":"https:\/\/singep.org.br\/11\/innovacion\/?lang=es","title":{"rendered":"Innovaci\u00f3n"},"content":{"rendered":"<p><span lang=\"es-ES\"><b>L\u00edderes:<\/b><\/span><\/p>\n<ul>\n<li><span lang=\"es-ES\">Claudia Brito Silva Cirani \u2013 Programa de <\/span><span style=\"color: #000000;\"><span lang=\"es-ES\">Posgrado<\/span><\/span><span lang=\"es-ES\"> en Administraci\u00f3n de la Universidad Nove de Julho (UNINOVE)<\/span><\/li>\n<li><span lang=\"es-ES\">Franklin Ribeiro Alumno de Doctorado del Programa de <\/span><span style=\"color: #000000;\"><span lang=\"es-ES\">Posgrado<\/span><\/span><span lang=\"es-ES\"> en Administraci\u00f3n de la Universidad Nove de Julho (UNINOVE)<\/span><\/li>\n<li><span lang=\"es-ES\">Vin\u00edcius Rodrigues Silva Pires \u2013 Alumno de Doctorado del Programa de <\/span><span style=\"color: #000000;\"><span lang=\"es-ES\">Posgrado<\/span><\/span><span lang=\"es-ES\"> en Administraci\u00f3n de la Universidad Nove de Julho (UNINOVE)<\/span><\/li>\n<\/ul>\n<p><span lang=\"es-ES\"><b>Temas:<\/b><\/span><\/p>\n<ul>\n<li style=\"list-style-type: none;\">\n<ol>\n<li><span lang=\"es-ES\">Innovaci\u00f3n en Servicios<\/span><\/li>\n<li><span lang=\"es-ES\">Innovaci\u00f3n y Administraci\u00f3n P\u00fablica<\/span><\/li>\n<li><span lang=\"es-ES\">Innovaci\u00f3n y Emprendimiento Digital<\/span><\/li>\n<li><span lang=\"es-ES\">Innovaci\u00f3n y Emprendimiento Sostenible<\/span><\/li>\n<li><span lang=\"es-ES\">Aspectos Comportamentales de la Innovaci\u00f3n y del Emprendimiento <\/span><\/li>\n<li><span lang=\"es-ES\">Redes, Ecosistemas y Pol\u00edticas de Innovaci\u00f3n y Emprendimiento<\/span><\/li>\n<li><span lang=\"es-ES\">Temas Emergentes en Innovaci\u00f3n y Emprendimiento<\/span><\/li>\n<li><span lang=\"es-ES\">Innovaci\u00f3n, Emprendimiento, Inteligencia Artificial (IA) y los Objetivos del Desarrollo Sostenible (ODS) Transformando los Negocios<\/span><\/li>\n<\/ol>\n<\/li>\n<\/ul>\n","protected":false},"excerpt":{"rendered":"<p>L\u00edderes: Claudia Brito Silva Cirani \u2013 Programa de Posgrado en Administraci\u00f3n de la Universidad Nove de Julho (UNINOVE) Franklin Ribeiro Alumno de Doctorado del Programa de Posgrado en Administraci\u00f3n de la Universidad Nove de Julho (UNINOVE) Vin\u00edcius Rodrigues Silva Pires \u2013 Alumno de Doctorado del Programa de Posgrado en Administraci\u00f3n de la Universidad Nove de [&hellip;]<\/p>\n","protected":false},"author":1,"featured_media":0,"parent":0,"menu_order":0,"comment_status":"closed","ping_status":"closed","template":"","meta":{"footnotes":""},"class_list":["post-5692","page","type-page","status-publish","hentry"],"_links":{"self":[{"href":"https:\/\/singep.org.br\/11\/wp-json\/wp\/v2\/pages\/5692","targetHints":{"allow":["GET"]}}],"collection":[{"href":"https:\/\/singep.org.br\/11\/wp-json\/wp\/v2\/pages"}],"about":[{"href":"https:\/\/singep.org.br\/11\/wp-json\/wp\/v2\/types\/page"}],"author":[{"embeddable":true,"href":"https:\/\/singep.org.br\/11\/wp-json\/wp\/v2\/users\/1"}],"replies":[{"embeddable":true,"href":"https:\/\/singep.org.br\/11\/wp-json\/wp\/v2\/comments?post=5692"}],"version-history":[{"count":1,"href":"https:\/\/singep.org.br\/11\/wp-json\/wp\/v2\/pages\/5692\/revisions"}],"predecessor-version":[{"id":8402,"href":"https:\/\/singep.org.br\/11\/wp-json\/wp\/v2\/pages\/5692\/revisions\/8402"}],"wp:attachment":[{"href":"https:\/\/singep.org.br\/11\/wp-json\/wp\/v2\/media?parent=5692"}],"curies":[{"name":"wp","href":"https:\/\/api.w.org\/{rel}","templated":true}]}}