{"id":5691,"date":"2018-06-30T13:20:44","date_gmt":"2018-06-30T16:20:44","guid":{"rendered":"http:\/\/singep.org.br\/11\/?page_id=5691"},"modified":"2023-06-28T16:44:58","modified_gmt":"2023-06-28T19:44:58","slug":"innovation","status":"publish","type":"page","link":"https:\/\/singep.org.br\/11\/innovation\/?lang=en","title":{"rendered":"Innovation and Entrepreneurship"},"content":{"rendered":"\n<div class=\"wp-block-group\"><div class=\"wp-block-group__inner-container is-layout-constrained wp-block-group-is-layout-constrained\">\n<div class=\"wp-block-group\"><div class=\"wp-block-group__inner-container is-layout-constrained wp-block-group-is-layout-constrained\">\n<div class=\"wp-block-columns is-layout-flex wp-container-core-columns-is-layout-9d6595d7 wp-block-columns-is-layout-flex\">\n<div class=\"wp-block-column is-layout-flow wp-block-column-is-layout-flow\" style=\"flex-basis:100%\">\n<div class=\"wp-block-group\"><div class=\"wp-block-group__inner-container is-layout-constrained wp-block-group-is-layout-constrained\">\n<div class=\"wp-block-columns is-layout-flex wp-container-core-columns-is-layout-9d6595d7 wp-block-columns-is-layout-flex\">\n<div class=\"wp-block-column is-layout-flow wp-block-column-is-layout-flow\" style=\"flex-basis:100%\">\n<div class=\"b_text\">\n<p><strong>Theme Leader:<\/strong><\/p>\n<ul>\n<li>Claudia Brito Silva Cirani \u2013 Programa de P\u00f3s-Gradua\u00e7\u00e3o em Administra\u00e7\u00e3o da Universidade Nove de Julho (UNINOVE)<\/li>\n<li>Franklin Ribeiro Doutorando do Programa de P\u00f3s-Gradua\u00e7\u00e3o em Administra\u00e7\u00e3o da Universidade Nove de Julho (UNINOVE)<\/li>\n<li>Vin\u00edcius Rodrigues Silva Pires \u2013 Doutorando do Programa de P\u00f3s-Gradua\u00e7\u00e3o em Administra\u00e7\u00e3o da Universidade Nove de Julho (UNINOVE)<\/li>\n<\/ul>\n<p>&nbsp;<\/p>\n<\/div>\n<\/div>\n<\/div>\n<\/div><\/div>\n<\/div>\n<\/div>\n<\/div><\/div>\n\n\n\n<h3 class=\"wp-block-heading\"><strong>Themes:<\/strong><\/h3>\n\n\n\n<ol class=\"wp-block-list\">\n<li>Innovation in Services<\/li>\n\n\n\n<li>Innovation in Public Administration<\/li>\n\n\n\n<li>Innovation and Digital Entrepreneurship<\/li>\n\n\n\n<li>Innovation and Sustainable Entrepreneurship<\/li>\n\n\n\n<li>Behavioral Aspects of Innovation and Entrepreneurship<\/li>\n\n\n\n<li>Networks, Ecosystems and Policies for Innovation and Entrepreneurship<\/li>\n\n\n\n<li>Emerging Themes in Innovation and Entrepreneurship<\/li>\n\n\n\n<li>Innovation, Entrepreneurship, Artificial Intelligence (AI) and Sustainable Development Goals (SDGs) Transforming Business<\/li>\n<\/ol>\n<\/div><\/div>\n","protected":false},"excerpt":{"rendered":"<p>Theme Leader: Claudia Brito Silva Cirani \u2013 Programa de P\u00f3s-Gradua\u00e7\u00e3o em Administra\u00e7\u00e3o da Universidade Nove de Julho (UNINOVE) Franklin Ribeiro Doutorando do Programa de P\u00f3s-Gradua\u00e7\u00e3o em Administra\u00e7\u00e3o da Universidade Nove de Julho (UNINOVE) Vin\u00edcius Rodrigues Silva Pires \u2013 Doutorando do Programa de P\u00f3s-Gradua\u00e7\u00e3o em Administra\u00e7\u00e3o da Universidade Nove de Julho (UNINOVE) &nbsp; Themes:<\/p>\n","protected":false},"author":1,"featured_media":0,"parent":0,"menu_order":0,"comment_status":"closed","ping_status":"closed","template":"","meta":{"footnotes":""},"class_list":["post-5691","page","type-page","status-publish","hentry"],"_links":{"self":[{"href":"https:\/\/singep.org.br\/11\/wp-json\/wp\/v2\/pages\/5691","targetHints":{"allow":["GET"]}}],"collection":[{"href":"https:\/\/singep.org.br\/11\/wp-json\/wp\/v2\/pages"}],"about":[{"href":"https:\/\/singep.org.br\/11\/wp-json\/wp\/v2\/types\/page"}],"author":[{"embeddable":true,"href":"https:\/\/singep.org.br\/11\/wp-json\/wp\/v2\/users\/1"}],"replies":[{"embeddable":true,"href":"https:\/\/singep.org.br\/11\/wp-json\/wp\/v2\/comments?post=5691"}],"version-history":[{"count":7,"href":"https:\/\/singep.org.br\/11\/wp-json\/wp\/v2\/pages\/5691\/revisions"}],"predecessor-version":[{"id":8319,"href":"https:\/\/singep.org.br\/11\/wp-json\/wp\/v2\/pages\/5691\/revisions\/8319"}],"wp:attachment":[{"href":"https:\/\/singep.org.br\/11\/wp-json\/wp\/v2\/media?parent=5691"}],"curies":[{"name":"wp","href":"https:\/\/api.w.org\/{rel}","templated":true}]}}