{"id":5689,"date":"2018-06-30T13:08:22","date_gmt":"2018-06-30T16:08:22","guid":{"rendered":"http:\/\/singep.org.br\/11\/?page_id=5689"},"modified":"2023-06-28T16:42:07","modified_gmt":"2023-06-28T19:42:07","slug":"project-management","status":"publish","type":"page","link":"https:\/\/singep.org.br\/11\/project-management\/?lang=en","title":{"rendered":"Project Management"},"content":{"rendered":"<div class=\"b_text\">\n<p><strong>Theme Leaders:<\/strong><\/p>\n<ul>\n<li>Cristiane Drebes Pedron \u2013 Programa de P\u00f3s-Gradua\u00e7\u00e3o em Administra\u00e7\u00e3o e do Programa de P\u00f3s-Gradua\u00e7\u00e3o em Gest\u00e3o de Projetos da Universidade Nove de Julho (UNINOVE)<\/li>\n<li>Vanessa Mesquita Blas \u2013 Doutora em Administra\u00e7\u00e3o \u2013 Gest\u00e3o de Projetos (PPGP- Uninove) e Diretora de Projetos na Sol Agora\/CredGrid (Fintech do Grupo Brookfield)<\/li>\n<li>Silvio Teixeira \u2013 Doutorando do Programa de P\u00f3s-Gradua\u00e7\u00e3o em Gest\u00e3o de Projetos da Universidade Nove de Julho (UNINOVE)<\/li>\n<\/ul>\n<div class=\"wp-block-spacer\" aria-hidden=\"true\"><\/div>\n<h3><\/h3>\n<h3>Themes:<\/h3>\n<ol>\n<li>Organizational and Individual Skills in Project Management<\/li>\n<li>Project Management Office: Porfolio, Maturity, and Strategy<\/li>\n<li>Public and Third Sector Project Management<\/li>\n<li>Learning and Knowledgement Management in Projects<\/li>\n<li>Tools and Methods in Project Management<\/li>\n<li>Sustainability in Project Management<\/li>\n<li>Hybrid and Agile Projects<\/li>\n<li>Emerging Technologies in Project Management (e.g., IoT, Analytics, and 5G)<\/li>\n<li>Project Management in Entrepreneurship Environments (e.g., startups and fintechs)<\/li>\n<li>Research and Teaching Techniques in Project Management<\/li>\n<li>Emerging topics on Project Management<\/li>\n<li>Project Management, Artificial Intelligence (AI) and Sustainable Development Goals (SDGs) Transforming Business<\/li>\n<\/ol>\n<\/div>\n","protected":false},"excerpt":{"rendered":"<p>Theme Leaders: Cristiane Drebes Pedron \u2013 Programa de P\u00f3s-Gradua\u00e7\u00e3o em Administra\u00e7\u00e3o e do Programa de P\u00f3s-Gradua\u00e7\u00e3o em Gest\u00e3o de Projetos da Universidade Nove de Julho (UNINOVE) Vanessa Mesquita Blas \u2013 Doutora em Administra\u00e7\u00e3o \u2013 Gest\u00e3o de Projetos (PPGP- Uninove) e Diretora de Projetos na Sol Agora\/CredGrid (Fintech do Grupo Brookfield) Silvio Teixeira \u2013 Doutorando do [&hellip;]<\/p>\n","protected":false},"author":1,"featured_media":0,"parent":0,"menu_order":0,"comment_status":"closed","ping_status":"closed","template":"","meta":{"footnotes":""},"class_list":["post-5689","page","type-page","status-publish","hentry"],"_links":{"self":[{"href":"https:\/\/singep.org.br\/11\/wp-json\/wp\/v2\/pages\/5689","targetHints":{"allow":["GET"]}}],"collection":[{"href":"https:\/\/singep.org.br\/11\/wp-json\/wp\/v2\/pages"}],"about":[{"href":"https:\/\/singep.org.br\/11\/wp-json\/wp\/v2\/types\/page"}],"author":[{"embeddable":true,"href":"https:\/\/singep.org.br\/11\/wp-json\/wp\/v2\/users\/1"}],"replies":[{"embeddable":true,"href":"https:\/\/singep.org.br\/11\/wp-json\/wp\/v2\/comments?post=5689"}],"version-history":[{"count":3,"href":"https:\/\/singep.org.br\/11\/wp-json\/wp\/v2\/pages\/5689\/revisions"}],"predecessor-version":[{"id":8314,"href":"https:\/\/singep.org.br\/11\/wp-json\/wp\/v2\/pages\/5689\/revisions\/8314"}],"wp:attachment":[{"href":"https:\/\/singep.org.br\/11\/wp-json\/wp\/v2\/media?parent=5689"}],"curies":[{"name":"wp","href":"https:\/\/api.w.org\/{rel}","templated":true}]}}