{"id":5687,"date":"2018-06-30T13:07:26","date_gmt":"2018-06-30T16:07:26","guid":{"rendered":"http:\/\/singep.org.br\/11\/?page_id=5687"},"modified":"2023-07-03T13:51:33","modified_gmt":"2023-07-03T16:51:33","slug":"gestion-de-proyectos","status":"publish","type":"page","link":"https:\/\/singep.org.br\/11\/gestion-de-proyectos\/?lang=es","title":{"rendered":"Gesti\u00f3n de Proyectos"},"content":{"rendered":"\n<p><strong>L\u00edderes:<\/strong><\/p>\n\n\n\n<ul class=\"wp-block-list\">\n<li>Cristiane Drebes Pedron \u2013 Programa de Posgrado en Administraci\u00f3n y del Programa de Posgrado en Gesti\u00f3n de Proyectos de la Universidad Nove de Julho (UNINOVE)<\/li>\n\n\n\n<li>Vanessa Mesquita Blas \u2013 Doctora en Administraci\u00f3n \u2013 Gesti\u00f3n de Proyectos (PPGP- Uninove) y Directora de Proyectos en la Sol Agora\/CredGrid (Fintech del Grupo Brookfield)<\/li>\n\n\n\n<li>Silvio Teixeira \u2013 Alumno de Doctorado del Programa de Posgrado en Gesti\u00f3n de Proyectos de la Universidad Nove de Julho (UNINOVE)<\/li>\n<\/ul>\n\n\n\n<p><\/p>\n\n\n\n<p><strong>Temas:<\/strong><\/p>\n\n\n\n<ol class=\"wp-block-list\">\n<li>Competencias Organizacionales e Individuales en la Gesti\u00f3n de Proyectos<\/li>\n\n\n\n<li>PMO: Portf\u00f3lio, Madurez y Estrategia<\/li>\n\n\n\n<li>Gesti\u00f3n de Proyectos en el Sector P\u00fablico y en el Tercer Sector<\/li>\n\n\n\n<li>Gesti\u00f3n de Conocimiento y Aprendizaje en Proyectos<\/li>\n\n\n\n<li>Metodolog\u00edas y Herramientas de Gesti\u00f3n de Proyectos<\/li>\n\n\n\n<li>Sostenibilidad en Proyectos<\/li>\n\n\n\n<li>Proyectos \u00c1giles e H\u00edbridos<\/li>\n\n\n\n<li>Tecnolog\u00edas Emergentes (ej. IoT, Analytics, 5G) y la Gesti\u00f3n de Proyectos<\/li>\n\n\n\n<li>Gesti\u00f3n de Proyectos en Ambientes Emprendedores (ej. Startups y Fintechs)<\/li>\n\n\n\n<li>M\u00e9todos de Investigaci\u00f3n y Ense\u00f1anza en Gesti\u00f3n de Proyectos<\/li>\n\n\n\n<li>T\u00f3picos Emergentes en Gesti\u00f3n de Proyectos<\/li>\n\n\n\n<li>Gesti\u00f3n de Proyectos, Inteligencia Artificial (IA) y los Objetivos del Desarrollo Sostenible (ODS) Transformando los Negocios<\/li>\n<\/ol>\n","protected":false},"excerpt":{"rendered":"<p>L\u00edderes: Temas:<\/p>\n","protected":false},"author":1,"featured_media":0,"parent":0,"menu_order":0,"comment_status":"closed","ping_status":"closed","template":"","meta":{"footnotes":""},"class_list":["post-5687","page","type-page","status-publish","hentry"],"_links":{"self":[{"href":"https:\/\/singep.org.br\/11\/wp-json\/wp\/v2\/pages\/5687","targetHints":{"allow":["GET"]}}],"collection":[{"href":"https:\/\/singep.org.br\/11\/wp-json\/wp\/v2\/pages"}],"about":[{"href":"https:\/\/singep.org.br\/11\/wp-json\/wp\/v2\/types\/page"}],"author":[{"embeddable":true,"href":"https:\/\/singep.org.br\/11\/wp-json\/wp\/v2\/users\/1"}],"replies":[{"embeddable":true,"href":"https:\/\/singep.org.br\/11\/wp-json\/wp\/v2\/comments?post=5687"}],"version-history":[{"count":2,"href":"https:\/\/singep.org.br\/11\/wp-json\/wp\/v2\/pages\/5687\/revisions"}],"predecessor-version":[{"id":8397,"href":"https:\/\/singep.org.br\/11\/wp-json\/wp\/v2\/pages\/5687\/revisions\/8397"}],"wp:attachment":[{"href":"https:\/\/singep.org.br\/11\/wp-json\/wp\/v2\/media?parent=5687"}],"curies":[{"name":"wp","href":"https:\/\/api.w.org\/{rel}","templated":true}]}}