{"id":5663,"date":"2018-06-30T12:50:18","date_gmt":"2018-06-30T15:50:18","guid":{"rendered":"http:\/\/singep.org.br\/11\/?page_id=5663"},"modified":"2023-07-03T14:37:46","modified_gmt":"2023-07-03T17:37:46","slug":"formato-para-poster","status":"publish","type":"page","link":"https:\/\/singep.org.br\/11\/reglas-para-enviar-los-trabajos\/formato-para-poster\/?lang=es","title":{"rendered":"Formato para P\u00f3ster"},"content":{"rendered":"\n<p><strong>Cada autor podr\u00e1 enviar un m\u00e1ximo de 4 trabajos para el evento XI SINGEP-CIK<\/strong><br>Cada trabajo podr\u00e1 tener\u00a0<strong>hasta 4 autores.<\/strong><br><strong>Modelo:<\/strong>\u00a0El uso del modelo es obligatorio. Los archivos que se env\u00eden sin el modelo ser\u00e1n autom\u00e1ticamente descalificados. (<a href=\"https:\/\/singep.org.br\/11\/wp-content\/uploads\/sites\/10\/2023\/07\/template_XISINGEP_Poster_2023_Esp.ok_.docx\">Haga clic aqu\u00ed para hacer el Download<\/a>)<br><strong>Formato del archivo para env\u00edo:<\/strong>\u00a0PDF<br><strong>Idioma:<\/strong>\u00a0Portugu\u00e9s, Ingl\u00e9s o Espa\u00f1ol<br><strong>Fuente del texto:<\/strong>\u00a0Times New Roman, corpo 12<br><strong>Espacio entre las l\u00edneas:\u00a0<\/strong>simple<br><strong>Espacio entre los caracteres:<\/strong>\u00a0normal<br><strong>L\u00edmite de p\u00e1ginas:<\/strong>\u00a0m\u00ednimo 8, m\u00e1ximo 16 p\u00e1ginas<br><strong>Tama\u00f1o do Papel:<\/strong>\u00a0A4<br><strong>M\u00e1rgenes:<\/strong>\u00a0Superior: 3cm \/ Inferior: 2 cm \/ Izquierda: 3 cm \/ Derecha: 2 cm<br><strong>P\u00e1rrafo:<\/strong>\u00a0Texto Justificado<br><strong>Paginaci\u00f3n:<\/strong>\u00a0el n\u00famero de p\u00e1ginas en el rodapi\u00e9, alineado al lado derecho, ya est\u00e1 en el\u00a0modelo.<br><strong>Notas:<\/strong>\u00a0No deben ser colocadas en el rodapi\u00e9. Deben ser colocadas como notas de fin de texto.<br><strong>Figuras y Tablas:<\/strong>\u00a0Todas las figuras y tablas deben tener leyendas y seguir las normas da APA. En el caso de figuras (cuadros, gr\u00e1ficos, dise\u00f1os, etc.) las respectivas leyendas deben ser posicionadas debajo de ellas, alineadas a la izquierda, con fuente\u00a0Times New Roman, tama\u00f1o 10 (diez). En las tablas, las leyendas deben ser ubicadas encima de ellas, deben estar centralizadas y tener la fuente Times New Roman, tama\u00f1o 10 (diez).<\/p>\n\n\n\n<p><strong>Citas y referencias bibliogr\u00e1ficas:<\/strong>&nbsp;Las citas deben insertarse en el cuerpo del texto, seg\u00fan el sistema autor-fecha, agregando el n\u00famero de p\u00e1gina en el caso de citas directas. Las referencias bibliogr\u00e1ficas deben presentarse en orden alfab\u00e9tico al final del art\u00edculo, de acuerdo con la norma&nbsp;<em>American Psychological Association<\/em>&nbsp;(APA).<\/p>\n\n\n\n<p><strong>Observaciones:<\/strong><\/p>\n\n\n\n<p>No se aceptar\u00e1n trabajos que no cumplan con las caracter\u00edsticas y criterios t\u00e9cnicos exigidos.<\/p>\n\n\n\n<p><strong>El trabajo debe ser enviado en un (1) solo archivo, sin identificaci\u00f3n de autores, sin instituci\u00f3n y sin correo electr\u00f3nico. Los trabajos cuya autor\u00eda sea identificada quedar\u00e1n autom\u00e1ticamente excluidos del evento.<\/strong><\/p>\n\n\n\n<p><strong>MODALIDAD P\u00d3STER<\/strong><\/p>\n\n\n\n<p>El documento presentado para la modalidad de p\u00f3ster deber\u00e1 contener un m\u00ednimo de dos (2) y un m\u00e1ximo de cuatro (4) p\u00e1ginas, incluyendo ilustraciones, referencias y notas al final del texto.<\/p>\n\n\n\n<p><strong>Resumen Estructurado&nbsp;<\/strong><em>(debe constar apenas en la plataforma de env\u00edo):<\/em><\/p>\n\n\n\n<p>Sugerimos que los autores preparen el resumen estructurado en un documento separado y copien y peguen cada elemento en el campo espec\u00edfico al enviarlo.<\/p>\n\n\n\n<p>O resumen estructurado del trabajo cient\u00edfico incluye los siguientes aspectos y en su composici\u00f3n debe tener como <strong>m\u00e1ximo <\/strong><strong>250 palabras<\/strong>:<\/p>\n\n\n\n<ol class=\"wp-block-list\">\n<li>Objetivo del estudio (m\u00e1ximo 42 palabras)<\/li>\n\n\n\n<li>Relevancia\/originalidad (m\u00e1ximo 42 palabras)<\/li>\n\n\n\n<li>Metodolog\u00eda\/enfoque (m\u00e1ximo 42 palabras)<\/li>\n\n\n\n<li>Principales resultados (m\u00e1ximo 42 palabras)<\/li>\n\n\n\n<li>Contribuciones te\u00f3ricas\/metodol\u00f3gicas (m\u00e1ximo 42 palabras)<\/li>\n\n\n\n<li>Contribuciones sociales\/para la gesti\u00f3n (m\u00e1ximo 42 palabras)<\/li>\n<\/ol>\n\n\n\n<p>El T\u00edtulo, el Resumen Estructurado y las Palabras Clave deben ser escritos en dos versiones, independientemente del idioma elegido para la presentaci\u00f3n del art\u00edculo cient\u00edfico: <strong>1\u00aa versi\u00f3n en portugu\u00e9s<\/strong>; y la <strong>2\u00aa versi\u00f3n en ingl\u00e9s<\/strong>.<\/p>\n\n\n\n<p><strong>Campos para completar en la plataforma de env\u00edo:<\/strong><\/p>\n\n\n\n<ol class=\"wp-block-list\">\n<li>T\u00edtulo do trabajo en portugu\u00e9s: en letras may\u00fasculas.<\/li>\n\n\n\n<li>T\u00edtulo do trabajo en ingl\u00e9s: em letras may\u00fasculas.<\/li>\n\n\n\n<li>Palabras clave: en portugu\u00e9s, m\u00ednimo de tres (3) y m\u00e1ximo cinco (5).<\/li>\n\n\n\n<li>Palabras clave: en ingl\u00e9s, deben ser las mismas definidas en portugu\u00e9s.<\/li>\n\n\n\n<li>Campos del resumen estructurado: en portugu\u00e9s<\/li>\n\n\n\n<li>Campos del resumen estructurado: en ingl\u00e9s<\/li>\n<\/ol>\n\n\n\n<p><strong>Estructura sugerida para el env\u00edo en el formato P\u00f3ster&nbsp;(parte textual):<\/strong><\/p>\n\n\n\n<p><strong>(No incluir el resumen estructurado en el PDF, \u00e9l debe ser incluido solamente en la plataforma de env\u00edo).<\/strong><\/p>\n\n\n\n<ol class=\"wp-block-list\">\n<li>T\u00cdTULO (en el idioma del texto)<\/li>\n\n\n\n<li>Introducci\u00f3n (considerando el tema, problema de la investigaci\u00f3n y objetivos)<\/li>\n\n\n\n<li>Referencial Te\u00f3rico<\/li>\n\n\n\n<li>Metodolog\u00eda<\/li>\n\n\n\n<li>An\u00e1lisis de los resultados y Discusiones<\/li>\n\n\n\n<li>Conclusiones\/Consideraciones finales<\/li>\n\n\n\n<li>Referencias<\/li>\n<\/ol>\n\n\n\n<p><strong>Modelo obligatorio:<\/strong>\u00a0(<a href=\"https:\/\/singep.org.br\/11\/wp-content\/uploads\/sites\/10\/2023\/07\/template_XISINGEP_Poster_2023_Esp.ok_.docx\">Haga clic aqu\u00ed para hacer el Download<\/a>)<\/p>\n\n\n\n<div class=\"wp-block-columns has-pale-cyan-blue-background-color has-background has-medium-font-size is-layout-flex wp-container-core-columns-is-layout-9d6595d7 wp-block-columns-is-layout-flex\">\n<div class=\"wp-block-column is-vertically-aligned-center is-layout-flow wp-block-column-is-layout-flow\">\n<p class=\"has-large-font-size\" style=\"margin: 20px;\">Submiss\u00f5es Abertas<\/p>\n<\/div>\n\n\n\n<div class=\"wp-block-column is-layout-flow wp-block-column-is-layout-flow\">\n<div class=\"wp-block-buttons is-layout-flex wp-block-buttons-is-layout-flex\">\n<div class=\"wp-block-button has-custom-width wp-block-button__width-100\" style=\"margin: 20px;\"><a class=\"wp-block-button__link has-white-color has-text-color wp-element-button\">Haga clic aqu\u00ed para realiar el env\u00edo<\/a><\/div>\n<\/div>\n<\/div>\n<\/div>\n","protected":false},"excerpt":{"rendered":"<p>Cada autor podr\u00e1 enviar un m\u00e1ximo de 4 trabajos para el evento XI SINGEP-CIKCada trabajo podr\u00e1 tener\u00a0hasta 4 autores.Modelo:\u00a0El uso del modelo es obligatorio. Los archivos que se env\u00eden sin el modelo ser\u00e1n autom\u00e1ticamente descalificados. (Haga clic aqu\u00ed para hacer el Download)Formato del archivo para env\u00edo:\u00a0PDFIdioma:\u00a0Portugu\u00e9s, Ingl\u00e9s o Espa\u00f1olFuente del texto:\u00a0Times New Roman, corpo 12Espacio [&hellip;]<\/p>\n","protected":false},"author":1,"featured_media":0,"parent":5639,"menu_order":0,"comment_status":"closed","ping_status":"closed","template":"","meta":{"footnotes":""},"class_list":["post-5663","page","type-page","status-publish","hentry"],"_links":{"self":[{"href":"https:\/\/singep.org.br\/11\/wp-json\/wp\/v2\/pages\/5663","targetHints":{"allow":["GET"]}}],"collection":[{"href":"https:\/\/singep.org.br\/11\/wp-json\/wp\/v2\/pages"}],"about":[{"href":"https:\/\/singep.org.br\/11\/wp-json\/wp\/v2\/types\/page"}],"author":[{"embeddable":true,"href":"https:\/\/singep.org.br\/11\/wp-json\/wp\/v2\/users\/1"}],"replies":[{"embeddable":true,"href":"https:\/\/singep.org.br\/11\/wp-json\/wp\/v2\/comments?post=5663"}],"version-history":[{"count":1,"href":"https:\/\/singep.org.br\/11\/wp-json\/wp\/v2\/pages\/5663\/revisions"}],"predecessor-version":[{"id":8434,"href":"https:\/\/singep.org.br\/11\/wp-json\/wp\/v2\/pages\/5663\/revisions\/8434"}],"up":[{"embeddable":true,"href":"https:\/\/singep.org.br\/11\/wp-json\/wp\/v2\/pages\/5639"}],"wp:attachment":[{"href":"https:\/\/singep.org.br\/11\/wp-json\/wp\/v2\/media?parent=5663"}],"curies":[{"name":"wp","href":"https:\/\/api.w.org\/{rel}","templated":true}]}}