{"id":5656,"date":"2018-06-30T12:40:40","date_gmt":"2018-06-30T15:40:40","guid":{"rendered":"http:\/\/singep.org.br\/11\/?page_id=5656"},"modified":"2023-07-03T14:28:43","modified_gmt":"2023-07-03T17:28:43","slug":"formato-para-relato-tecnico","status":"publish","type":"page","link":"https:\/\/singep.org.br\/11\/reglas-para-enviar-los-trabajos\/formato-para-relato-tecnico\/?lang=es","title":{"rendered":"Formato para Relato T\u00e9cnico"},"content":{"rendered":"<p><strong>Cada autor podr\u00e1 enviar un m\u00e1ximo de 4 trabajos para el evento XI SINGEP-CIK<\/strong><\/p>\n<p>Cada trabajo podr\u00e1 tener\u00a0<strong>hasta 4 autores.<\/strong><\/p>\n<p><strong>Modelo<\/strong>:\u00a0El uso del modelo es obligatorio. Los archivos que se env\u00eden sin el modelo ser\u00e1n autom\u00e1ticamente descalificados. (<a href=\"https:\/\/singep.org.br\/11\/wp-content\/uploads\/sites\/10\/2023\/07\/template_XISINGEP_Relato-Tecnico_2023_Esp.ok_.docx\">Haga clic aqu\u00ed para hacer el Download<\/a>)<\/p>\n<p><strong>Formato del archivo para env\u00edo:<\/strong>\u00a0PDF<\/p>\n<p><strong>Idioma:<\/strong>\u00a0Portugu\u00e9s, Ingl\u00e9s o Espa\u00f1ol<\/p>\n<p><strong>Fuente del texto:<\/strong>\u00a0Times New Roman, corpo 12<\/p>\n<p><strong>Espacio entre las l\u00edneas:\u00a0<\/strong>simple<\/p>\n<p><strong>Espacio entre los caracteres:<\/strong>\u00a0normal<\/p>\n<p><strong>L\u00edmite de p\u00e1ginas:<\/strong>\u00a0m\u00ednimo 8, m\u00e1ximo 16 p\u00e1ginas<\/p>\n<p><strong>Tama\u00f1o do Papel:<\/strong>\u00a0A4<\/p>\n<p><strong>M\u00e1rgenes:\u00a0Superior:<\/strong> 3cm \/ Inferior: 2 cm \/ Izquierda: 3 cm \/ Derecha: 2 cm<\/p>\n<p><strong>P\u00e1rrafo:<\/strong>\u00a0Texto Justificado<\/p>\n<p><strong>Paginaci\u00f3n:<\/strong>\u00a0el n\u00famero de p\u00e1ginas en el rodapi\u00e9, alineado al lado derecho, ya est\u00e1 en el\u00a0modelo.<\/p>\n<p><strong>Notas:<\/strong>\u00a0No deben ser colocadas en el rodapi\u00e9. Deben ser colocadas como notas de fin de texto.<\/p>\n<p><strong>Figuras y Tablas:<\/strong>\u00a0Todas las figuras y tablas deben tener leyendas y seguir las normas da APA. En el caso de figuras (cuadros, gr\u00e1ficos, dise\u00f1os, etc.) las respectivas leyendas deben ser posicionadas debajo de ellas, alineadas a la izquierda, con fuente\u00a0Times New Roman, tama\u00f1o 10 (diez). En las tablas, las leyendas deben ser ubicadas encima de ellas, deben estar centralizadas y tener la fuente Times New Roman, tama\u00f1o 10 (diez).<\/p>\n<p><strong>Citas y referencias bibliogr\u00e1ficas:<\/strong>\u00a0Las citas deben insertarse en el cuerpo del texto, seg\u00fan el sistema autor-fecha, agregando el n\u00famero de p\u00e1gina en el caso de citas directas. Las referencias bibliogr\u00e1ficas<\/p>\n<p>deben presentarse en orden alfab\u00e9tico al final del art\u00edculo, de acuerdo con la norma\u00a0American Psychological Association\u00a0(APA).<\/p>\n<p><strong>Observaciones:<\/strong><\/p>\n<p>No se aceptar\u00e1n trabajos que no cumplan con las caracter\u00edsticas y criterios t\u00e9cnicos exigidos.<\/p>\n<p>El trabajo debe ser enviado en un (1) solo archivo, sin identificaci\u00f3n de autores, sin instituci\u00f3n y sin correo electr\u00f3nico. Los trabajos cuya autor\u00eda sea identificada quedar\u00e1n autom\u00e1ticamente excluidos del evento.<\/p>\n<p><strong>MODALIDAD RELATO T\u00c9CNICO<\/strong><\/p>\n<p>El relato t\u00e9cnico es el producto final de un estudio (investigaci\u00f3n aplicada o producci\u00f3n t\u00e9cnica) que describe con precisi\u00f3n y objetividad la situaci\u00f3n -problema en el contexto organizacional y el resultado o la soluci\u00f3n prescriptiva asociada. Un relato t\u00e9cnico presenta los resultados de una intervenci\u00f3n administrativa, t\u00e9cnica o gerencial en una organizaci\u00f3n realizada con criterios metodol\u00f3gicos. Son trabajos acad\u00e9micos que priorizan la descripci\u00f3n del aprendizaje, en forma de presentaci\u00f3n de resultados pr\u00e1cticos, aprendizaje que proviene de experiencias vividas por organizaciones\/profesionales involucrados en procesos que pueden ser gestionados\/mejorados a trav\u00e9s de t\u00e9cnicas de gesti\u00f3n espec\u00edficas. Debe redactarse con base en el rigor cient\u00edfico y metodol\u00f3gico.<\/p>\n<p><strong>Orientaciones para el registro y desarrollo del relato t\u00e9cnico:<\/strong><\/p>\n<p>O relato t\u00e9cnico debe contener un m\u00ednimo de ocho (8) y un m\u00e1ximo de diecis\u00e9is (16) p\u00e1ginas, incluyendo ilustraciones, referencias y notas finales.<\/p>\n<p>\u2013 Debe favorecer el conocimiento prescriptivo, es decir, proponer (o prescribir) soluciones a los problemas que enfrentan las organizaciones;<\/p>\n<p>\u2013 Debe tener como objetivo la soluci\u00f3n de problemas de forma pr\u00e1ctica, aunque sean fundamentadas en disciplinas aplicadas;<\/p>\n<p>\u2013 Su misi\u00f3n debe ser desarrollar conocimiento sobre lo que es relevante para la resoluci\u00f3n de problemas en su campo de investigaci\u00f3n.<\/p>\n<p>\u00a0<\/p>\n<p>\u00a0<\/p>\n<p><strong>Resumen Estructurado\u00a0(debe constar apenas en la plataforma de env\u00edo):<\/strong><\/p>\n<p>Sugerimos que los autores preparen el resumen estructurado en un documento separado y copien y peguen cada elemento en el campo espec\u00edfico al enviarlo.<\/p>\n<p>O resumen estructurado del relato t\u00e9cnico incluye los siguientes aspectos y en su composici\u00f3n debe tener como<strong> m\u00e1ximo 250 palabras:<\/strong><\/p>\n<p>Objetivo del estudio (m\u00e1ximo 42 palabras)<\/p>\n<p>Relevancia\/originalidad (m\u00e1ximo 42 palabras)<\/p>\n<p>Metodolog\u00eda\/enfoque (m\u00e1ximo 42 palabras)<\/p>\n<p>Principales resultados (m\u00e1ximo 42 palabras)<\/p>\n<p>Contribuciones te\u00f3ricas\/metodol\u00f3gicas (m\u00e1ximo 42 palabras)<\/p>\n<p>Contribuciones sociales\/para la gesti\u00f3n (m\u00e1ximo 42 palabras)<\/p>\n<p><br \/>El T\u00edtulo, el Resumen Estructurado y las Palabras Clave deben ser escritos en dos versiones, independientemente del idioma elegido para la presentaci\u00f3n del art\u00edculo cient\u00edfico: <strong>1\u00aa versi\u00f3n en portugu\u00e9s; y la 2\u00aa versi\u00f3n en ingl\u00e9s.<\/strong><\/p>\n<p>\u00a0<\/p>\n<p><strong>Campos para completar en la plataforma de env\u00edo:<\/strong><\/p>\n<p>T\u00edtulo do trabajo en portugu\u00e9s: en letras may\u00fasculas.<\/p>\n<p>T\u00edtulo do trabajo en ingl\u00e9s: em letras may\u00fasculas.<\/p>\n<p>Palabras clave: en portugu\u00e9s, m\u00ednimo de tres (3) y m\u00e1ximo cinco (5).<\/p>\n<p>Palabras clave: en ingl\u00e9s, deben ser las mismas definidas en portugu\u00e9s.<\/p>\n<p>Campos del resumen estructurado: en portugu\u00e9s<\/p>\n<p>Campos del resumen estructurado: en ingl\u00e9s<\/p>\n<p>Estructura sugerida para el relato t\u00e9cnico\u00a0(parte textual1,2):<\/p>\n<p><strong>(No incluir el resumen estructurado en el PDF, \u00e9l debe ser incluido solamente en la plataforma de env\u00edo).<\/strong><\/p>\n<p>1Biancolino, Kniess, Maccari, &amp; Rabechini Jr. (2012)<\/p>\n<p>2Martens, C. D. P., Pedron, C. D., &amp; Oliveira, J. C. (2021, jul.\/dic.)<\/p>\n<p><strong>T\u00cdTULO<\/strong>\u00a0(en el idioma del texto)<\/p>\n<p><strong>Introducci\u00f3n:<\/strong>\u00a0La introducci\u00f3n debe presentar el contexto y\/o la situaci\u00f3n-problema del estudio. Debe ser breve y clara, explicando de qu\u00e9 trata el relato, qu\u00e9 intervenci\u00f3n se realiz\u00f3 en la organizaci\u00f3n y qu\u00e9 se analizar\u00e1, explicando el problema a ser solucionado\/relatado. Debe quedar claro para el lector el objetivo del relato y c\u00f3mo se llev\u00f3 a cabo la investigaci\u00f3n o c\u00f3mo los autores interpretaron las informaciones para llegar al relato. Es conveniente mostrar la secuencia de secciones del relato.<\/p>\n<p><strong>Referencial Te\u00f3rico:<\/strong>\u00a0Se debe presentar un referencial te\u00f3rico, relacionado con la intervenci\u00f3n realizada en la organizaci\u00f3n en cuesti\u00f3n. Este referencial sirve para enmarcar el relato desde un punto de vista te\u00f3rico y proporcionar comparaciones con la teor\u00eda existente.<\/p>\n<p><strong>Metodolog\u00eda:<\/strong>\u00a0Se debe explicar en detalle c\u00f3mo se realiz\u00f3 el relato t\u00e9cnico, es decir, si se realiz\u00f3 \u00fanicamente con base en la experiencia profesional y pr\u00e1ctica del estudiante\/investigador, o si fueron necesarias otras interacciones\/participaciones (de otros profesionales) para lograr el objetivo del relato t\u00e9cnico. Cabe se\u00f1alar qu\u00e9 habilidades profesionales se utilizaron para la observaci\u00f3n, an\u00e1lisis y soluci\u00f3n del problema, qu\u00e9 tipo de enfoque se utiliz\u00f3 (observaci\u00f3n directa, participaci\u00f3n directa, etc.). Es necesario dejar claro el problema a ser relatado. El m\u00e9todo debe tener en cuenta las informaciones primarias y secundarias que necesitan ser calificadas.<\/p>\n<p><strong>An\u00e1lisis y discusi\u00f3n de los resultados:<\/strong> Debe contener: Caracterizaci\u00f3n de la organizaci\u00f3n y del problema analizado; Tipo de intervenci\u00f3n y mecanismos adoptados; Descripci\u00f3n de los resultados obtenidos, An\u00e1lisis de los resultados por los autores, Confrontaci\u00f3n con la teor\u00eda revisada en el marco<\/p>\n<p>te\u00f3rico. Cu\u00e1les son los aportes m\u00e1s relevantes a los temas tratados en el relato. Se debe incluir su relevancia para otros casos similares y qu\u00e9 tipo de ense\u00f1anza profesional esta experiencia relatada debe ser socializada en la comunidad profesional.<\/p>\n<p><strong>Conclusiones\/Consideraciones finales y contribuciones:<\/strong> Debe mostrar al lector argumentos de que fue posible alcanzar los objetivos propuestos inicialmente. Se debe presentar propuestas para empresas\/proyectos que se encuentren en situaciones similares a la descrita. Deben mencionarse los aspectos que limitaron el trabajo. Finalmente, se deben explicar nuevas ideas de relato o trabajos de car\u00e1cter t\u00e9cnico\/profesional.<\/p>\n<p><strong>Referencias<\/strong><\/p>\n<p><strong>Modelo obligatorio:<\/strong>\u00a0(<a href=\"https:\/\/singep.org.br\/11\/wp-content\/uploads\/sites\/10\/2023\/07\/template_XISINGEP_Relato-Tecnico_2023_Esp.ok_.docx\">Haga clic aqu\u00ed para hacer el Download<\/a>)<\/p>\n<ol>\n<li style=\"list-style-type: none;\">\n<ol type=\"a\">\n<li style=\"list-style-type: none;\">\n<ol type=\"i\">\n<li style=\"list-style-type: none;\">\u00a0\n<ol>\n<li style=\"list-style-type: none;\">\n<ol type=\"a\">\n<li style=\"list-style-type: none;\">\n<ol type=\"i\">\n<li style=\"list-style-type: none;\">\u00a0<\/li>\n<\/ol>\n<\/li>\n<\/ol>\n<\/li>\n<\/ol>\n<\/li>\n<\/ol>\n<\/li>\n<\/ol>\n<\/li>\n<\/ol>\n\n\n<div class=\"wp-block-columns has-pale-cyan-blue-background-color has-background has-medium-font-size is-layout-flex wp-container-core-columns-is-layout-9d6595d7 wp-block-columns-is-layout-flex\">\n<div class=\"wp-block-column is-vertically-aligned-center is-layout-flow wp-block-column-is-layout-flow\">\n<p class=\"has-large-font-size\" style=\"margin: 20px;\">Submiss\u00f5es Abertas<\/p>\n<\/div>\n\n\n\n<div class=\"wp-block-column is-layout-flow wp-block-column-is-layout-flow\">\n<div class=\"wp-block-buttons is-layout-flex wp-block-buttons-is-layout-flex\">\n<div class=\"wp-block-button has-custom-width wp-block-button__width-100\" style=\"margin: 20px;\"><a class=\"wp-block-button__link has-white-color has-text-color wp-element-button\">Haga clic aqu\u00ed para realiar el env\u00edo<\/a><\/div>\n<\/div>\n<\/div>\n<\/div>\n","protected":false},"excerpt":{"rendered":"<p>Cada autor podr\u00e1 enviar un m\u00e1ximo de 4 trabajos para el evento XI SINGEP-CIK Cada trabajo podr\u00e1 tener\u00a0hasta 4 autores. Modelo:\u00a0El uso del modelo es obligatorio. Los archivos que se env\u00eden sin el modelo ser\u00e1n autom\u00e1ticamente descalificados. (Haga clic aqu\u00ed para hacer el Download) Formato del archivo para env\u00edo:\u00a0PDF Idioma:\u00a0Portugu\u00e9s, Ingl\u00e9s o Espa\u00f1ol Fuente del [&hellip;]<\/p>\n","protected":false},"author":1,"featured_media":0,"parent":5639,"menu_order":0,"comment_status":"closed","ping_status":"closed","template":"","meta":{"footnotes":""},"class_list":["post-5656","page","type-page","status-publish","hentry"],"_links":{"self":[{"href":"https:\/\/singep.org.br\/11\/wp-json\/wp\/v2\/pages\/5656","targetHints":{"allow":["GET"]}}],"collection":[{"href":"https:\/\/singep.org.br\/11\/wp-json\/wp\/v2\/pages"}],"about":[{"href":"https:\/\/singep.org.br\/11\/wp-json\/wp\/v2\/types\/page"}],"author":[{"embeddable":true,"href":"https:\/\/singep.org.br\/11\/wp-json\/wp\/v2\/users\/1"}],"replies":[{"embeddable":true,"href":"https:\/\/singep.org.br\/11\/wp-json\/wp\/v2\/comments?post=5656"}],"version-history":[{"count":2,"href":"https:\/\/singep.org.br\/11\/wp-json\/wp\/v2\/pages\/5656\/revisions"}],"predecessor-version":[{"id":8425,"href":"https:\/\/singep.org.br\/11\/wp-json\/wp\/v2\/pages\/5656\/revisions\/8425"}],"up":[{"embeddable":true,"href":"https:\/\/singep.org.br\/11\/wp-json\/wp\/v2\/pages\/5639"}],"wp:attachment":[{"href":"https:\/\/singep.org.br\/11\/wp-json\/wp\/v2\/media?parent=5656"}],"curies":[{"name":"wp","href":"https:\/\/api.w.org\/{rel}","templated":true}]}}