{"id":5648,"date":"2018-06-30T12:37:05","date_gmt":"2018-06-30T15:37:05","guid":{"rendered":"http:\/\/singep.org.br\/11\/?page_id=5648"},"modified":"2023-07-03T14:30:50","modified_gmt":"2023-07-03T17:30:50","slug":"formato-para-articulos-cientificos","status":"publish","type":"page","link":"https:\/\/singep.org.br\/11\/reglas-para-enviar-los-trabajos\/formato-para-articulos-cientificos\/?lang=es","title":{"rendered":"Formato para Art\u00edculos Cient\u00edficos"},"content":{"rendered":"<p><span style=\"font-family: Times New Roman, serif;\"><b><span style=\"color: #3f4950;\"><span style=\"font-family: Helvetica, serif;\"><span style=\"font-size: small;\"><span lang=\"es-ES\">Cada autor podr\u00e1 enviar un m\u00e1ximo de 4 trabajos para el evento XI SINGEP-CIK<\/span><\/span><\/span><\/span><\/b><\/span><\/p>\n<p><span style=\"font-family: Times New Roman, serif;\"><span style=\"color: #3f4950;\"><span style=\"font-family: Helvetica, serif;\"><span style=\"font-size: small;\"><span lang=\"es-ES\">Cada trabajo podr\u00e1 tener\u00a0<\/span><\/span><\/span><\/span><b><span style=\"color: #3f4950;\"><span style=\"font-family: Helvetica, serif;\"><span style=\"font-size: small;\"><span lang=\"es-ES\">hasta 4 autores<\/span><\/span><\/span><\/span><\/b><span style=\"color: #3f4950;\"><span style=\"font-family: Helvetica, serif;\"><span style=\"font-size: small;\"><span lang=\"es-ES\">.<\/span><\/span><\/span><\/span><\/span><\/p>\n<p><span style=\"font-family: Times New Roman, serif;\"><b><span style=\"color: #3f4950;\"><span style=\"font-family: Helvetica, serif;\"><span style=\"font-size: small;\"><span lang=\"es-ES\">Modelo:<\/span><\/span><\/span><\/span><\/b><span style=\"color: #3f4950;\"><span style=\"font-family: Helvetica, serif;\"><span style=\"font-size: small;\"><span lang=\"es-ES\">\u00a0El uso del modelo es obligatorio. Los archivos que se env\u00eden sin el modelo ser\u00e1n autom\u00e1ticamente descalificados. (<\/span><\/span><\/span><\/span><a href=\"https:\/\/singep.org.br\/11\/wp-content\/uploads\/sites\/10\/2023\/07\/template_XISINGEP_Artigo-Cientifico_2023_Esp.ok_.docx\"><span style=\"color: #0000ff;\"><span style=\"color: #007ca3;\"><span style=\"font-family: Helvetica, serif;\"><span style=\"font-size: small;\"><span lang=\"es-ES\">Haga clic aqu\u00ed<\/span><\/span><\/span><\/span><\/span><\/a><span style=\"color: #0000ff;\"><span style=\"color: #007ca3;\"><span style=\"font-family: Helvetica, serif;\"><span style=\"font-size: small;\"><span lang=\"es-ES\"> para hacer el Download)<\/span><\/span><\/span><\/span><\/span><\/span><\/p>\n<p><span style=\"font-family: Times New Roman, serif;\"><b><span style=\"color: #3f4950;\"><span style=\"font-family: Helvetica, serif;\"><span style=\"font-size: small;\"><span lang=\"es-ES\">Formato del archivo para env\u00edo:\u00a0<\/span><\/span><\/span><\/span><\/b><span style=\"color: #3f4950;\"><span style=\"font-family: Helvetica, serif;\"><span style=\"font-size: small;\"><span lang=\"es-ES\">PDF<\/span><\/span><\/span><\/span><\/span><\/p>\n<p><span style=\"font-family: Times New Roman, serif;\"><b><span style=\"color: #3f4950;\"><span style=\"font-family: Helvetica, serif;\"><span style=\"font-size: small;\"><span lang=\"es-ES\">Idioma:<\/span><\/span><\/span><\/span><\/b><span style=\"color: #3f4950;\"><span style=\"font-family: Helvetica, serif;\"><span style=\"font-size: small;\"><span lang=\"es-ES\">\u00a0Portugu\u00e9s, Ingl\u00e9s o Espa\u00f1ol<\/span><\/span><\/span><\/span><\/span><\/p>\n<p><span style=\"font-family: Times New Roman, serif;\"><b><span style=\"color: #3f4950;\"><span style=\"font-family: Helvetica, serif;\"><span style=\"font-size: small;\"><span lang=\"es-ES\">Fuente del texto:\u00a0<\/span><\/span><\/span><\/span><\/b><span style=\"color: #3f4950;\"><span style=\"font-family: Helvetica, serif;\"><span style=\"font-size: small;\"><span lang=\"es-ES\">Times New Roman, corpo 12<\/span><\/span><\/span><\/span><\/span><\/p>\n<p><span style=\"font-family: Times New Roman, serif;\"><b><span style=\"color: #3f4950;\"><span style=\"font-family: Helvetica, serif;\"><span style=\"font-size: small;\"><span lang=\"es-ES\">Espacio entre las l\u00edneas:<\/span><\/span><\/span><\/span><\/b><span style=\"color: #3f4950;\"><span style=\"font-family: Helvetica, serif;\"><span style=\"font-size: small;\"><span lang=\"es-ES\">\u00a0simple<\/span><\/span><\/span><\/span><\/span><\/p>\n<p><span style=\"font-family: Times New Roman, serif;\"><b><span style=\"color: #3f4950;\"><span style=\"font-family: Helvetica, serif;\"><span style=\"font-size: small;\"><span lang=\"es-ES\">Espacio entre los caracteres:\u00a0<\/span><\/span><\/span><\/span><\/b><span style=\"color: #3f4950;\"><span style=\"font-family: Helvetica, serif;\"><span style=\"font-size: small;\"><span lang=\"es-ES\">normal<\/span><\/span><\/span><\/span><\/span><\/p>\n<p><span style=\"font-family: Times New Roman, serif;\"><b><span style=\"color: #3f4950;\"><span style=\"font-family: Helvetica, serif;\"><span style=\"font-size: small;\"><span lang=\"es-ES\">L\u00edmite de p\u00e1ginas<\/span><\/span><\/span><\/span><\/b><span style=\"color: #3f4950;\"><span style=\"font-family: Helvetica, serif;\"><span style=\"font-size: small;\"><span lang=\"es-ES\">:\u00a0m\u00ednimo 8, m\u00e1ximo 16 p\u00e1ginas<\/span><\/span><\/span><\/span><\/span><\/p>\n<p><span style=\"font-family: Times New Roman, serif;\"><b><span style=\"color: #3f4950;\"><span style=\"font-family: Helvetica, serif;\"><span style=\"font-size: small;\"><span lang=\"es-ES\">Tama\u00f1o do Papel:<\/span><\/span><\/span><\/span><\/b><span style=\"color: #3f4950;\"><span style=\"font-family: Helvetica, serif;\"><span style=\"font-size: small;\"><span lang=\"es-ES\">\u00a0A4<\/span><\/span><\/span><\/span><\/span><\/p>\n<p><span style=\"font-family: Times New Roman, serif;\"><b><span style=\"color: #3f4950;\"><span style=\"font-family: Helvetica, serif;\"><span style=\"font-size: small;\"><span lang=\"es-ES\">M\u00e1rgenes:<\/span><\/span><\/span><\/span><\/b><span style=\"color: #3f4950;\"><span style=\"font-family: Helvetica, serif;\"><span style=\"font-size: small;\"><span lang=\"es-ES\">\u00a0Superior: 3cm \/ Inferior: 2 cm \/ Izquierda: 3 cm \/ Derecha: 2 cm<\/span><\/span><\/span><\/span><\/span><\/p>\n<p><span style=\"font-family: Times New Roman, serif;\"><b><span style=\"color: #3f4950;\"><span style=\"font-family: Helvetica, serif;\"><span style=\"font-size: small;\"><span lang=\"es-ES\">P\u00e1rrafo:<\/span><\/span><\/span><\/span><\/b><span style=\"color: #3f4950;\"><span style=\"font-family: Helvetica, serif;\"><span style=\"font-size: small;\"><span lang=\"es-ES\">\u00a0Texto Justificado<\/span><\/span><\/span><\/span><\/span><\/p>\n<p><span style=\"font-family: Times New Roman, serif;\"><b><span style=\"color: #3f4950;\"><span style=\"font-family: Helvetica, serif;\"><span style=\"font-size: small;\"><span lang=\"es-ES\">Paginaci\u00f3n:<\/span><\/span><\/span><\/span><\/b><span style=\"color: #3f4950;\"><span style=\"font-family: Helvetica, serif;\"><span style=\"font-size: small;\"><span lang=\"es-ES\">\u00a0el n\u00famero de p\u00e1ginas en el rodapi\u00e9, alineado al lado derecho, ya est\u00e1 en el\u00a0<\/span><\/span><\/span><\/span><em><span style=\"color: #3f4950;\"><span style=\"font-family: Helvetica, serif;\"><span style=\"font-size: small;\"><span lang=\"es-ES\">modelo<\/span><\/span><\/span><\/span><\/em><\/span><\/p>\n<p><span style=\"font-family: Times New Roman, serif;\"><b><span style=\"color: #3f4950;\"><span style=\"font-family: Helvetica, serif;\"><span style=\"font-size: small;\"><span lang=\"es-ES\">Notas:\u00a0No deben ser colocadas en el rodapi\u00e9. Deben ser colocadas como notas de fin de texto. <\/span><\/span><\/span><\/span><\/b><\/span><\/p>\n<p><span style=\"font-family: Times New Roman, serif;\"><b><span style=\"color: #3f4950;\"><span style=\"font-family: Helvetica, serif;\"><span style=\"font-size: small;\"><span lang=\"es-ES\">Figuras y Tablas:\u00a0<\/span><\/span><\/span><\/span><\/b><span style=\"color: #3f4950;\"><span style=\"font-family: Helvetica, serif;\"><span style=\"font-size: small;\"><span lang=\"es-ES\">Todas las figuras y tablas deben tener leyendas y seguir las normas da APA. En el caso de figuras (cuadros, gr\u00e1ficos, dise\u00f1os, etc.) las respectivas leyendas deben ser posicionadas debajo de ellas, alineadas a la izquierda, con fuente\u00a0<\/span><\/span><\/span><\/span><em><span style=\"color: #3f4950;\"><span style=\"font-family: Helvetica, serif;\"><span style=\"font-size: small;\"><span lang=\"es-ES\">Times New Roman<\/span><\/span><\/span><\/span><\/em><span style=\"color: #3f4950;\"><span style=\"font-family: Helvetica, serif;\"><span style=\"font-size: small;\"><span lang=\"es-ES\">, tama\u00f1o 10 (diez). En las tablas, las leyendas deben ser ubicadas encima de ellas, deben estar centralizadas y tener la fuente Times New Roman, tama\u00f1o 10 (diez).<\/span><\/span><\/span><\/span><\/span><\/p>\n<p><span style=\"font-family: Times New Roman, serif;\"><b><span style=\"color: #3f4950;\"><span style=\"font-family: Helvetica, serif;\"><span style=\"font-size: small;\"><span lang=\"es-ES\">Citas y referencias bibliogr\u00e1ficas:<\/span><\/span><\/span><\/span><\/b><span style=\"color: #3f4950;\"><span style=\"font-family: Helvetica, serif;\"><span style=\"font-size: small;\"><span lang=\"es-ES\">\u00a0Las citas deben insertarse en el cuerpo del texto, seg\u00fan el sistema autor-fecha, agregando el n\u00famero de p\u00e1gina en el caso de citas directas. Las referencias bibliogr\u00e1ficas deben presentarse en orden alfab\u00e9tico al final del art\u00edculo, de acuerdo con la norma\u00a0<\/span><\/span><\/span><\/span><em><span style=\"color: #3f4950;\"><span style=\"font-family: Helvetica, serif;\"><span style=\"font-size: small;\"><span lang=\"es-ES\">American Psychological Association<\/span><\/span><\/span><\/span><\/em><span style=\"color: #3f4950;\"><span style=\"font-family: Helvetica, serif;\"><span style=\"font-size: small;\"><span lang=\"es-ES\">\u00a0(APA).<\/span><\/span><\/span><\/span><\/span><\/p>\n<p><span style=\"font-family: Times New Roman, serif;\"><b><span style=\"color: #3f4950;\"><span style=\"font-family: Helvetica, serif;\"><span style=\"font-size: small;\"><span lang=\"es-ES\">Observaciones:<\/span><\/span><\/span><\/span><\/b><\/span><\/p>\n<p><span style=\"font-family: Times New Roman, serif;\"><span style=\"color: #3f4950;\"><span style=\"font-family: Helvetica, serif;\"><span style=\"font-size: small;\"><span lang=\"es-ES\">No se aceptar\u00e1n trabajos que no cumplan con las caracter\u00edsticas y criterios t\u00e9cnicos exigidos.<\/span><\/span><\/span><\/span><\/span><\/p>\n<p><span style=\"font-family: Times New Roman, serif;\"><span style=\"color: #3f4950;\"><span style=\"font-family: Helvetica, serif;\"><span style=\"font-size: small;\"><span lang=\"es-ES\"><b>El trabajo debe ser enviado en un (1) solo archivo, sin identificaci\u00f3n de autores, sin instituci\u00f3n y sin correo electr\u00f3nico. Los trabajos cuya autor\u00eda sea identificada quedar\u00e1n autom\u00e1ticamente excluidos del evento.<\/b><\/span><\/span><\/span><\/span><\/span><\/p>\n<p><span style=\"font-family: Times New Roman, serif;\"><b><span style=\"color: #3f4950;\"><span style=\"font-family: Helvetica, serif;\"><span style=\"font-size: small;\"><span lang=\"es-ES\">MODALIDAD ART\u00cdCULO CIENT\u00cdFICO<\/span><\/span><\/span><\/span><\/b><\/span><\/p>\n<p><span style=\"font-family: Times New Roman, serif;\"><span style=\"color: #3f4950;\"><span style=\"font-family: Helvetica, serif;\"><span style=\"font-size: small;\"><span lang=\"es-ES\">El art\u00edculo cient\u00edfico debe contener un m\u00ednimo de ocho (8) y un m\u00e1ximo de diecis\u00e9is (16) p\u00e1ginas, incluyendo ilustraciones, referencias y notas finales.<\/span><\/span><\/span><\/span><\/span><\/p>\n<p><span style=\"font-family: Times New Roman, serif;\"><b><span style=\"color: #3f4950;\"><span style=\"font-family: Helvetica, serif;\"><span style=\"font-size: small;\"><span lang=\"es-ES\">Resumen Estructurado\u00a0<\/span><\/span><\/span><\/span><\/b><em><span style=\"color: #3f4950;\"><span style=\"font-family: Helvetica, serif;\"><span style=\"font-size: small;\"><span lang=\"es-ES\">(debe constar apenas en la plataforma de env\u00edo):<\/span><\/span><\/span><\/span><\/em><\/span><\/p>\n<p><span style=\"font-family: Times New Roman, serif;\"><span style=\"color: #3f4950;\"><span style=\"font-family: Helvetica, serif;\"><span style=\"font-size: small;\"><span lang=\"es-ES\">Sugerimos que los autores preparen el resumen estructurado en un documento separado y copien y peguen cada elemento en el campo espec\u00edfico al enviarlo.<\/span><\/span><\/span><\/span><\/span><\/p>\n<p><span style=\"font-family: Times New Roman, serif;\"><span style=\"color: #3f4950;\"><span style=\"font-family: Helvetica, serif;\"><span style=\"font-size: small;\"><span lang=\"es-ES\">O resumen estructurado del trabajo cient\u00edfico incluye los siguientes aspectos y en su composici\u00f3n debe tener como <\/span><\/span><\/span><\/span><span style=\"color: #3f4950;\"><span style=\"font-family: Helvetica, serif;\"><span style=\"font-size: small;\"><span lang=\"es-ES\"><b>m\u00e1ximo <\/b><\/span><\/span><\/span><\/span><b><span style=\"color: #3f4950;\"><span style=\"font-family: Helvetica, serif;\"><span style=\"font-size: small;\"><span lang=\"es-ES\">250 palabras<\/span><\/span><\/span><\/span><\/b><span style=\"color: #3f4950;\"><span style=\"font-family: Helvetica, serif;\"><span style=\"font-size: small;\"><span lang=\"es-ES\">:<\/span><\/span><\/span><\/span><\/span><\/p>\n<ul>\n<li style=\"list-style-type: none;\">\n<ol>\n<li>\n<p><span style=\"font-family: Times New Roman, serif;\"><span style=\"color: #3f4950;\"><span style=\"font-family: Helvetica, serif;\"><span style=\"font-size: small;\"><span lang=\"es-ES\">Objetivo del estudio (m\u00e1ximo 42 palabras)<\/span><\/span><\/span><\/span><\/span><\/p>\n<\/li>\n<li>\n<p><span style=\"font-family: Times New Roman, serif;\"><span style=\"color: #3f4950;\"><span style=\"font-family: Helvetica, serif;\"><span style=\"font-size: small;\"><span lang=\"es-ES\">Relevancia\/originalidad (m\u00e1ximo 42 palabras)<\/span><\/span><\/span><\/span><\/span><\/p>\n<\/li>\n<li>\n<p><span style=\"font-family: Times New Roman, serif;\"><span style=\"color: #3f4950;\"><span style=\"font-family: Helvetica, serif;\"><span style=\"font-size: small;\"><span lang=\"es-ES\">Metodolog\u00eda\/enfoque (m\u00e1ximo 42 palabras)<\/span><\/span><\/span><\/span><\/span><\/p>\n<\/li>\n<li>\n<p><span style=\"font-family: Times New Roman, serif;\"><span style=\"color: #3f4950;\"><span style=\"font-family: Helvetica, serif;\"><span style=\"font-size: small;\"><span lang=\"es-ES\">Principales resultados (m\u00e1ximo 42 palabras)<\/span><\/span><\/span><\/span><\/span><\/p>\n<\/li>\n<li>\n<p><span style=\"font-family: Times New Roman, serif;\"><span style=\"color: #3f4950;\"><span style=\"font-family: Helvetica, serif;\"><span style=\"font-size: small;\"><span lang=\"es-ES\">Contribuciones te\u00f3ricas\/metodol\u00f3gicas (m\u00e1ximo 42 palabras)<\/span><\/span><\/span><\/span><\/span><\/p>\n<\/li>\n<li>\n<p><span style=\"font-family: Times New Roman, serif;\"><span style=\"color: #3f4950;\"><span style=\"font-family: Helvetica, serif;\"><span style=\"font-size: small;\"><span lang=\"es-ES\">Contribuciones sociales\/para la gesti\u00f3n (m\u00e1ximo 42 palabras)<\/span><\/span><\/span><\/span><\/span><\/p>\n<\/li>\n<\/ol>\n<\/li>\n<\/ul>\n<p><span style=\"font-family: Times New Roman, serif;\"><span style=\"color: #3f4950;\"><span style=\"font-family: Helvetica, serif;\"><span style=\"font-size: small;\"><span lang=\"es-ES\">El T\u00edtulo, el Resumen Estructurado y las Palabras Clave deben ser escritos en dos versiones, independientemente del idioma elegido para la presentaci\u00f3n del art\u00edculo cient\u00edfico: <\/span><\/span><\/span><\/span><span style=\"color: #3f4950;\"><span style=\"font-family: Helvetica, serif;\"><span style=\"font-size: small;\"><span lang=\"es-ES\"><b>1\u00aa versi\u00f3n en portugu\u00e9s<\/b><\/span><\/span><\/span><\/span><span style=\"color: #3f4950;\"><span style=\"font-family: Helvetica, serif;\"><span style=\"font-size: small;\"><span lang=\"es-ES\">; y la <\/span><\/span><\/span><\/span><span style=\"color: #3f4950;\"><span style=\"font-family: Helvetica, serif;\"><span style=\"font-size: small;\"><span lang=\"es-ES\"><b>2\u00aa versi\u00f3n en ingl\u00e9s<\/b><\/span><\/span><\/span><\/span><span style=\"color: #3f4950;\"><span style=\"font-family: Helvetica, serif;\"><span style=\"font-size: small;\"><span lang=\"es-ES\">.<\/span><\/span><\/span><\/span><\/span><\/p>\n<p><span style=\"font-family: Times New Roman, serif;\"><b><span style=\"color: #3f4950;\"><span style=\"font-family: Helvetica, serif;\"><span style=\"font-size: small;\"><span lang=\"es-ES\">Campos para completar en la plataforma de env\u00edo:<\/span><\/span><\/span><\/span><\/b><\/span><\/p>\n<ul>\n<li style=\"list-style-type: none;\">\n<ol>\n<li>\n<p><span style=\"font-family: Times New Roman, serif;\"><span style=\"color: #3f4950;\"><span style=\"font-family: Helvetica, serif;\"><span style=\"font-size: small;\"><span lang=\"es-ES\">T\u00edtulo do trabajo en portugu\u00e9s: en letras may\u00fasculas.<\/span><\/span><\/span><\/span><\/span><\/p>\n<\/li>\n<li>\n<p><span style=\"font-family: Times New Roman, serif;\"><span style=\"color: #3f4950;\"><span style=\"font-family: Helvetica, serif;\"><span style=\"font-size: small;\"><span lang=\"es-ES\">T\u00edtulo do trabajo en ingl\u00e9s: em letras may\u00fasculas.<\/span><\/span><\/span><\/span><\/span><\/p>\n<\/li>\n<li>\n<p><span style=\"font-family: Times New Roman, serif;\"><span style=\"color: #3f4950;\"><span style=\"font-family: Helvetica, serif;\"><span style=\"font-size: small;\"><span lang=\"es-ES\">Palabras clave: en portugu\u00e9s, m\u00ednimo de tres (3) y m\u00e1ximo cinco (5).<\/span><\/span><\/span><\/span><\/span><\/p>\n<\/li>\n<li>\n<p><span style=\"font-family: Times New Roman, serif;\"><span style=\"color: #3f4950;\"><span style=\"font-family: Helvetica, serif;\"><span style=\"font-size: small;\"><span lang=\"es-ES\">Palabras clave: en ingl\u00e9s, deben ser las mismas definidas en portugu\u00e9s.<\/span><\/span><\/span><\/span><\/span><\/p>\n<\/li>\n<li>\n<p><span style=\"font-family: Times New Roman, serif;\"><span style=\"color: #3f4950;\"><span style=\"font-family: Helvetica, serif;\"><span style=\"font-size: small;\"><span lang=\"es-ES\">Campos del resumen estructurado: en portugu\u00e9s<\/span><\/span><\/span><\/span><\/span><\/p>\n<\/li>\n<li>\n<p><span style=\"font-family: Times New Roman, serif;\"><span style=\"color: #3f4950;\"><span style=\"font-family: Helvetica, serif;\"><span style=\"font-size: small;\"><span lang=\"es-ES\">Campos del resumen estructurado: en ingl\u00e9s<\/span><\/span><\/span><\/span><\/span><\/p>\n<\/li>\n<\/ol>\n<\/li>\n<\/ul>\n<p><span style=\"font-family: Times New Roman, serif;\"><b><span style=\"color: #3f4950;\"><span style=\"font-family: Helvetica, serif;\"><span style=\"font-size: small;\"><span lang=\"es-ES\">Estructura sugerida para el art\u00edculo cient\u00edfico\u00a0(parte textual):<\/span><\/span><\/span><\/span><\/b><\/span><\/p>\n<p><span style=\"font-family: Times New Roman, serif;\"><b><span style=\"color: #3f4950;\"><span style=\"font-family: Helvetica, serif;\"><span style=\"font-size: small;\"><span lang=\"es-ES\">(No incluir el resumen estructurado en el PDF, \u00e9l debe ser incluido solamente en la plataforma de env\u00edo).<\/span><\/span><\/span><\/span><\/b><\/span><\/p>\n<ul>\n<li style=\"list-style-type: none;\">\n<ol>\n<li>\n<p><span style=\"font-family: Times New Roman, serif;\"><span style=\"color: #3f4950;\"><span style=\"font-family: Helvetica, serif;\"><span style=\"font-size: small;\"><span lang=\"es-ES\">T\u00cdTULO (en el idioma del texto)<\/span><\/span><\/span><\/span><\/span><\/p>\n<\/li>\n<li>\n<p><span style=\"font-family: Times New Roman, serif;\"><span style=\"color: #3f4950;\"><span style=\"font-family: Helvetica, serif;\"><span style=\"font-size: small;\"><span lang=\"es-ES\">Introducci\u00f3n (considerando el tema, problema de la investigaci\u00f3n y objetivos)<\/span><\/span><\/span><\/span><\/span><\/p>\n<\/li>\n<li>\n<p><span style=\"font-family: Times New Roman, serif;\"><span style=\"color: #3f4950;\"><span style=\"font-family: Helvetica, serif;\"><span style=\"font-size: small;\"><span lang=\"es-ES\">Referencial Te\u00f3rico<\/span><\/span><\/span><\/span><\/span><\/p>\n<\/li>\n<li>\n<p><span style=\"font-family: Times New Roman, serif;\"><span style=\"color: #3f4950;\"><span style=\"font-family: Helvetica, serif;\"><span style=\"font-size: small;\"><span lang=\"es-ES\">Metodolog\u00eda<\/span><\/span><\/span><\/span><\/span><\/p>\n<\/li>\n<li>\n<p><span style=\"font-family: Times New Roman, serif;\"><span style=\"color: #3f4950;\"><span style=\"font-family: Helvetica, serif;\"><span style=\"font-size: small;\"><span lang=\"es-ES\">An\u00e1lisis de los resultados y Discusiones<\/span><\/span><\/span><\/span><\/span><\/p>\n<\/li>\n<li>\n<p><span style=\"font-family: Times New Roman, serif;\"><span style=\"color: #3f4950;\"><span style=\"font-family: Helvetica, serif;\"><span style=\"font-size: small;\"><span lang=\"es-ES\">Conclusiones\/Consideraciones finales<\/span><\/span><\/span><\/span><\/span><\/p>\n<\/li>\n<li>\n<p><span style=\"font-family: Times New Roman, serif;\"><span style=\"color: #3f4950;\"><span style=\"font-family: Helvetica, serif;\"><span style=\"font-size: small;\"><span lang=\"es-ES\">Referencias<\/span><\/span><\/span><\/span><\/span><\/p>\n<\/li>\n<\/ol>\n<\/li>\n<\/ul>\n<p><span style=\"font-family: Times New Roman, serif;\"><b><span style=\"color: #3f4950;\"><span style=\"font-family: Helvetica, serif;\"><span style=\"font-size: small;\"><span lang=\"es-ES\">Modelo obligatorio:<\/span><\/span><\/span><\/span><\/b><span style=\"color: #3f4950;\"><span style=\"font-family: Helvetica, serif;\"><span style=\"font-size: small;\"><span lang=\"es-ES\">\u00a0(<\/span><\/span><\/span><\/span><a href=\"https:\/\/singep.org.br\/11\/wp-content\/uploads\/sites\/10\/2023\/07\/template_XISINGEP_Artigo-Cientifico_2023_Esp.ok_.docx\"><span style=\"color: #0000ff;\"><span style=\"color: #007ca3;\"><span style=\"font-family: Helvetica, serif;\"><span style=\"font-size: small;\"><span lang=\"es-ES\">Haga clic aqu\u00ed<\/span><\/span><\/span><\/span><\/span><\/a><span style=\"color: #0000ff;\"><span style=\"color: #007ca3;\"><span style=\"font-family: Helvetica, serif;\"><span style=\"font-size: small;\"><span lang=\"es-ES\"><a href=\"_wp_link_placeholder\" data-wplink-edit=\"true\"> para hacer el Download<\/a>)<\/span><\/span><\/span><\/span><\/span><\/span><\/p>\n<p>\u00a0<\/p>\n\n\n<div class=\"wp-block-columns has-pale-cyan-blue-background-color has-background has-medium-font-size is-layout-flex wp-container-core-columns-is-layout-9d6595d7 wp-block-columns-is-layout-flex\">\n<div class=\"wp-block-column is-vertically-aligned-center is-layout-flow wp-block-column-is-layout-flow\">\n<p class=\"has-large-font-size\" style=\"margin: 20px;\">Submiss\u00f5es Abertas<\/p>\n<\/div>\n\n\n\n<div class=\"wp-block-column is-layout-flow wp-block-column-is-layout-flow\">\n<div class=\"wp-block-buttons is-layout-flex wp-block-buttons-is-layout-flex\">\n<div class=\"wp-block-button has-custom-width wp-block-button__width-100\" style=\"margin: 20px;\"><a class=\"wp-block-button__link has-white-color has-text-color wp-element-button\">Haga clic aqu\u00ed para realiar el env\u00edo<\/a><\/div>\n<\/div>\n<\/div>\n<\/div>\n","protected":false},"excerpt":{"rendered":"<p>Cada autor podr\u00e1 enviar un m\u00e1ximo de 4 trabajos para el evento XI SINGEP-CIK Cada trabajo podr\u00e1 tener\u00a0hasta 4 autores. Modelo:\u00a0El uso del modelo es obligatorio. Los archivos que se env\u00eden sin el modelo ser\u00e1n autom\u00e1ticamente descalificados. (Haga clic aqu\u00ed para hacer el Download) Formato del archivo para env\u00edo:\u00a0PDF Idioma:\u00a0Portugu\u00e9s, Ingl\u00e9s o Espa\u00f1ol Fuente del [&hellip;]<\/p>\n","protected":false},"author":1,"featured_media":0,"parent":5639,"menu_order":0,"comment_status":"closed","ping_status":"closed","template":"","meta":{"footnotes":""},"class_list":["post-5648","page","type-page","status-publish","hentry"],"_links":{"self":[{"href":"https:\/\/singep.org.br\/11\/wp-json\/wp\/v2\/pages\/5648","targetHints":{"allow":["GET"]}}],"collection":[{"href":"https:\/\/singep.org.br\/11\/wp-json\/wp\/v2\/pages"}],"about":[{"href":"https:\/\/singep.org.br\/11\/wp-json\/wp\/v2\/types\/page"}],"author":[{"embeddable":true,"href":"https:\/\/singep.org.br\/11\/wp-json\/wp\/v2\/users\/1"}],"replies":[{"embeddable":true,"href":"https:\/\/singep.org.br\/11\/wp-json\/wp\/v2\/comments?post=5648"}],"version-history":[{"count":3,"href":"https:\/\/singep.org.br\/11\/wp-json\/wp\/v2\/pages\/5648\/revisions"}],"predecessor-version":[{"id":8429,"href":"https:\/\/singep.org.br\/11\/wp-json\/wp\/v2\/pages\/5648\/revisions\/8429"}],"up":[{"embeddable":true,"href":"https:\/\/singep.org.br\/11\/wp-json\/wp\/v2\/pages\/5639"}],"wp:attachment":[{"href":"https:\/\/singep.org.br\/11\/wp-json\/wp\/v2\/media?parent=5648"}],"curies":[{"name":"wp","href":"https:\/\/api.w.org\/{rel}","templated":true}]}}