{"id":5615,"date":"2018-06-30T12:12:43","date_gmt":"2018-06-30T15:12:43","guid":{"rendered":"http:\/\/singep.org.br\/11\/?page_id=5615"},"modified":"2023-07-03T15:27:58","modified_gmt":"2023-07-03T18:27:58","slug":"informaciones-utiles","status":"publish","type":"page","link":"https:\/\/singep.org.br\/11\/informaciones-utiles\/?lang=es","title":{"rendered":"Informaciones \u00datiles"},"content":{"rendered":"\n<ul class=\"wp-block-list\">\n<li>Hoteles pr\u00f3ximos al evento:<\/li>\n<\/ul>\n\n\n\n<p>\u2013 Hotel Leques Brasil (500 metros de distancia)<\/p>\n\n\n\n<p>Direcci\u00f3n: R. S\u00e3o Joaquim, 216 \u2013 Liberdade, S\u00e3o Paulo \u2013 SP, 01508-000<\/p>\n\n\n\n<p>Tel\u00e9fono: (11) 3019-4300<\/p>\n\n\n\n<p>site:&nbsp;<a href=\"https:\/\/www.lequesbrasil.com.br\/\">https:\/\/www.lequesbrasil.com.br\/<\/a><\/p>\n\n\n\n<p>\u2013 Nikkey Palace Hotel (850 metros de distancia)<\/p>\n\n\n\n<p>Direcci\u00f3n: R. Galv\u00e3o Bueno, 425 \u2013 Liberdade, S\u00e3o Paulo \u2013 SP, 01506-000<\/p>\n\n\n\n<p>Tel\u00e9fono: (11) 3207-8511<\/p>\n\n\n\n<p>Site:&nbsp;<a href=\"https:\/\/www.nikkeyhotel.com.br\/\">https:\/\/www.nikkeyhotel.com.br\/<\/a><\/p>\n\n\n\n<p>\u2013 Mercure S\u00e3o Paulo Bela Vista (4 estrellas) 550 metros de distancia<\/p>\n\n\n\n<p>R. Maestro Cardim, 407 \u2013 Para\u00edso, S\u00e3o Paulo \u2013 SP, 01323-000<\/p>\n\n\n\n<p>Tel\u00e9fono: (11) 2853-7000<\/p>\n\n\n\n<p>Site:<a href=\"https:\/\/all.accor.com\/ssr\/app\/mercure\/hotels\/bela-vista-sao-paulo-state-of-sao-paulo-brazil\/mei-mer\/index.pt-br.shtml?compositions=1&amp;stayplus=false&amp;order_hotels_by=RECOMMENDATION&amp;snu=false&amp;accessibleRooms=false&amp;utm_term=mar&amp;gclid=Cj0KCQjwuLShBhC_ARIsAFod4fI-6V-AbtL9COy3QmoGJoITq6wl_UgauQOCVpAdlXjMpNl6S28raqEaAmsAEALw_wcB&amp;utm_campaign=ppc-mer-mar-goo-br-pt-dom_top-mix-se&amp;utm_medium=cpc&amp;utm_source=google&amp;utm_content=br-pt-all-all\">\u00a0https:\/\/all.accor.com\/ssr\/app\/mercure\/hotels\/bela-vista-sao-paulo-state-of-sao-paulo-brazil\/mei-mer\/index.pt-br.shtml?compositions=1&amp;stayplus=false&amp;order_hotels_by=RECOMMENDATION&amp;snu=false&amp;accessibleRooms=false&amp;utm_term=mar&amp;gclid=Cj0KCQjwuLShBhC_ARIsAFod4fI-6V-AbtL9COy3QmoGJoITq6wl_UgauQOCVpAdlXjMpNl6S28raqEaAmsAEALw_wcB&amp;utm_campaign=ppc-mer-mar-goo-br-pt-dom_top-mix-se&amp;utm_medium=cpc&amp;utm_source=google&amp;utm_content=br-pt-all-all<\/a><\/p>\n\n\n\n<p>\u2013 Radisson Hotel Paulista Sao Paulo (4 estrellas) (1,6 Km de distancia)<\/p>\n\n\n\n<p>Alameda Santos, 85 \u2013 Jardins, S\u00e3o Paulo \u2013 SP, 01419-000\u2022(11) 2627-1000<\/p>\n\n\n\n<p>Site:&nbsp;<a href=\"https:\/\/www.radissonhotelsamericas.com\/pt-br\/hotels\/radisson-sao-paulo-paulista\">https:\/\/www.radissonhotelsamericas.com\/pt-br\/hotels\/radisson-sao-paulo-paulista<\/a><\/p>\n\n\n\n<p>\u2013 Qoya Hotel Sao Paulo, Curio Collection by Hilton (5 estrellas) mais carinho (1,6 Km de dist\u00e2ncia)<\/p>\n\n\n\n<p>Alameda Santos, 86 \u2013 Para\u00edso, S\u00e3o Paulo \u2013 SP, 01418-000\u2022(11) 5186-4900<\/p>\n\n\n\n<p>Site:&nbsp;<a href=\"https:\/\/www.hiltonhotels.com\/pt_BR\/brasil\/qoya-hotel-sao-paulo\/\">https:\/\/www.hiltonhotels.com\/pt_BR\/brasil\/qoya-hotel-sao-paulo\/<\/a><\/p>\n\n\n\n<ul class=\"wp-block-list\">\n<li>Alimentaci\u00f3n \u2013 El edificio de UNINOVE Vergueiro posee una plaza de alimentaci\u00f3n en el piso (-1). Adem\u00e1s de esta opci\u00f3n, existen varios restaurantes en la regi\u00f3n.<\/li>\n\n\n\n<li>Transporte \u2013 La UNINOVE Vergueiro est\u00e1 pr\u00f3xima a la estaci\u00f3n de metro S\u00e3o Joaquim<\/li>\n<\/ul>\n\n\n\n<h2 class=\"wp-block-heading\"><br><br><\/h2>\n","protected":false},"excerpt":{"rendered":"<p>\u2013 Hotel Leques Brasil (500 metros de distancia) Direcci\u00f3n: R. S\u00e3o Joaquim, 216 \u2013 Liberdade, S\u00e3o Paulo \u2013 SP, 01508-000 Tel\u00e9fono: (11) 3019-4300 site:&nbsp;https:\/\/www.lequesbrasil.com.br\/ \u2013 Nikkey Palace Hotel (850 metros de distancia) Direcci\u00f3n: R. Galv\u00e3o Bueno, 425 \u2013 Liberdade, S\u00e3o Paulo \u2013 SP, 01506-000 Tel\u00e9fono: (11) 3207-8511 Site:&nbsp;https:\/\/www.nikkeyhotel.com.br\/ \u2013 Mercure S\u00e3o Paulo Bela Vista (4 [&hellip;]<\/p>\n","protected":false},"author":1,"featured_media":0,"parent":0,"menu_order":0,"comment_status":"closed","ping_status":"closed","template":"","meta":{"footnotes":""},"class_list":["post-5615","page","type-page","status-publish","hentry"],"_links":{"self":[{"href":"https:\/\/singep.org.br\/11\/wp-json\/wp\/v2\/pages\/5615","targetHints":{"allow":["GET"]}}],"collection":[{"href":"https:\/\/singep.org.br\/11\/wp-json\/wp\/v2\/pages"}],"about":[{"href":"https:\/\/singep.org.br\/11\/wp-json\/wp\/v2\/types\/page"}],"author":[{"embeddable":true,"href":"https:\/\/singep.org.br\/11\/wp-json\/wp\/v2\/users\/1"}],"replies":[{"embeddable":true,"href":"https:\/\/singep.org.br\/11\/wp-json\/wp\/v2\/comments?post=5615"}],"version-history":[{"count":1,"href":"https:\/\/singep.org.br\/11\/wp-json\/wp\/v2\/pages\/5615\/revisions"}],"predecessor-version":[{"id":8442,"href":"https:\/\/singep.org.br\/11\/wp-json\/wp\/v2\/pages\/5615\/revisions\/8442"}],"wp:attachment":[{"href":"https:\/\/singep.org.br\/11\/wp-json\/wp\/v2\/media?parent=5615"}],"curies":[{"name":"wp","href":"https:\/\/api.w.org\/{rel}","templated":true}]}}