{"id":5600,"date":"2014-05-23T12:08:11","date_gmt":"2014-05-23T15:08:11","guid":{"rendered":"http:\/\/singep.org.br\/11\/fast-track\/"},"modified":"2023-07-03T13:41:17","modified_gmt":"2023-07-03T16:41:17","slug":"fast-track","status":"publish","type":"page","link":"https:\/\/singep.org.br\/11\/fast-track\/?lang=es","title":{"rendered":"Fast Track"},"content":{"rendered":"\n<p><strong>Los mejores trabajos ser\u00e1n seleccionados para fast track en alrededor de 40 revistas cient\u00edficas que est\u00e1n colaborando con el XI SINGEP-CIK. La lista de revistas se anunciar\u00e1 en breve.<\/strong><\/p>\n\n\n\n<p><\/p>\n","protected":false},"excerpt":{"rendered":"<p>Los mejores trabajos ser\u00e1n seleccionados para fast track en alrededor de 40 revistas cient\u00edficas que est\u00e1n colaborando con el XI SINGEP-CIK. La lista de revistas se anunciar\u00e1 en breve.<\/p>\n","protected":false},"author":1,"featured_media":0,"parent":0,"menu_order":0,"comment_status":"closed","ping_status":"closed","template":"","meta":{"footnotes":""},"class_list":["post-5600","page","type-page","status-publish","hentry"],"_links":{"self":[{"href":"https:\/\/singep.org.br\/11\/wp-json\/wp\/v2\/pages\/5600","targetHints":{"allow":["GET"]}}],"collection":[{"href":"https:\/\/singep.org.br\/11\/wp-json\/wp\/v2\/pages"}],"about":[{"href":"https:\/\/singep.org.br\/11\/wp-json\/wp\/v2\/types\/page"}],"author":[{"embeddable":true,"href":"https:\/\/singep.org.br\/11\/wp-json\/wp\/v2\/users\/1"}],"replies":[{"embeddable":true,"href":"https:\/\/singep.org.br\/11\/wp-json\/wp\/v2\/comments?post=5600"}],"version-history":[{"count":3,"href":"https:\/\/singep.org.br\/11\/wp-json\/wp\/v2\/pages\/5600\/revisions"}],"predecessor-version":[{"id":8384,"href":"https:\/\/singep.org.br\/11\/wp-json\/wp\/v2\/pages\/5600\/revisions\/8384"}],"wp:attachment":[{"href":"https:\/\/singep.org.br\/11\/wp-json\/wp\/v2\/media?parent=5600"}],"curies":[{"name":"wp","href":"https:\/\/api.w.org\/{rel}","templated":true}]}}