{"id":5595,"date":"2014-05-23T15:20:11","date_gmt":"2014-05-23T18:20:11","guid":{"rendered":"http:\/\/singep.org.br\/11\/local\/"},"modified":"2023-07-03T15:26:49","modified_gmt":"2023-07-03T18:26:49","slug":"local","status":"publish","type":"page","link":"https:\/\/singep.org.br\/11\/local\/?lang=es","title":{"rendered":"Local"},"content":{"rendered":"\n<p><strong>UNINOVE<\/strong><\/p>\n\n\n\n<p><strong>EL DIA&nbsp;<\/strong><strong><u>25 DE OCTUBRE DE 2023<\/u><\/strong><strong>&nbsp;EL EVENTO SER\u00c1&nbsp;<\/strong><strong><u>PRESENCIAL<\/u><\/strong><strong>&nbsp;EN LA UNINOVE VERGUEIRO:<\/strong><\/p>\n\n\n\n<p><strong>UNINOVE VERGUEIRO<\/strong><\/p>\n\n\n\n<p>Rua Vergueiro, 235\/249 \u2013 Liberdade, S\u00e3o Paulo \u2013 SP \u2013 Brasil<\/p>\n\n\n\n<p><strong>LOS D\u00cdAS&nbsp;26 Y 27 DE OCTUBRE DE 2023&nbsp;EL EVENTO SER\u00c1&nbsp;VIRTUAL Y <\/strong><strong>S\u00cdNCRONO<\/strong><strong>,<\/strong>&nbsp;realizado en plataforma digital, con acceso despu\u00e9s del login del participante.<\/p>\n\n\n\n<p><strong>EL D\u00cdA&nbsp;27 DE OCTUBRE DE 2023&nbsp;SER\u00c1 REALIZADA UNA CONFERENCIA PRESENCIAL EN LA PUC-RIO,&nbsp;<\/strong>planificada para los participantes del CIK, pero tambi\u00e9n abierta a los participantes del SINGEP.<\/p>\n\n\n","protected":false},"excerpt":{"rendered":"<p>UNINOVE EL DIA&nbsp;25 DE OCTUBRE DE 2023&nbsp;EL EVENTO SER\u00c1&nbsp;PRESENCIAL&nbsp;EN LA UNINOVE VERGUEIRO: UNINOVE VERGUEIRO Rua Vergueiro, 235\/249 \u2013 Liberdade, S\u00e3o Paulo \u2013 SP \u2013 Brasil LOS D\u00cdAS&nbsp;26 Y 27 DE OCTUBRE DE 2023&nbsp;EL EVENTO SER\u00c1&nbsp;VIRTUAL Y S\u00cdNCRONO,&nbsp;realizado en plataforma digital, con acceso despu\u00e9s del login del participante. EL D\u00cdA&nbsp;27 DE OCTUBRE DE 2023&nbsp;SER\u00c1 REALIZADA UNA [&hellip;]<\/p>\n","protected":false},"author":1,"featured_media":0,"parent":0,"menu_order":0,"comment_status":"closed","ping_status":"closed","template":"","meta":{"footnotes":""},"class_list":["post-5595","page","type-page","status-publish","hentry"],"_links":{"self":[{"href":"https:\/\/singep.org.br\/11\/wp-json\/wp\/v2\/pages\/5595","targetHints":{"allow":["GET"]}}],"collection":[{"href":"https:\/\/singep.org.br\/11\/wp-json\/wp\/v2\/pages"}],"about":[{"href":"https:\/\/singep.org.br\/11\/wp-json\/wp\/v2\/types\/page"}],"author":[{"embeddable":true,"href":"https:\/\/singep.org.br\/11\/wp-json\/wp\/v2\/users\/1"}],"replies":[{"embeddable":true,"href":"https:\/\/singep.org.br\/11\/wp-json\/wp\/v2\/comments?post=5595"}],"version-history":[{"count":2,"href":"https:\/\/singep.org.br\/11\/wp-json\/wp\/v2\/pages\/5595\/revisions"}],"predecessor-version":[{"id":8441,"href":"https:\/\/singep.org.br\/11\/wp-json\/wp\/v2\/pages\/5595\/revisions\/8441"}],"wp:attachment":[{"href":"https:\/\/singep.org.br\/11\/wp-json\/wp\/v2\/media?parent=5595"}],"curies":[{"name":"wp","href":"https:\/\/api.w.org\/{rel}","templated":true}]}}