{"id":5318,"date":"2017-06-09T17:20:35","date_gmt":"2017-06-09T20:20:35","guid":{"rendered":"http:\/\/singep.org.br\/11\/?page_id=5318"},"modified":"2023-06-07T15:51:06","modified_gmt":"2023-06-07T18:51:06","slug":"estrategia","status":"publish","type":"page","link":"https:\/\/singep.org.br\/11\/areas\/estrategia\/","title":{"rendered":"Estrat\u00e9gia"},"content":{"rendered":"\n<p><strong>L\u00edderes: <\/strong><\/p>\n\n\n\n<ul class=\"wp-block-list\">\n<li>Benny Kramer Costa \u2013 Programa de P\u00f3s-Gradua\u00e7\u00e3o em Administra\u00e7\u00e3o da Universidade Nove de Julho (UNINOVE); Universidade de S\u00e3o Paulo (USP).<\/li>\n\n\n\n<li>Thiago de Luca Sant\u2019ana Ribeiro \u2013 Professor permanente da Faculdade de Tecnologia do Estado de S\u00e3o Paulo (FATEC); Egressos do Programa de P\u00f3s-Gradua\u00e7\u00e3o em Administra\u00e7\u00e3o da Universidade Nove de Julho (UNINOVE).<\/li>\n\n\n\n<li>Lu\u00eds F\u00e1bio Cavalcanti da Silva \u2013 Mestre pelo Programa de P\u00f3s-Gradua\u00e7\u00e3o em Administra\u00e7\u00e3o da Universidade Nove de Julho (UNINOVE).<\/li>\n\n\n\n<li>Renato Fabiano Cintra \u2013 Programa de Mestrado Profissional de Administra\u00e7\u00e3o P\u00fablica (PROFIAP); Universidade Federal da Grande Dourados (UFGD); Egresso do Programa de P\u00f3s-Gradua\u00e7\u00e3o em Administra\u00e7\u00e3o da Universidade Nove de Julho (UNINOVE).<\/li>\n<\/ul>\n\n\n\n<div style=\"height:25px\" aria-hidden=\"true\" class=\"wp-block-spacer\"><\/div>\n\n\n\n<h3 class=\"wp-block-heading\">Temas:<\/h3>\n\n\n\n<ol class=\"wp-block-list\">\n<li>Estrat\u00e9gia Comportamental<\/li>\n\n\n\n<li>Estrat\u00e9gia Corporativa e Competitiva<\/li>\n\n\n\n<li>Estrat\u00e9gia Cooperativa e de Stakeholders<\/li>\n\n\n\n<li>Estrat\u00e9gia e Internacionaliza\u00e7\u00e3o<\/li>\n\n\n\n<li>Estrat\u00e9gia e Organiza\u00e7\u00f5es<\/li>\n\n\n\n<li>Estrat\u00e9gia, Lideran\u00e7a e Governan\u00e7a<\/li>\n\n\n\n<li>Estrat\u00e9gia no Contexto da Gest\u00e3o P\u00fablica e do 3\u00ba Setor<\/li>\n\n\n\n<li>T\u00f3picos Especiais em Estrat\u00e9gia<\/li>\n\n\n\n<li><p align=\"justify\" style=\"margin-bottom: 0in; line-height: 100%\"> <span lang=\"pt-BR\">Estrat\u00e9gia, Intelig\u00eancia Artificial (IA) e Objetivos de Desenvolvimento Sustent\u00e1vel (ODS) Transformando os Neg\u00f3cios<\/span><\/p> <\/li>\n<\/ol>\n","protected":false},"excerpt":{"rendered":"<p>L\u00edderes: Temas:<\/p>\n","protected":false},"author":1,"featured_media":0,"parent":30,"menu_order":0,"comment_status":"closed","ping_status":"closed","template":"","meta":{"footnotes":""},"class_list":["post-5318","page","type-page","status-publish","hentry"],"_links":{"self":[{"href":"https:\/\/singep.org.br\/11\/wp-json\/wp\/v2\/pages\/5318","targetHints":{"allow":["GET"]}}],"collection":[{"href":"https:\/\/singep.org.br\/11\/wp-json\/wp\/v2\/pages"}],"about":[{"href":"https:\/\/singep.org.br\/11\/wp-json\/wp\/v2\/types\/page"}],"author":[{"embeddable":true,"href":"https:\/\/singep.org.br\/11\/wp-json\/wp\/v2\/users\/1"}],"replies":[{"embeddable":true,"href":"https:\/\/singep.org.br\/11\/wp-json\/wp\/v2\/comments?post=5318"}],"version-history":[{"count":7,"href":"https:\/\/singep.org.br\/11\/wp-json\/wp\/v2\/pages\/5318\/revisions"}],"predecessor-version":[{"id":8106,"href":"https:\/\/singep.org.br\/11\/wp-json\/wp\/v2\/pages\/5318\/revisions\/8106"}],"up":[{"embeddable":true,"href":"https:\/\/singep.org.br\/11\/wp-json\/wp\/v2\/pages\/30"}],"wp:attachment":[{"href":"https:\/\/singep.org.br\/11\/wp-json\/wp\/v2\/media?parent=5318"}],"curies":[{"name":"wp","href":"https:\/\/api.w.org\/{rel}","templated":true}]}}