{"id":461,"date":"2014-09-22T13:09:29","date_gmt":"2014-09-22T16:09:29","guid":{"rendered":"https:\/\/singep.org.br\/?page_id=461"},"modified":"2023-09-11T15:10:17","modified_gmt":"2023-09-11T18:10:17","slug":"informacoes-importantes","status":"publish","type":"page","link":"https:\/\/singep.org.br\/11\/informacoes-importantes\/","title":{"rendered":"Informa\u00e7\u00f5es \u00dateis"},"content":{"rendered":"\n<p>Hot\u00e9is pr\u00f3ximos ao evento:<\/p>\n\n\n\n<ul class=\"wp-block-list\">\n<li>Hotel Leques Brasil (500 metros de dist\u00e2ncia)<br>Endere\u00e7o: R. S\u00e3o Joaquim, 216 &#8211; Liberdade, S\u00e3o Paulo &#8211; SP, 01508-000<br>Telefone: (11) 3019-4300<br>site: <a href=\"https:\/\/www.lequesbrasil.com.br\/\">https:\/\/www.lequesbrasil.com.br\/<\/a><\/li>\n\n\n\n<li>Nikkey Palace Hotel (850 metros de dist\u00e2ncia)<br>Endere\u00e7o: R. Galv\u00e3o Bueno, 425 &#8211; Liberdade, S\u00e3o Paulo &#8211; SP, 01506-000<br>Telefone: (11) 3207-8511<br>Site: <a href=\"https:\/\/www.nikkeyhotel.com.br\/\">https:\/\/www.nikkeyhotel.com.br\/<\/a><\/li>\n\n\n\n<li>Mercure S\u00e3o Paulo Bela Vista (4 estrelas) 550 metros de dist\u00e2ncia<br>R. Maestro Cardim, 407 \u2013 Para\u00edso, S\u00e3o Paulo \u2013 SP, 01323-000 \u2022(11) 2853-7000 <br>(Desconto especial de 12% sobre a nossa tarifa flex\u00edvel com caf\u00e9 da manh\u00e3 sem restri\u00e7\u00f5es para o per\u00edodo do evento. Link de desconto)) 2853-7000<\/li>\n<\/ul>\n\n\n\n<p>Site: <a href=\"http:\/\/www.accorhotels.com\/lien_externe.svlt?goto=rech_resa&amp;destination=3626&amp;sourceid=ALUNOS&amp;dayIn=24&amp;monthIn=10&amp;yearIn=2023&amp;nightNb=1&amp;preferredCode=ALUNOS&amp;merchantid=par-accorFR\">http:\/\/www.accorhotels.com\/lien_externe.svlt?goto=rech_resa&amp;destination=3626&amp;sourceid=ALUNOS&amp;dayIn=24&amp;monthIn=10&amp;yearIn=2023&amp;nightNb=1&amp;preferredCode=ALUNOS&amp;merchantid=par-accorFR<\/a><\/p>\n\n\n\n<p>Condi\u00e7\u00f5es Gerais:<br>\u2022 5% ISS<br>\u2022 Check in \u2013 12h00 \/ Check out \u2013 12h00<br>\u2022 Estacionamento n\u00e3o incluso<br>\u2022 Caf\u00e9 da manh\u00e3 incluso na di\u00e1ria servido no restaurante;<br>\u2022 Tarifas validas para o per\u00edodo de 24\/10 a 26\/10\/2023;<br>\u2022 Internet gratuita para h\u00f3spedes;<br>\u2022 Tarifa NET \u2013 N\u00e3o Comissionada<br>\u2022 Desconto dispon\u00edvel at\u00e9 07 dias antes da data de entrada, mediante a disponibilidade de apartamentos.<\/p>\n\n\n\n<p>(O desconto fica dispon\u00edvel para o acesso via Internet Explorer e Google Chrome).<\/p>\n\n\n\n<ul class=\"wp-block-list\">\n<li>Radisson Hotel Paulista So Paulo (4 estrelas) (1,6 Km de dist\u00e2ncia)<\/li>\n<\/ul>\n\n\n\n<p>Alameda Santos, 85 &#8211; Jardins, S\u00e3o Paulo &#8211; SP, 01419-000\u2022(11) 2627-1000<\/p>\n\n\n\n<p>Site: <a href=\"https:\/\/www.radissonhotelsamericas.com\/pt-br\/hotels\/radisson-sao-paulo-paulista\">https:\/\/www.radissonhotelsamericas.com\/pt-br\/hotels\/radisson-sao-paulo-paulista<\/a><\/p>\n\n\n\n<ul class=\"wp-block-list\">\n<li>Qoya Hotel Sao Paulo, Curio Collection by Hilton (5 estrelas) mais carinho (1,6 Km de dist\u00e2ncia)<\/li>\n<\/ul>\n\n\n\n<p>Alameda Santos, 86 &#8211; Para\u00edso, S\u00e3o Paulo &#8211; SP, 01418-000\u2022(11) 5186-4900<\/p>\n\n\n\n<p>Site: <a href=\"https:\/\/www.hiltonhotels.com\/pt_BR\/brasil\/qoya-hotel-sao-paulo\/\">https:\/\/www.hiltonhotels.com\/pt_BR\/brasil\/qoya-hotel-sao-paulo\/<\/a><\/p>\n\n\n\n<p>Alimenta\u00e7\u00e3o \u2013 O pr\u00e9dio da UNINOVE Vergueiro possui uma pra\u00e7a de alimenta\u00e7\u00e3o no andar (-1). Al\u00e9m dessa op\u00e7\u00e3o, existem v\u00e1rios restaurantes na regi\u00e3o.<\/p>\n\n\n\n<p>Transporte \u2013 A UNINOVE Vergueiro fica pr\u00f3xima \u00e0 esta\u00e7\u00e3o de metr\u00f4 S\u00e3o Joaquim<\/p>\n","protected":false},"excerpt":{"rendered":"<p>Hot\u00e9is pr\u00f3ximos ao evento: Site: http:\/\/www.accorhotels.com\/lien_externe.svlt?goto=rech_resa&amp;destination=3626&amp;sourceid=ALUNOS&amp;dayIn=24&amp;monthIn=10&amp;yearIn=2023&amp;nightNb=1&amp;preferredCode=ALUNOS&amp;merchantid=par-accorFR Condi\u00e7\u00f5es Gerais:\u2022 5% ISS\u2022 Check in \u2013 12h00 \/ Check out \u2013 12h00\u2022 Estacionamento n\u00e3o incluso\u2022 Caf\u00e9 da manh\u00e3 incluso na di\u00e1ria servido no restaurante;\u2022 Tarifas validas para o per\u00edodo de 24\/10 a 26\/10\/2023;\u2022 Internet gratuita para h\u00f3spedes;\u2022 Tarifa NET \u2013 N\u00e3o Comissionada\u2022 Desconto dispon\u00edvel at\u00e9 07 dias antes [&hellip;]<\/p>\n","protected":false},"author":1,"featured_media":0,"parent":0,"menu_order":0,"comment_status":"closed","ping_status":"open","template":"","meta":{"footnotes":""},"class_list":["post-461","page","type-page","status-publish","hentry"],"_links":{"self":[{"href":"https:\/\/singep.org.br\/11\/wp-json\/wp\/v2\/pages\/461","targetHints":{"allow":["GET"]}}],"collection":[{"href":"https:\/\/singep.org.br\/11\/wp-json\/wp\/v2\/pages"}],"about":[{"href":"https:\/\/singep.org.br\/11\/wp-json\/wp\/v2\/types\/page"}],"author":[{"embeddable":true,"href":"https:\/\/singep.org.br\/11\/wp-json\/wp\/v2\/users\/1"}],"replies":[{"embeddable":true,"href":"https:\/\/singep.org.br\/11\/wp-json\/wp\/v2\/comments?post=461"}],"version-history":[{"count":7,"href":"https:\/\/singep.org.br\/11\/wp-json\/wp\/v2\/pages\/461\/revisions"}],"predecessor-version":[{"id":8496,"href":"https:\/\/singep.org.br\/11\/wp-json\/wp\/v2\/pages\/461\/revisions\/8496"}],"wp:attachment":[{"href":"https:\/\/singep.org.br\/11\/wp-json\/wp\/v2\/media?parent=461"}],"curies":[{"name":"wp","href":"https:\/\/api.w.org\/{rel}","templated":true}]}}