{"id":4341,"date":"2015-06-18T16:40:30","date_gmt":"2015-06-18T19:40:30","guid":{"rendered":"https:\/\/singep.org.br\/?page_id=4341"},"modified":"2023-10-26T16:17:16","modified_gmt":"2023-10-26T19:17:16","slug":"programacao","status":"publish","type":"page","link":"https:\/\/singep.org.br\/11\/programacao\/","title":{"rendered":"Programa\u00e7\u00e3o"},"content":{"rendered":"\n<h2 class=\"wp-block-heading\">PROGRAMA\u00c7\u00c3O PRELIMINAR &#8211; XI SINGEP-CIK<\/h2>\n\n\n\n<p><strong>*Hor\u00e1rio de Bras\u00edlia<\/strong><\/p>\n\n\n\n<p><strong>1\u00ba DIA DO EVENTO<\/strong><\/p>\n\n\n\n<figure class=\"wp-block-table is-style-stripes\"><table><thead><tr><th><strong>Hor\u00e1rio*<\/strong><br><\/th><th><strong><strong>25 de outubro de 2023 (Quarta-feira) \u2013 PRESENCIAL \u2013 UNINOVE <\/strong><\/strong><br><strong><strong>(<strong>Local: Campus Vergueiro da UNINOVE (Audit\u00f3rio do andar 1), Rua Vergueiro, 235\/249 &#8211; Liberdade, S\u00e3o Paulo &#8211; SP<\/strong>)<\/strong><\/strong><br><\/th><\/tr><\/thead><tbody><tr><td> <p><strong>9h \u00e0s 10h<\/strong><\/p><\/td><td> <strong>Credenciamento XI SINGEP-CIK e Coffee de recep\u00e7\u00e3o<\/strong><\/td><\/tr><tr><td> <p><strong>10h \u00e0s 10h15<\/strong><\/p><\/td><td><strong>Solenidade de Abertura<\/strong><br><br>Prof. Eduardo Storopoli \/ Profa. Maria Cristina Storopoli (Reitoria\/Pr\u00f3-Reitoria da Universidade Nove de Julho)<br><br>Prof. Dr. Nader Asgary (Professor da Bentley University \u2013 EUA, Diretor do CIK \u2013 Cyrus Institute of Knowledge, e Presidente da Comiss\u00e3o Organizadora da 9\u00aa International Conference do CIK).<br><br>Profa. Dra. Cristina Dai Pr\u00e1 Martens (Diretora do Programa de P\u00f3s-gradua\u00e7\u00e3o em Gest\u00e3o de Projetos da Universidade Nove de Julho, PPGP-UNINOVE, e Presidente da Comiss\u00e3o Organizadora do XI SINGEP).<br><br>Prof. Dra. Priscila Rezende da Costa (Diretora do Programa de P\u00f3s-gradua\u00e7\u00e3o em Administra\u00e7\u00e3o da Universidade Nove de Julho, PPGA-UNINOVE).<br><br>Thami Ghorfi (President and Founder of the ESCA Ecole de Management, Casablanca, Moroco).<\/td><\/tr><tr><td> <p><strong>10h15 \u00e0s 12h<\/strong><\/p><\/td><td><strong>Confer\u00eancia de Abertura:<\/strong><br><br> <strong>Gest\u00e3o ESG (Ambiental, Social e Governan\u00e7a) para o Alcance dos Objetivos de Desenvolvimento Sustent\u00e1vel (ODS)<\/strong><br><em><strong>ESG (Environmental, Social, and Governance) Management to Achieve the Sustainable Development Goals (SDGs)<\/strong><\/em><br><br>Conferencistas:<br> Prof. Dr. Carlos Rufin (Professor da Suffolk University \u2013 EUA)<br><br> Prof. Dr. Arlindo Philippi Junior (Professor titular da Faculdade de Sa\u00fade P\u00fablica da USP, S\u00e3o Paulo)<br><br>Prof. Dr. Majid Kaissar El Ghaib (ESCA Ecole de Management, Casablanca, Morocco)<br><br>Debatedores:<br><br>Prof. Dr. Isak Kruglianskas (Professor Titular FEA\/USP, Coordenador do PROGESA \u2013 FIA, S\u00e3o Paulo \u2013 Brasil)<br><br>Prof. Dr. Nader Asgary (Professor da Bentley University \u2013 EUA, Diretor do CIK \u2013 Cyrus Institute of Knowledge, e Presidente da Comiss\u00e3o Organizadora do International Conference Cyrus)<br><br>Moderador:<br><br>Profa. Dra. Cristina Dai Pr\u00e1 Martens (Professora do Programa de P\u00f3s-gradua\u00e7\u00e3o em Administra\u00e7\u00e3o e do Programa de P\u00f3s-Gradua\u00e7\u00e3o em Gest\u00e3o de Projetos da UNINOVE, e Presidente da Comiss\u00e3o Organizadora do XI SINGEP)<\/td><\/tr><tr><td> <p><strong>12h \u00e0s 14h<\/strong><\/p><\/td><td><strong> Almo\u00e7o livre<\/strong> &#8211; ser\u00e1 servido um brunch pela organiza\u00e7\u00e3o do evento<\/td><\/tr><tr><td> <p><strong>14h \u00e0s 16h<\/strong><\/p><\/td><td><strong>Apresenta\u00e7\u00e3o Plen\u00e1ria:<\/strong><br><br> <strong>Intelig\u00eancia Artificial, Industria 4.0 e Gest\u00e3o da Inova\u00e7\u00e3o Transformando os Neg\u00f3cios<\/strong><br><em><strong>Artificial Intelligence, Industry 4.0 and Innovation Management Transforming Business<\/strong><\/em><br><br>Conferencistas:<br><br>Prof. Dr. Vasco Furtado (Coordenador do Laborat\u00f3rio de Ci\u00eancias dos Dados e Intelig\u00eancia Artificial da Universidade de Fortaleza &#8211; UNIFOR)<br><br> Profa. Dra. Carla Bonato Marcolin (Coordenadora do Laborat\u00f3rio de Intelig\u00eancia Artificial Aplicada da Universidade Federal de Uberl\u00e2ndia \u2013 UFU)<br><br>Profa. Dra. Amarolinda Iara da Costa Zanela Klein (Professora do Programa de P\u00f3s-Gradua\u00e7\u00e3o em Administra\u00e7\u00e3o da Escola de Gest\u00e3o e Neg\u00f3cios da UNISINOS)<br><br> Kayvon Touran (CEO &amp; Co-Founder | Zal.ai, Maine, USA)<br><br>Moderador:<br><br> Prof. Dr. Fernando Antonio Ribeiro Serra (Professor do Programa de P\u00f3s-gradua\u00e7\u00e3o em Administra\u00e7\u00e3o e do Programa de P\u00f3s-Gradua\u00e7\u00e3o em Gest\u00e3o de Projetos da UNINOVE)<\/td><\/tr><tr><td> <p><strong>16h \u00e0s 16h30<\/strong><\/p><\/td><td><strong>Coffee break<\/strong><\/td><\/tr><tr><td> <p><strong>16h30 \u00e0s 18h30<\/strong><\/p><\/td><td> <strong>Cons\u00f3rcio Doutoral Internacional<\/strong><br><br>Coordena\u00e7\u00e3o nacional: Prof. Dr. Emerson Antonio Maccari (Professor do Programa de P\u00f3s-gradua\u00e7\u00e3o em Administra\u00e7\u00e3o e do Programa de P\u00f3s-gradua\u00e7\u00e3o em Gest\u00e3o de Projetos daUniversidade Nove de Julho, PPGP-UNINOVE).<br><br>Coordena\u00e7\u00e3o estrangeira: Prof. Dr. Nader Asgary (Professor da Bentley University \u2013 EUA, Diretor do CIK \u2013 Cyrus Institute of Knowledge, e Presidente da Comiss\u00e3o Organizadora do International Conference Cyrus).<\/td><\/tr><\/tbody><\/table><\/figure>\n\n\n\n<p><strong>2\u00ba DIA DO EVENTO<\/strong><\/p>\n\n\n\n<figure class=\"wp-block-table is-style-stripes\"><table><thead><tr><th><strong>Hor\u00e1rio*<\/strong><br><\/th><th><strong><strong><strong>26 de outubro de 2023 (Quinta-feira) &#8211; VIRTUAL<\/strong><\/strong><\/strong><br><\/th><\/tr><\/thead><tbody><tr><td> <p><strong><strong>08h30 \u00e0s 10<\/strong>h30<\/strong><\/p><strong>Virtual<\/strong><\/td><td><strong>Sess\u00f5es paralelas de apresenta\u00e7\u00e3o de Trabalhos<\/strong><\/td><\/tr><tr><td> <p><strong>08h30 \u00e0s <strong>10h30<\/strong> <\/strong><\/p><strong>Virtual<\/strong><\/td><td><strong>Sess\u00f5es paralelas de apresenta\u00e7\u00e3o de P\u00f4steres<\/strong><\/td><\/tr><tr><td> <p><strong>10h30 \u00e0s 10h40<\/strong><\/p><\/td><td><strong>Intervalo<\/strong><\/td><\/tr><tr><td> <p><strong>10h40 \u00e0s 12h40<\/strong><\/p><strong>Virtual<\/strong><\/td><td> <strong>Sess\u00f5es paralelas de apresenta\u00e7\u00e3o de Trabalhos<\/strong><\/td><\/tr><tr><td> <p><strong>12h40 \u00e0s 14h20<\/strong><\/p><\/td><td><strong>Intervalo livre<\/strong><\/td><\/tr><tr><td> <p><strong>14h20 \u00e0s 16h20<\/strong><\/p><strong>Virtual<\/strong><\/td><td> <strong>Encontro de Editores e Autores: boas pr\u00e1ticas de produ\u00e7\u00e3o cient\u00edfica nacional e internacional<\/strong><br><br>Organiza\u00e7\u00e3o: Profa. Dra. V\u00e2nia Jorge Nassif (Professora no Programa de P\u00f3s-gradua\u00e7\u00e3o em Administra\u00e7\u00e3o da Universidade Nove de Julho, PPGA-UNINOVE).<br><br>Panielistas:<br><br> Profa. Dra. Cecilia M. Villas Boas de Almeida &#8211; Universidade Paulista (UNIP). Vice-Reitoria de Pesquisa e P\u00f3s-Gradua\u00e7\u00e3o. Co-Editor-in-Chief do Journal of Cleaner Production \u2013 A1<br><br> Prof. Dr. Edson Aparecida de Ara\u00fajo Querido Oliveira &#8211; Coordenador do Programa de P\u00f3s-gradua\u00e7\u00e3o em Administra\u00e7\u00e3o na UNITAU &#8211; Universidade de Taubat\u00e9. Editor-Chefe da Revista Brasileira de Gest\u00e3o e Desenvolvimento Regional \u2013 A1<br><br>Prof. Dr. Luciano Ferreira da Silva &#8211; Professor no Programa de P\u00f3s-Gradua\u00e7\u00e3o em Gest\u00e3o de Projetos (PPGP) na Universidade Nove de Julho &#8211; UNINOVE. Editor-chefe da Revista de Gest\u00e3o e Projetos \u2013 A4<\/td><\/tr><tr><td> <p><strong>16h20 \u00e0s 16h30<\/strong><\/p><\/td><td> <strong>Intervalo<\/strong><\/td><\/tr><tr><td> <p><strong>16h30 \u00e0s 18h30<\/strong><\/p><strong>Virtual<\/strong><\/td><td><strong>Sess\u00f5es paralelas de apresenta\u00e7\u00e3o de Trabalhos<\/strong><\/td><\/tr><tr><td><strong>16h30 \u00e0s 18h30<\/strong><br><strong>Virtual<\/strong><\/td><td><strong>Paper Development Workshop (PDW): Editores das Revistas<\/strong><br><br>Coordena\u00e7\u00e3o:<br><br>Profa. Dra. Heidy Rodriguez Ramos (Professora do Programa de P\u00f3s-gradua\u00e7\u00e3o em Administra\u00e7\u00e3o da Universidade Nove de Julho, PPGA-UNINOVE, Professora do Programa de P\u00f3s-gradua\u00e7\u00e3o em Cidades Inteligentes e Sustent\u00e1veis da Universidade Nove de Julho, PPGCIS-UNINOVE, e Editora da Revista RIAE).<br><br>Editores convidados:<br><br>Prof. Dr. Edmilson de Oliveira Lima (Professor do Programa de P\u00f3s-gradua\u00e7\u00e3o em Administra\u00e7\u00e3o da Universidade Nove de Julho, PPGA-UNINOVE, e Editor da Revista PODIUM).<br><br>Profa. Dra. Cristiane Drebes Pedron (Professora do Programa de P\u00f3s-gradua\u00e7\u00e3o em Administra\u00e7\u00e3o da Universidade Nove de Julho, PPGA-UNINOVE, Professora do Programa de P\u00f3s-gradua\u00e7\u00e3o em Gest\u00e3o de Projetos da Universidade Nove de Julho, PPGP-UNINOVE, e Editora da Revista IPTEC).<br><br>Prof. Dra. Priscila Rezende da Costa (Diretora do Programa de P\u00f3s-gradua\u00e7\u00e3o em Administra\u00e7\u00e3o da Universidade Nove de Julho, PPGA-UNINOVE e Editora da Revista IJI) <br><br>Profa. Dra. Isabel Cristina Scafuto (Professora do Programa de P\u00f3s-gradua\u00e7\u00e3o em Gest\u00e3o de Projetos da Universidade Nove de Julho, PPGP-UNINOVE, e Coeditora da Revista IJI).<br><br>Prof. Dr. Jos\u00e9 Edson Lara (Professor do Mestrado Profissional em Administra\u00e7\u00e3o da Funda\u00e7\u00e3o Pedro Leopoldo, Editor da Revista Gest\u00e3o &amp; Tecnologia).<br><br>Prof. Dr. Julio Araujo Carneiro da Cunha (Professor do Programa de P\u00f3s-gradua\u00e7\u00e3o em Administra\u00e7\u00e3o da Universidade Nove de Julho, PPGA-UNINOVE, e Editor da Revista ReMark).<br><br>Prof. Dr. Andr\u00e9 Torres Urdan (Professor do Programa de P\u00f3s-gradua\u00e7\u00e3o em Administra\u00e7\u00e3o da Universidade Nove de Julho, PPGA-UNINOVE, e Editor cient\u00edfico da Revista ReMark).<br><br>Prof. Dr. Luciano Ferreira da Silva (Professor do Programa de P\u00f3s-gradua\u00e7\u00e3o em Gest\u00e3o de Projetos da Universidade Nove de Julho, PPGP-UNINOVE, e Editor da Revista GeP).<br><br> Prof. Dr. Rodrigo Baroni de Carvalho (Professor do Programa de P\u00f3s-gradua\u00e7\u00e3o em Administra\u00e7\u00e3o da PUCMinas, e editor da Revista de Economia Gest\u00e3o).<\/td><\/tr><tr><td> <p><strong>18h30 \u00e0s 18h40<\/strong><\/p><\/td><td> <strong>Intervalo<\/strong><\/td><\/tr><tr><td> <p><strong> 18h40<\/strong><\/p><strong>Virtual<\/strong><\/td><td><br>Premia\u00e7\u00e3o dos Melhores Trabalhos<a id=\"sdfootnote1anc\" href=\"#sdfootnote1sym\"><sup>1<\/sup><\/a> do Evento (5 categorias<a id=\"sdfootnote2anc\" href=\"#sdfootnote2sym\"><sup>2<\/sup><\/a>)<br><br>Premia\u00e7\u00e3o das Melhores Teses e Disserta\u00e7\u00f5es<a id=\"sdfootnote3anc\" href=\"#sdfootnote3sym\"><sup>3<\/sup><\/a>(2 categorias<a id=\"sdfootnote4anc\" href=\"#sdfootnote4sym\"><sup>4<\/sup><\/a>)<br><br>Organiza\u00e7\u00e3o: Prof. Dr. Julio Araujo Carneiro da Cunha (Professor do Programa de P\u00f3s-gradua\u00e7\u00e3o em Administra\u00e7\u00e3o da Universidade Nove de Julho, PPGA-UNINOVE).<br><\/td><\/tr><\/tbody><\/table><figcaption class=\"wp-element-caption\"><br><a href=\"https:\/\/singep.org.br\/11\/programacao\/#sdfootnote1sym\">\u00b9<\/a>Crit\u00e9rios adotados para a sele\u00e7\u00e3o dos melhores trabalhos do evento: qualidade, clareza e reda\u00e7\u00e3o do texto; atualidade do tema do trabalho; clareza nos objetivos; adequa\u00e7\u00e3o metodol\u00f3gica; forma de apresenta\u00e7\u00e3o dos dados quantitativos ou qualitativos; embasamento, amplitude e corre\u00e7\u00e3o face aos resultados obtidos; e consist\u00eancia e abrang\u00eancia das refer\u00eancias.<br><br><a href=\"https:\/\/singep.org.br\/11\/programacao\/#sdfootnote2sym\">\u00b2<\/a>(1) Categoria \u201cMelhor Artigo Cient\u00edfico\u201d, envolvendo a sele\u00e7\u00e3o dos tr\u00eas melhores trabalhos por tema (gest\u00e3o de projetos, inova\u00e7\u00e3o e empreendedorismo, sustentabilidade, estrat\u00e9gia, marketing, e ind\u00fastria 4.0); (2) Categoria \u201cMelhor Relato T\u00e9cnico\u201d, contemplando a sele\u00e7\u00e3o dos tr\u00eas melhores trabalhos por tema (gest\u00e3o de projetos, inova\u00e7\u00e3o e empreendedorismo, sustentabilidade, estrat\u00e9gia, marketing, e ind\u00fastria 4.0); (3) Categoria \u201cMelhor P\u00f4ster\u201d, envolvendo a sele\u00e7\u00e3o dos tr\u00eas trabalhos por tema (gest\u00e3o de projetos, inova\u00e7\u00e3o e empreendedorismo, sustentabilidade, estrat\u00e9gia, marketing, e ind\u00fastria 4.0); (4) Categoria \u201cMelhor Trabalho do XI SINGEP\u201d, mediante sele\u00e7\u00e3o do melhor trabalho do evento; e, por fim, (5) Categoria \u201cDistin\u00e7\u00e3o de M\u00e9rito\u201d para os tr\u00eas melhores avaliadores do evento.<br><br><a href=\"https:\/\/singep.org.br\/11\/programacao\/#sdfootnote3sym\">\u00b3<\/a>Crit\u00e9rios adotados para a sele\u00e7\u00e3o das melhores Teses e Disserta\u00e7\u00f5es: a originalidade do trabalho; sua relev\u00e2ncia para o desenvolvimento cient\u00edfico, tecnol\u00f3gico, cultural, social e de inova\u00e7\u00e3o.<br><br><a href=\"https:\/\/singep.org.br\/11\/programacao\/#sdfootnote4sym\">\u2074<\/a>(1) Categoria \u201cMelhor Disserta\u00e7\u00e3o\u201d, envolvendo a sele\u00e7\u00e3o das tr\u00eas melhores disserta\u00e7\u00f5es por programa (PPGA e PPGP UNINOVE); (2) Categoria \u201cMelhor Tese\u201d, contemplando a sele\u00e7\u00e3o das tr\u00eas melhores teses por programa (PPGA e PPGP UNINOVE).<br><\/figcaption><\/figure>\n\n\n\n<p><strong>3\u00ba DIA DO EVENTO<\/strong><\/p>\n\n\n\n<figure class=\"wp-block-table is-style-stripes\"><table><thead><tr><th><strong>Hor\u00e1rio*<\/strong><br><\/th><th><strong><strong>27 de outubro de 2023 (Sexta-feira) \u2013 VIRTUAL<\/strong><\/strong><br><\/th><\/tr><\/thead><tbody><tr><td><strong><br> <strong>9h \u00e0s 10h50<\/strong><br><strong>Virtual<\/strong><\/strong><\/td><td><br> <strong>Workshop: \u201cEstrat\u00e9gia de escolha de peri\u00f3dicos para submiss\u00f5es em Administra\u00e7\u00e3o\u201d<\/strong><br><br>Prof. Dr. Julio Araujo Carneiro da Cunha (Professor do PPGA-UNINOVE).<\/td><\/tr><tr><td> <p><strong><strong><br><br><strong>10h50 \u00e0s 11h<\/strong><\/strong><\/strong><\/p><\/td><td> <br><br><strong>Intervalo<\/strong><\/td><\/tr><tr><td> <p><strong><strong><br><strong>11h \u00e0s 12h50<\/strong><br><strong>Virtual<\/strong><\/strong><\/strong><\/p><\/td><td><strong><br> <strong>Workshop: \u201cNeuroci\u00eancia em pesquisas cient\u00edficas em Gest\u00e3o\u201d<\/strong><\/strong><br><strong><br><\/strong> Profa. Dra. Helena Belintani Shigaki (Professora do Centro Universit\u00e1rio Unihorizontes).<\/td><\/tr><tr><td> <p><strong>12h50 \u00e0s 14h<\/strong><\/p><\/td><td><strong>Intervalo<\/strong><\/td><\/tr><tr><td> <p><strong><br><strong>14h \u00e0s 15h50<\/strong><br><strong>Virtual<\/strong><\/strong><\/p><\/td><td><strong> <br><strong>Workshop: \u201cGest\u00e3o de Projetos Sociais e seus impactos na sociedade\u201d<\/strong><\/strong><br><strong><br><\/strong> Odair Lima (Diretor de Projetos Sociais do PMI-SP, Mentor de Startups e OSCs).<br><br>S\u00e9rgio Martins (CEO da Casa Cultural Dona Ant\u00f4nia, l\u00edder do Polo MG\/ES de forma\u00e7\u00e3o de l\u00edderes sociais da Falcons University)<\/td><\/tr><tr><td> <p><strong><br><strong>15h50 \u00e0s 16h<\/strong><\/strong><\/p><\/td><td> <strong>Intervalo<\/strong><\/td><\/tr><tr><td> <p><strong><br><strong>16h \u00e0s 17h50<br><\/strong><br><strong>Virtual<\/strong><\/strong><\/p><\/td><td><br> <strong>Workshop: \u201cUso de Intelig\u00eancia Artificial em pesquisas cient\u00edficas em Gest\u00e3o\u201d<\/strong><br><br> Prof. Dr. Ricardo Limongi (Professor do PPGADM\/UFG e PPGADM\/UFU)<br><br>Prof. Dr. Leonardo Vils (Professor do PPGP-UNINOVE).<\/td><\/tr><tr><td> <p><strong><strong>17h50 \u00e0s 18h<\/strong><\/strong><\/p><\/td><td><strong>Intervalo<\/strong><\/td><\/tr><tr><td> <p><strong><strong>18h &#8211; Virtual<\/strong><\/strong><\/p><\/td><td><strong>Encerramento do XI SINGEP-CIK<\/strong><\/td><\/tr><\/tbody><\/table><\/figure>\n\n\n\n<p><\/p>\n","protected":false},"excerpt":{"rendered":"<p>PROGRAMA\u00c7\u00c3O PRELIMINAR &#8211; XI SINGEP-CIK *Hor\u00e1rio de Bras\u00edlia 1\u00ba DIA DO EVENTO Hor\u00e1rio* 25 de outubro de 2023 (Quarta-feira) \u2013 PRESENCIAL \u2013 UNINOVE (Local: Campus Vergueiro da UNINOVE (Audit\u00f3rio do andar 1), Rua Vergueiro, 235\/249 &#8211; Liberdade, S\u00e3o Paulo &#8211; SP) 9h \u00e0s 10h Credenciamento XI SINGEP-CIK e Coffee de recep\u00e7\u00e3o 10h \u00e0s 10h15 Solenidade [&hellip;]<\/p>\n","protected":false},"author":1,"featured_media":0,"parent":0,"menu_order":0,"comment_status":"closed","ping_status":"open","template":"","meta":{"footnotes":""},"class_list":["post-4341","page","type-page","status-publish","hentry"],"_links":{"self":[{"href":"https:\/\/singep.org.br\/11\/wp-json\/wp\/v2\/pages\/4341","targetHints":{"allow":["GET"]}}],"collection":[{"href":"https:\/\/singep.org.br\/11\/wp-json\/wp\/v2\/pages"}],"about":[{"href":"https:\/\/singep.org.br\/11\/wp-json\/wp\/v2\/types\/page"}],"author":[{"embeddable":true,"href":"https:\/\/singep.org.br\/11\/wp-json\/wp\/v2\/users\/1"}],"replies":[{"embeddable":true,"href":"https:\/\/singep.org.br\/11\/wp-json\/wp\/v2\/comments?post=4341"}],"version-history":[{"count":82,"href":"https:\/\/singep.org.br\/11\/wp-json\/wp\/v2\/pages\/4341\/revisions"}],"predecessor-version":[{"id":8813,"href":"https:\/\/singep.org.br\/11\/wp-json\/wp\/v2\/pages\/4341\/revisions\/8813"}],"wp:attachment":[{"href":"https:\/\/singep.org.br\/11\/wp-json\/wp\/v2\/media?parent=4341"}],"curies":[{"name":"wp","href":"https:\/\/api.w.org\/{rel}","templated":true}]}}