{"id":24,"date":"2014-05-23T14:02:31","date_gmt":"2014-05-23T17:02:31","guid":{"rendered":"http:\/\/impermad.com.br\/singep\/?page_id=24"},"modified":"2023-08-08T09:41:55","modified_gmt":"2023-08-08T12:41:55","slug":"datas-importantes","status":"publish","type":"page","link":"https:\/\/singep.org.br\/11\/datas-importantes\/","title":{"rendered":"Datas Importantes"},"content":{"rendered":"\n<p><strong>-SUBMISS\u00d5ES:<br><\/strong><s>at\u00e9 07\/08\/2023<\/s><\/p>\n\n\n\n<p>Submiss\u00f5es prorrogadas at\u00e9 14\/08\/2023<\/p>\n\n\n\n<p><strong>-DIVULGA\u00c7\u00c3O DOS TRABALHOS SELECIONADOS:<\/strong><br>14\/09\/2023<\/p>\n\n\n\n<p><strong>-INSCRI\u00c7\u00d5ES DOS AUTORES COM TRABALHOS APROVADOS:<\/strong><br>at\u00e9 25\/09\/2023<\/p>\n\n\n\n<p><strong>-DATA DO EVENTO:<\/strong><br>25, 26 e 27 de outubro de 2023<\/p>\n\n\n\n<p><strong>-EVENTO SEMIPRESENCIAL:<\/strong><br><\/p>\n\n\n\n<p>Dia 25 <strong>presencial<\/strong> na UNINOVE \u2013 Vergueiro (SP) aberta para os inscritos SINGEP-CIK<br>Dia 26 <strong>virtual e s\u00edncrono<\/strong> \u2013 Atividade SINGEP aberta para os inscritos CIK<br>Dia 27 <strong>virtual e s\u00edncrono<\/strong> \u2013 Atividade SINGEP aberta para os inscritos CIK e Atividade CIK <strong>presencial <\/strong>com palestra na PUC-Rio (RJ) aberta para os inscritos SINGEP<\/p>\n","protected":false},"excerpt":{"rendered":"<p>-SUBMISS\u00d5ES:at\u00e9 07\/08\/2023 Submiss\u00f5es prorrogadas at\u00e9 14\/08\/2023 -DIVULGA\u00c7\u00c3O DOS TRABALHOS SELECIONADOS:14\/09\/2023 -INSCRI\u00c7\u00d5ES DOS AUTORES COM TRABALHOS APROVADOS:at\u00e9 25\/09\/2023 -DATA DO EVENTO:25, 26 e 27 de outubro de 2023 -EVENTO SEMIPRESENCIAL: Dia 25 presencial na UNINOVE \u2013 Vergueiro (SP) aberta para os inscritos SINGEP-CIKDia 26 virtual e s\u00edncrono \u2013 Atividade SINGEP aberta para os inscritos CIKDia 27 [&hellip;]<\/p>\n","protected":false},"author":1,"featured_media":0,"parent":0,"menu_order":0,"comment_status":"closed","ping_status":"closed","template":"","meta":{"footnotes":""},"class_list":["post-24","page","type-page","status-publish","hentry"],"_links":{"self":[{"href":"https:\/\/singep.org.br\/11\/wp-json\/wp\/v2\/pages\/24","targetHints":{"allow":["GET"]}}],"collection":[{"href":"https:\/\/singep.org.br\/11\/wp-json\/wp\/v2\/pages"}],"about":[{"href":"https:\/\/singep.org.br\/11\/wp-json\/wp\/v2\/types\/page"}],"author":[{"embeddable":true,"href":"https:\/\/singep.org.br\/11\/wp-json\/wp\/v2\/users\/1"}],"replies":[{"embeddable":true,"href":"https:\/\/singep.org.br\/11\/wp-json\/wp\/v2\/comments?post=24"}],"version-history":[{"count":12,"href":"https:\/\/singep.org.br\/11\/wp-json\/wp\/v2\/pages\/24\/revisions"}],"predecessor-version":[{"id":8481,"href":"https:\/\/singep.org.br\/11\/wp-json\/wp\/v2\/pages\/24\/revisions\/8481"}],"wp:attachment":[{"href":"https:\/\/singep.org.br\/11\/wp-json\/wp\/v2\/media?parent=24"}],"curies":[{"name":"wp","href":"https:\/\/api.w.org\/{rel}","templated":true}]}}