{"id":121,"date":"2014-05-26T17:02:44","date_gmt":"2014-05-26T20:02:44","guid":{"rendered":"http:\/\/impermad.com.br\/singep\/?page_id=121"},"modified":"2023-06-07T15:55:28","modified_gmt":"2023-06-07T18:55:28","slug":"inovacao-e-empreendedorismo","status":"publish","type":"page","link":"https:\/\/singep.org.br\/11\/areas\/inovacao-e-empreendedorismo\/","title":{"rendered":"Inova\u00e7\u00e3o e Empreendedorismo"},"content":{"rendered":"\n<p><strong>L\u00edderes: <\/strong><\/p>\n\n\n\n<ul class=\"wp-block-list\">\n<li>Claudia Brito Silva Cirani \u2013 Programa de P\u00f3s-Gradua\u00e7\u00e3o em Administra\u00e7\u00e3o da Universidade Nove de Julho (UNINOVE)<\/li>\n\n\n\n<li>Franklin Ribeiro Doutorando do Programa de P\u00f3s-Gradua\u00e7\u00e3o em Administra\u00e7\u00e3o da Universidade Nove de Julho (UNINOVE)<\/li>\n\n\n\n<li>Vin\u00edcius Rodrigues Silva Pires &#8211; Doutorando do Programa de P\u00f3s-Gradua\u00e7\u00e3o em Administra\u00e7\u00e3o da Universidade Nove de Julho (UNINOVE)<\/li>\n<\/ul>\n\n\n\n<div style=\"height:25px\" aria-hidden=\"true\" class=\"wp-block-spacer\"><\/div>\n\n\n\n<h3 class=\"wp-block-heading\">Temas:<\/h3>\n\n\n\n<ol class=\"wp-block-list\">\n<li>Inova\u00e7\u00e3o em Servi\u00e7os<\/li>\n\n\n\n<li>Inova\u00e7\u00e3o na Administra\u00e7\u00e3o P\u00fablica<\/li>\n\n\n\n<li>Inova\u00e7\u00e3o e Empreendedorismo Digital<\/li>\n\n\n\n<li>Inova\u00e7\u00e3o e Empreendedorismo Sustent\u00e1vel<\/li>\n\n\n\n<li>Aspectos Comportamentais da Inova\u00e7\u00e3o e do Empreendedorismo<\/li>\n\n\n\n<li>Redes, Ecossistemas e Pol\u00edticas de Inova\u00e7\u00e3o e Empreendedorismo<\/li>\n\n\n\n<li>Temas Emergentes em Inova\u00e7\u00e3o e Empreendedorismo<\/li>\n\n\n\n<li>Inova\u00e7\u00e3o, Empreendedorismo, Intelig\u00eancia Artificial (IA) e Objetivos de Desenvolvimento Sustent\u00e1vel (ODS) Transformando os Neg\u00f3cios<\/li>\n<\/ol>\n","protected":false},"excerpt":{"rendered":"<p>L\u00edderes: Temas:<\/p>\n","protected":false},"author":1,"featured_media":0,"parent":30,"menu_order":0,"comment_status":"closed","ping_status":"closed","template":"","meta":{"footnotes":""},"class_list":["post-121","page","type-page","status-publish","hentry"],"_links":{"self":[{"href":"https:\/\/singep.org.br\/11\/wp-json\/wp\/v2\/pages\/121","targetHints":{"allow":["GET"]}}],"collection":[{"href":"https:\/\/singep.org.br\/11\/wp-json\/wp\/v2\/pages"}],"about":[{"href":"https:\/\/singep.org.br\/11\/wp-json\/wp\/v2\/types\/page"}],"author":[{"embeddable":true,"href":"https:\/\/singep.org.br\/11\/wp-json\/wp\/v2\/users\/1"}],"replies":[{"embeddable":true,"href":"https:\/\/singep.org.br\/11\/wp-json\/wp\/v2\/comments?post=121"}],"version-history":[{"count":6,"href":"https:\/\/singep.org.br\/11\/wp-json\/wp\/v2\/pages\/121\/revisions"}],"predecessor-version":[{"id":8109,"href":"https:\/\/singep.org.br\/11\/wp-json\/wp\/v2\/pages\/121\/revisions\/8109"}],"up":[{"embeddable":true,"href":"https:\/\/singep.org.br\/11\/wp-json\/wp\/v2\/pages\/30"}],"wp:attachment":[{"href":"https:\/\/singep.org.br\/11\/wp-json\/wp\/v2\/media?parent=121"}],"curies":[{"name":"wp","href":"https:\/\/api.w.org\/{rel}","templated":true}]}}