{"id":7554,"date":"2022-08-30T15:10:23","date_gmt":"2022-08-30T18:10:23","guid":{"rendered":"https:\/\/singep.org.br\/10\/?page_id=7554"},"modified":"2022-08-30T15:10:24","modified_gmt":"2022-08-30T18:10:24","slug":"guidelines-for-reviewers","status":"publish","type":"page","link":"https:\/\/singep.org.br\/10\/guidelines-for-reviewers\/?lang=en","title":{"rendered":"Guidelines for reviewers"},"content":{"rendered":"\n<p>Here are some suggestions for evaluators to make their opinions:<\/p>\n\n\n\n<p>\u2013 Note that there are three types of work: scientific articles, technical reports, and posters. Consider assessing according to the specific type of work you receive;<\/p>\n\n\n\n<p>\u2013 Bring not only the weak points of the article but also the positive aspects of the work;<\/p>\n\n\n\n<p>\u2013 Try not just to point out problems in the assessment. Offer tips on how the author(s) can improve their work;<\/p>\n\n\n\n<p>\u2013 Its evaluation is qualitative (minimum of 125 words to describe the strengths and opportunities for improvement) and quantitative (assessing with grades from 1 to 5 the objective, method, bibliography used, writing, contribution, and relevance of the work);<\/p>\n\n\n\n<p>\u2013 Try to be constructive in your assessments. Remember that it is an article submitted for a congress and that it can still be adjusted for a later definitive submission in a journal;<\/p>\n\n\n\n<p>\u2013 Keep in mind that your review is essential to the author(s) and that it can help them improve their work;<\/p>\n\n\n\n<p>\u2013 Be clear in your notes about work. Avoid evaluations that may further confuse the author(s);<\/p>\n\n\n\n<p>\u2013 Be kind in your assessment. Treat the author(s) of the article the way you would like to be treated;<\/p>\n\n\n\n<p>\u2013 Any sensitive information about the work that you deem relevant to be directed to the theme leaders and organizing team \u2013 that is not made available to the author(s) \u2013 put it in the &#8220;Comments restricted to coordination&#8221; field. Use this field to clarify your final opinion of the article&#8217;s quality. Avoid indecision in your impressions of the work;<\/p>\n\n\n\n<p>\u2013 If you understand that the article is good and can already be directed for publication in a journal, indicate it to the fast track. Otherwise, do not make this recommendation.<\/p>\n\n\n\n<p>The following sources can help you in reviewing the works:<\/p>\n\n\n\n<p>Brei, V. A., Farias, S. A. D., Matos, C. A. D., &amp; Mazzon, J. A. (2017). Um guia de avalia\u00e7\u00e3o de artigos cient\u00edficos em marketing. Revista de Administra\u00e7\u00e3o de Empresas, 57(4), 391-400.<\/p>\n\n\n\n<p><a href=\"https:\/\/www.scielo.br\/j\/rae\/a\/GTkKgyr7MHcLJ6453xrt4mb\/\">https:\/\/www.scielo.br\/j\/rae\/a\/GTkKgyr7MHcLJ6453xrt4mb\/<\/a><\/p>\n\n\n\n<p>Ferreira, M. (2014). Coment\u00e1rio editorial. Como rever um artigo: O papel do revisor e um roteiro para novos revisores. Revista Ibero Americana de Estrat\u00e9gia, 13(2), 1-9.<\/p>\n\n\n\n<p><a href=\"https:\/\/periodicos.uninove.br\/riae\/article\/view\/15202\/7398\">https:\/\/periodicos.uninove.br\/riae\/article\/view\/15202\/7398<\/a><\/p>\n\n\n\n<p>Ferreira, M. P., Pinto, C. F., &amp; Belfort, A. C. (2016). O que \u00e9 uma boa revis\u00e3o de artigo em administra\u00e7\u00e3o?. Revista Eletr\u00f4nica de Estrat\u00e9gia &amp; Neg\u00f3cios, 9(2), 88-105.<\/p>\n\n\n\n<p><a href=\"https:\/\/iconline.ipleiria.pt\/bitstream\/10400.8\/6036\/1\/2016_REEN_boa%20revisao%20de%20artigo.pdf\">https:\/\/iconline.ipleiria.pt\/bitstream\/10400.8\/6036\/1\/2016_REEN_boa%20revisao%20de%20artigo.pdf<\/a><\/p>\n\n\n\n<p>Serra, F. A. R., &amp; Ferreira, M. P. (2015). Proposta de um Modelo para o Instrumento de Avalia\u00e7\u00e3o pelos Pareceristas. Revista Ibero-Americana de Estrat\u00e9gia, 14(1), 1-6.<\/p>\n\n\n\n<p><a href=\"https:\/\/periodicos.uninove.br\/riae\/article\/view\/15568\/7589\">https:\/\/periodicos.uninove.br\/riae\/article\/view\/15568\/7589<\/a><\/p>\n\n\n\n<p>Shigaki, H. B., &amp; Patrus, R. (2016). Avalia\u00e7\u00e3o de artigos cient\u00edficos em administra\u00e7\u00e3o: Crit\u00e9rios e modelos de avaliadores experientes. Teoria e Pr\u00e1tica em Administra\u00e7\u00e3o (TPA), 6(2), 107-135.<\/p>\n\n\n\n<p><a href=\"https:\/\/periodicos.ufpb.br\/index.php\/tpa\/article\/view\/28445\">https:\/\/periodicos.ufpb.br\/index.php\/tpa\/article\/view\/28445<\/a><\/p>\n\n\n\n<p>V\u00eddeo: Capacita\u00e7\u00e3o de novos avaliadores ADI<\/p>\n\n\n\n<figure class=\"wp-block-embed is-type-video is-provider-youtube wp-block-embed-youtube wp-embed-aspect-16-9 wp-has-aspect-ratio\"><div class=\"wp-block-embed__wrapper\">\n<iframe loading=\"lazy\" title=\"Capacita\u00e7\u00e3o de novos avaliadores ADI\" width=\"600\" height=\"338\" src=\"https:\/\/www.youtube.com\/embed\/vcPnsx3FrlI?feature=oembed\" frameborder=\"0\" allow=\"accelerometer; autoplay; clipboard-write; encrypted-media; gyroscope; picture-in-picture; web-share\" referrerpolicy=\"strict-origin-when-cross-origin\" allowfullscreen><\/iframe>\n<\/div><\/figure>\n","protected":false},"excerpt":{"rendered":"<p>Here are some suggestions for evaluators to make their opinions: \u2013 Note that there are three types of work: scientific articles, technical reports, and posters. Consider assessing according to the specific type of work you receive; \u2013 Bring not only the weak points of the article but also the positive aspects of the work; \u2013 [&hellip;]<\/p>\n","protected":false},"author":1,"featured_media":0,"parent":0,"menu_order":0,"comment_status":"closed","ping_status":"closed","template":"","meta":{"footnotes":""},"class_list":["post-7554","page","type-page","status-publish","hentry"],"_links":{"self":[{"href":"https:\/\/singep.org.br\/10\/wp-json\/wp\/v2\/pages\/7554","targetHints":{"allow":["GET"]}}],"collection":[{"href":"https:\/\/singep.org.br\/10\/wp-json\/wp\/v2\/pages"}],"about":[{"href":"https:\/\/singep.org.br\/10\/wp-json\/wp\/v2\/types\/page"}],"author":[{"embeddable":true,"href":"https:\/\/singep.org.br\/10\/wp-json\/wp\/v2\/users\/1"}],"replies":[{"embeddable":true,"href":"https:\/\/singep.org.br\/10\/wp-json\/wp\/v2\/comments?post=7554"}],"version-history":[{"count":1,"href":"https:\/\/singep.org.br\/10\/wp-json\/wp\/v2\/pages\/7554\/revisions"}],"predecessor-version":[{"id":7555,"href":"https:\/\/singep.org.br\/10\/wp-json\/wp\/v2\/pages\/7554\/revisions\/7555"}],"wp:attachment":[{"href":"https:\/\/singep.org.br\/10\/wp-json\/wp\/v2\/media?parent=7554"}],"curies":[{"name":"wp","href":"https:\/\/api.w.org\/{rel}","templated":true}]}}