{"id":7142,"date":"2022-05-05T17:06:54","date_gmt":"2022-05-05T20:06:54","guid":{"rendered":"https:\/\/singep.org.br\/10\/?page_id=7142"},"modified":"2022-08-30T14:57:08","modified_gmt":"2022-08-30T17:57:08","slug":"marketing","status":"publish","type":"page","link":"https:\/\/singep.org.br\/10\/marketing\/?lang=en","title":{"rendered":"Marketing"},"content":{"rendered":"<div class=\"b_text\">\n<p><strong>Theme leaders:<\/strong><\/p>\n<ul>\n<li>Flavio Santino Bizarrias \u2013 Programa de P\u00f3s-Gradua\u00e7\u00e3o em Gest\u00e3o de Projetos da Universidade Nove de Julho (UNINOVE)<\/li>\n<li>Evandro Luiz Lopes \u2013 Programa de P\u00f3s-Gradua\u00e7\u00e3o em Administra\u00e7\u00e3o da Escola de Propaganda e Marketing (ESPM) e Escola Paulista de Pol\u00edtica, Economia e Neg\u00f3cios da Universidade Federal de S\u00e3o Paulo<\/li>\n<li>Diego Nogueira Rafael \u2013 Doutorando do Programa de P\u00f3s-Gradua\u00e7\u00e3o em Administra\u00e7\u00e3o da Universidade Nove de Julho (UNINOVE).<\/li>\n<\/ul>\n<div class=\"wp-block-spacer\" aria-hidden=\"true\"><\/div>\n<h3>Topics<\/h3>\n<ol type=\"1\">\n<li>Consumer Behavior<\/li>\n<li>Digital Marketing<\/li>\n<li>Management of Trade, Selling and Distribution Centers\/Channels<\/li>\n<li>Branding Management<\/li>\n<li>Marketing Mix Management<\/li>\n<li>Marketing Strategic Management<\/li>\n<li>Services and Loyalty Marketing<\/li>\n<\/ol>\n<\/div>\n","protected":false},"excerpt":{"rendered":"<p>Theme leaders: Flavio Santino Bizarrias \u2013 Programa de P\u00f3s-Gradua\u00e7\u00e3o em Gest\u00e3o de Projetos da Universidade Nove de Julho (UNINOVE) Evandro Luiz Lopes \u2013 Programa de P\u00f3s-Gradua\u00e7\u00e3o em Administra\u00e7\u00e3o da Escola de Propaganda e Marketing (ESPM) e Escola Paulista de Pol\u00edtica, Economia e Neg\u00f3cios da Universidade Federal de S\u00e3o Paulo Diego Nogueira Rafael \u2013 Doutorando do [&hellip;]<\/p>\n","protected":false},"author":1,"featured_media":0,"parent":0,"menu_order":0,"comment_status":"closed","ping_status":"closed","template":"","meta":{"footnotes":""},"class_list":["post-7142","page","type-page","status-publish","hentry"],"_links":{"self":[{"href":"https:\/\/singep.org.br\/10\/wp-json\/wp\/v2\/pages\/7142","targetHints":{"allow":["GET"]}}],"collection":[{"href":"https:\/\/singep.org.br\/10\/wp-json\/wp\/v2\/pages"}],"about":[{"href":"https:\/\/singep.org.br\/10\/wp-json\/wp\/v2\/types\/page"}],"author":[{"embeddable":true,"href":"https:\/\/singep.org.br\/10\/wp-json\/wp\/v2\/users\/1"}],"replies":[{"embeddable":true,"href":"https:\/\/singep.org.br\/10\/wp-json\/wp\/v2\/comments?post=7142"}],"version-history":[{"count":2,"href":"https:\/\/singep.org.br\/10\/wp-json\/wp\/v2\/pages\/7142\/revisions"}],"predecessor-version":[{"id":7543,"href":"https:\/\/singep.org.br\/10\/wp-json\/wp\/v2\/pages\/7142\/revisions\/7543"}],"wp:attachment":[{"href":"https:\/\/singep.org.br\/10\/wp-json\/wp\/v2\/media?parent=7142"}],"curies":[{"name":"wp","href":"https:\/\/api.w.org\/{rel}","templated":true}]}}